{"id":1288,"date":"2023-12-11T10:46:01","date_gmt":"2023-12-11T09:46:01","guid":{"rendered":"http:\/\/localhost:8080\/BIP\/?page_id=1288"},"modified":"2025-12-01T12:11:09","modified_gmt":"2025-12-01T11:11:09","slug":"strona-glowna","status":"publish","type":"page","link":"http:\/\/www.pinbpolice.pl\/BIP\/","title":{"rendered":"STRONA G\u0141\u00d3WNA"},"content":{"rendered":"\t\t<div data-elementor-type=\"wp-page\" data-elementor-id=\"1288\" class=\"elementor elementor-1288\">\n\t\t\t\t<div class=\"elementor-element elementor-element-e8b134a e-flex e-con-boxed e-con e-parent\" data-id=\"e8b134a\" data-element_type=\"container\" data-e-type=\"container\">\n\t\t\t\t\t<div class=\"e-con-inner\">\n\t\t\t\t<div class=\"elementor-element elementor-element-336ea5f elementor-widget elementor-widget-image\" data-id=\"336ea5f\" data-element_type=\"widget\" data-e-type=\"widget\" data-widget_type=\"image.default\">\n\t\t\t\t<div class=\"elementor-widget-container\">\n\t\t\t\t\t\t\t\t\t\t\t\t\t\t\t<img fetchpriority=\"high\" decoding=\"async\" width=\"1536\" height=\"308\" src=\"http:\/\/www.pinbpolice.pl\/BIP\/wp-content\/uploads\/2023\/12\/cropped-baner-BIP-Police-1536x308.png\" class=\"attachment-1536x1536 size-1536x1536 wp-image-1152\" alt=\"\" srcset=\"http:\/\/www.pinbpolice.pl\/BIP\/wp-content\/uploads\/2023\/12\/cropped-baner-BIP-Police-1536x308.png 1536w, http:\/\/www.pinbpolice.pl\/BIP\/wp-content\/uploads\/2023\/12\/cropped-baner-BIP-Police-700x141.png 700w, http:\/\/www.pinbpolice.pl\/BIP\/wp-content\/uploads\/2023\/12\/cropped-baner-BIP-Police-300x60.png 300w, http:\/\/www.pinbpolice.pl\/BIP\/wp-content\/uploads\/2023\/12\/cropped-baner-BIP-Police-1024x206.png 1024w, http:\/\/www.pinbpolice.pl\/BIP\/wp-content\/uploads\/2023\/12\/cropped-baner-BIP-Police-768x154.png 768w, http:\/\/www.pinbpolice.pl\/BIP\/wp-content\/uploads\/2023\/12\/cropped-baner-BIP-Police-2048x411.png 2048w\" sizes=\"(max-width: 1536px) 100vw, 1536px\" \/>\t\t\t\t\t\t\t\t\t\t\t\t\t\t\t<\/div>\n\t\t\t\t<\/div>\n\t\t\t\t\t<\/div>\n\t\t\t\t<\/div>\n\t\t<div class=\"elementor-element elementor-element-3c546d8 e-flex e-con-boxed e-con e-parent\" data-id=\"3c546d8\" data-element_type=\"container\" data-e-type=\"container\">\n\t\t\t\t\t<div class=\"e-con-inner\">\n\t\t\t\t<div class=\"elementor-element elementor-element-f941234 elementor-widget elementor-widget-spacer\" data-id=\"f941234\" data-element_type=\"widget\" data-e-type=\"widget\" data-widget_type=\"spacer.default\">\n\t\t\t\t<div class=\"elementor-widget-container\">\n\t\t\t\t\t\t\t<div class=\"elementor-spacer\">\n\t\t\t<div class=\"elementor-spacer-inner\"><\/div>\n\t\t<\/div>\n\t\t\t\t\t\t<\/div>\n\t\t\t\t<\/div>\n\t\t\t\t\t<\/div>\n\t\t\t\t<\/div>\n\t\t\t\t<section class=\"elementor-section elementor-top-section elementor-element elementor-element-866b2f4 elementor-hidden-tablet elementor-hidden-phone elementor-section-boxed elementor-section-height-default elementor-section-height-default\" data-id=\"866b2f4\" data-element_type=\"section\" data-e-type=\"section\">\n\t\t\t\t\t\t<div class=\"elementor-container elementor-column-gap-default\">\n\t\t\t\t\t<div class=\"elementor-column elementor-col-100 elementor-top-column elementor-element elementor-element-23b7f4c\" data-id=\"23b7f4c\" data-element_type=\"column\" data-e-type=\"column\">\n\t\t\t<div class=\"elementor-widget-wrap elementor-element-populated\">\n\t\t\t\t\t\t<div class=\"elementor-element elementor-element-b14dfe0 elementor-widget-divider--view-line elementor-widget elementor-widget-divider\" data-id=\"b14dfe0\" data-element_type=\"widget\" data-e-type=\"widget\" data-widget_type=\"divider.default\">\n\t\t\t\t<div class=\"elementor-widget-container\">\n\t\t\t\t\t\t\t<div class=\"elementor-divider\">\n\t\t\t<span class=\"elementor-divider-separator\">\n\t\t\t\t\t\t<\/span>\n\t\t<\/div>\n\t\t\t\t\t\t<\/div>\n\t\t\t\t<\/div>\n\t\t\t\t\t<\/div>\n\t\t<\/div>\n\t\t\t\t\t<\/div>\n\t\t<\/section>\n\t\t<div class=\"elementor-element elementor-element-71315a5 elementor-hidden-tablet elementor-hidden-phone e-flex e-con-boxed e-con e-parent\" data-id=\"71315a5\" data-element_type=\"container\" data-e-type=\"container\">\n\t\t\t\t\t<div class=\"e-con-inner\">\n\t\t<div class=\"elementor-element elementor-element-a0ed13d e-con-full e-flex e-con e-child\" data-id=\"a0ed13d\" data-element_type=\"container\" data-e-type=\"container\">\n\t\t\t\t<div class=\"elementor-element elementor-element-8c1208b elementor-widget-divider--view-line elementor-widget elementor-widget-divider\" data-id=\"8c1208b\" data-element_type=\"widget\" data-e-type=\"widget\" data-widget_type=\"divider.default\">\n\t\t\t\t<div class=\"elementor-widget-container\">\n\t\t\t\t\t\t\t<div class=\"elementor-divider\">\n\t\t\t<span class=\"elementor-divider-separator\">\n\t\t\t\t\t\t<\/span>\n\t\t<\/div>\n\t\t\t\t\t\t<\/div>\n\t\t\t\t<\/div>\n\t\t\t\t<\/div>\n\t\t\t\t\t<\/div>\n\t\t\t\t<\/div>\n\t\t<div class=\"elementor-element elementor-element-6c87a04 e-flex e-con-boxed e-con e-parent\" data-id=\"6c87a04\" data-element_type=\"container\" data-e-type=\"container\">\n\t\t\t\t\t<div class=\"e-con-inner\">\n\t\t<div class=\"elementor-element elementor-element-d56674c e-con-full e-flex e-con e-child\" data-id=\"d56674c\" data-element_type=\"container\" data-e-type=\"container\" data-settings=\"{&quot;background_background&quot;:&quot;gradient&quot;}\">\n\t\t\t\t<div class=\"elementor-element elementor-element-d3e7931 elementor-widget__width-inherit elementor-widget elementor-widget-heading\" data-id=\"d3e7931\" data-element_type=\"widget\" data-e-type=\"widget\" data-widget_type=\"heading.default\">\n\t\t\t\t<div class=\"elementor-widget-container\">\n\t\t\t\t\t<p class=\"elementor-heading-title elementor-size-medium\">DANE PODSTAWOWE<\/p>\t\t\t\t<\/div>\n\t\t\t\t<\/div>\n\t\t\t\t<div class=\"elementor-element elementor-element-fbbc2ce elementor-widget elementor-widget-text-editor\" data-id=\"fbbc2ce\" data-element_type=\"widget\" data-e-type=\"widget\" data-widget_type=\"text-editor.default\">\n\t\t\t\t<div class=\"elementor-widget-container\">\n\t\t\t\t\t\t\t\t\t<ul><li><a href=\"http:\/\/www.pinbpolice.pl\/BIP\/dane-teleadresowe\/\" data-wplink-url-error=\"true\">Dane teleadresowe<\/a><\/li><li><a href=\"http:\/\/www.pinbpolice.pl\/BIP\/raport-dostepnosci\/\" data-wplink-url-error=\"true\">Raport dost\u0119pno\u015bci<\/a><\/li><li><a href=\"http:\/\/www.pinbpolice.pl\/BIP\/informacje-o-podmiocie\/\" data-wplink-url-error=\"true\">Informacje o podmiocie<\/a><\/li><\/ul>\t\t\t\t\t\t\t\t<\/div>\n\t\t\t\t<\/div>\n\t\t\t\t<div class=\"elementor-element elementor-element-86267e2 elementor-widget__width-inherit elementor-widget elementor-widget-heading\" data-id=\"86267e2\" data-element_type=\"widget\" data-e-type=\"widget\" data-widget_type=\"heading.default\">\n\t\t\t\t<div class=\"elementor-widget-container\">\n\t\t\t\t\t<p class=\"elementor-heading-title elementor-size-medium\">AKTUALNO\u015aCI<\/p>\t\t\t\t<\/div>\n\t\t\t\t<\/div>\n\t\t\t\t<div class=\"elementor-element elementor-element-46b8f27 elementor-widget elementor-widget-text-editor\" data-id=\"46b8f27\" data-element_type=\"widget\" data-e-type=\"widget\" data-widget_type=\"text-editor.default\">\n\t\t\t\t<div class=\"elementor-widget-container\">\n\t\t\t\t\t\t\t\t\t<ul><li><a href=\"http:\/\/www.pinbpolice.pl\/BIP\/zagrozenie-zwiazane-z-opadami-sniegu-2\/\" data-wplink-url-error=\"true\">Zagro\u017cenie zwi\u0105zane z opadami \u015bniegu<\/a><\/li><li><a href=\"http:\/\/www.pinbpolice.pl\/BIP\/e-budownictwo-aplikacja-dla-inwestorow\/\" data-wplink-url-error=\"true\">E-budownictwo aplikacja dla inwestor\u00f3w<\/a><\/li><li><a href=\"http:\/\/www.pinbpolice.pl\/BIP\/pinb-w-policach-w-czasie-pandemii-covid-19\/\" data-wplink-url-error=\"true\">PINB w Policach w czasie pandemii Covid-19<\/a><\/li><li><a href=\"http:\/\/www.pinbpolice.pl\/BIP\/komunikaty-ginb\/\" data-wplink-url-error=\"true\">Komunikaty GINB<\/a><\/li><li><a href=\"http:\/\/www.pinbpolice.pl\/BIP\/obwieszczenie\/\" data-wplink-url-error=\"true\">OBWIESZCZENIA<\/a><\/li><li><a href=\"http:\/\/www.pinbpolice.pl\/BIP\/obwieszczenia-dla-postepowan-z-udzialem-wiecej-niz-20-stron\/\" data-wplink-url-error=\"true\">OBWIESZCZENIA dla post\u0119powa\u0144 z udzia\u0142em wi\u0119cej ni\u017c 20 stron<\/a><\/li><\/ul>\t\t\t\t\t\t\t\t<\/div>\n\t\t\t\t<\/div>\n\t\t\t\t<div class=\"elementor-element elementor-element-86adf82 elementor-widget__width-inherit elementor-widget elementor-widget-heading\" data-id=\"86adf82\" data-element_type=\"widget\" data-e-type=\"widget\" data-widget_type=\"heading.default\">\n\t\t\t\t<div class=\"elementor-widget-container\">\n\t\t\t\t\t<p class=\"elementor-heading-title elementor-size-medium\">OG\u0141OSZENIE O PRAC\u0118<\/p>\t\t\t\t<\/div>\n\t\t\t\t<\/div>\n\t\t\t\t<div class=\"elementor-element elementor-element-ea14c97 elementor-widget elementor-widget-text-editor\" data-id=\"ea14c97\" data-element_type=\"widget\" data-e-type=\"widget\" data-widget_type=\"text-editor.default\">\n\t\t\t\t<div class=\"elementor-widget-container\">\n\t\t\t\t\t\t\t\t\t<ul><li><a href=\"http:\/\/www.pinbpolice.pl\/BIP\/ogloszenia-o-prace\/\" data-wplink-url-error=\"true\">Og\u0142oszenia o prac\u0119<\/a><\/li><\/ul>\t\t\t\t\t\t\t\t<\/div>\n\t\t\t\t<\/div>\n\t\t\t\t<div class=\"elementor-element elementor-element-f36087a elementor-widget__width-inherit elementor-widget elementor-widget-heading\" data-id=\"f36087a\" data-element_type=\"widget\" data-e-type=\"widget\" data-widget_type=\"heading.default\">\n\t\t\t\t<div class=\"elementor-widget-container\">\n\t\t\t\t\t<p class=\"elementor-heading-title elementor-size-medium\">PRZEPISY<\/p>\t\t\t\t<\/div>\n\t\t\t\t<\/div>\n\t\t\t\t<div class=\"elementor-element elementor-element-55c440a elementor-widget elementor-widget-text-editor\" data-id=\"55c440a\" data-element_type=\"widget\" data-e-type=\"widget\" data-widget_type=\"text-editor.default\">\n\t\t\t\t<div class=\"elementor-widget-container\">\n\t\t\t\t\t\t\t\t\t<ul><li><a href=\"http:\/\/www.pinbpolice.pl\/BIP\/prawo-budowlane\/\" data-wplink-url-error=\"true\">Prawo budowlane<\/a><\/li><li><a href=\"http:\/\/www.pinbpolice.pl\/BIP\/kontrole-stanu-technicznego-obiektow\/\" data-wplink-url-error=\"true\">Kontrole stanu technicznego obiekt\u00f3w<\/a><\/li><li><a href=\"http:\/\/www.pinbpolice.pl\/BIP\/procedury-procesu-budowlanego\/\" data-wplink-url-error=\"true\">Procedury procesu budowlanego<\/a><\/li><\/ul>\t\t\t\t\t\t\t\t<\/div>\n\t\t\t\t<\/div>\n\t\t\t\t<div class=\"elementor-element elementor-element-7fe4535 elementor-widget__width-inherit elementor-widget elementor-widget-heading\" data-id=\"7fe4535\" data-element_type=\"widget\" data-e-type=\"widget\" data-widget_type=\"heading.default\">\n\t\t\t\t<div class=\"elementor-widget-container\">\n\t\t\t\t\t<p class=\"elementor-heading-title elementor-size-medium\">DRUKI<\/p>\t\t\t\t<\/div>\n\t\t\t\t<\/div>\n\t\t\t\t<div class=\"elementor-element elementor-element-b732ef0 elementor-widget elementor-widget-text-editor\" data-id=\"b732ef0\" data-element_type=\"widget\" data-e-type=\"widget\" data-widget_type=\"text-editor.default\">\n\t\t\t\t<div class=\"elementor-widget-container\">\n\t\t\t\t\t\t\t\t\t<ul><li><a href=\"http:\/\/www.pinbpolice.pl\/BIP\/?page_id=1957\" data-wplink-url-error=\"true\">Druki do pobrania<\/a><\/li><\/ul>\t\t\t\t\t\t\t\t<\/div>\n\t\t\t\t<\/div>\n\t\t\t\t<div class=\"elementor-element elementor-element-d03121a elementor-widget__width-inherit elementor-widget elementor-widget-heading\" data-id=\"d03121a\" data-element_type=\"widget\" data-e-type=\"widget\" data-widget_type=\"heading.default\">\n\t\t\t\t<div class=\"elementor-widget-container\">\n\t\t\t\t\t<p class=\"elementor-heading-title elementor-size-medium\">PINB w Policach<\/p>\t\t\t\t<\/div>\n\t\t\t\t<\/div>\n\t\t\t\t<div class=\"elementor-element elementor-element-9da6109 elementor-widget elementor-widget-text-editor\" data-id=\"9da6109\" data-element_type=\"widget\" data-e-type=\"widget\" data-widget_type=\"text-editor.default\">\n\t\t\t\t<div class=\"elementor-widget-container\">\n\t\t\t\t\t\t\t\t\t<ul><li><a href=\"http:\/\/www.pinbpolice.pl\/BIP\/?page_id=1974\" data-wplink-url-error=\"true\">Pracownicy<\/a><\/li><li><a href=\"http:\/\/www.pinbpolice.pl\/BIP\/?page_id=1988\" data-wplink-url-error=\"true\">Forma prawna<\/a><\/li><li><a href=\"http:\/\/www.pinbpolice.pl\/BIP\/przedmiot-dzialalnosci\/\" data-wplink-url-error=\"true\">Przedmiot dzia\u0142alno\u015bci<\/a><\/li><li><a href=\"http:\/\/www.pinbpolice.pl\/BIP\/ochrona-danych-osobowych\/\" data-wplink-url-error=\"true\">Ochrona danych osobowych<\/a><\/li><li><a href=\"http:\/\/www.pinbpolice.pl\/BIP\/skargi-i-wnioski\/\">Skargi i wnioski<\/a><\/li><li><a href=\"http:\/\/www.pinbpolice.pl\/BIP\/majatek\/\">Maj\u0105tek<\/a><\/li><li><a href=\"http:\/\/www.pinbpolice.pl\/BIP\/majatek-ruchomy-zbedny-lub-zuzyty\/\">Maj\u0105tek ruchomy zb\u0119dny lub zu\u017cyty<\/a><\/li><li><a href=\"http:\/\/www.pinbpolice.pl\/BIP\/regulamin\/\">Regulamin<\/a><\/li><\/ul>\t\t\t\t\t\t\t\t<\/div>\n\t\t\t\t<\/div>\n\t\t\t\t<div class=\"elementor-element elementor-element-7476a31 elementor-widget__width-inherit elementor-widget elementor-widget-heading\" data-id=\"7476a31\" data-element_type=\"widget\" data-e-type=\"widget\" data-widget_type=\"heading.default\">\n\t\t\t\t<div class=\"elementor-widget-container\">\n\t\t\t\t\t<p class=\"elementor-heading-title elementor-size-medium\">INFORMACJA O BIP<\/p>\t\t\t\t<\/div>\n\t\t\t\t<\/div>\n\t\t\t\t<div class=\"elementor-element elementor-element-e1b3206 elementor-widget elementor-widget-text-editor\" data-id=\"e1b3206\" data-element_type=\"widget\" data-e-type=\"widget\" data-widget_type=\"text-editor.default\">\n\t\t\t\t<div class=\"elementor-widget-container\">\n\t\t\t\t\t\t\t\t\t<ul><li><a href=\"http:\/\/www.pinbpolice.pl\/BIP\/redakcja-strony\/\">Redakcja strony<\/a><\/li><\/ul>\t\t\t\t\t\t\t\t<\/div>\n\t\t\t\t<\/div>\n\t\t\t\t<\/div>\n\t\t<div class=\"elementor-element elementor-element-4d4429a e-con-full e-flex e-con e-child\" data-id=\"4d4429a\" data-element_type=\"container\" data-e-type=\"container\">\n\t\t\t\t<div class=\"elementor-element elementor-element-0d8e833 elementor-widget elementor-widget-text-editor\" data-id=\"0d8e833\" data-element_type=\"widget\" data-e-type=\"widget\" data-widget_type=\"text-editor.default\">\n\t\t\t\t<div class=\"elementor-widget-container\">\n\t\t\t\t\t\t\t\t\t<p style=\"text-align: center;\"><strong>Powiatowy Inspektor Nadzoru Budowlanego w Policach<br \/><\/strong>ul.\u00a0Tanowska\u00a08,\u00a0 72-010 Police<\/p>\t\t\t\t\t\t\t\t<\/div>\n\t\t\t\t<\/div>\n\t\t\t\t<div class=\"elementor-element elementor-element-d9aaec6 elementor-widget elementor-widget-text-editor\" data-id=\"d9aaec6\" data-element_type=\"widget\" data-e-type=\"widget\" data-widget_type=\"text-editor.default\">\n\t\t\t\t<div class=\"elementor-widget-container\">\n\t\t\t\t\t\t\t\t\t<p style=\"text-align: left;\"><strong>\u00a0<\/strong><strong><u>UWAGA:<\/u>\u00a0<\/strong><strong>PINB W POLICACH MA NOW\u0104 STRON\u0118 INTERNETOW\u0104:<\/strong><\/p>\t\t\t\t\t\t\t\t<\/div>\n\t\t\t\t<\/div>\n\t\t\t\t<div class=\"elementor-element elementor-element-50c68ad elementor-widget elementor-widget-heading\" data-id=\"50c68ad\" data-element_type=\"widget\" data-e-type=\"widget\" data-widget_type=\"heading.default\">\n\t\t\t\t<div class=\"elementor-widget-container\">\n\t\t\t\t\t<p class=\"elementor-heading-title elementor-size-default\"><a href=\"http:\/\/www.pinbpolice.pl\/\">http:\/\/www.pinbpolice.pl<\/a><\/p>\t\t\t\t<\/div>\n\t\t\t\t<\/div>\n\t\t\t\t<div class=\"elementor-element elementor-element-40a61c7 elementor-widget elementor-widget-text-editor\" data-id=\"40a61c7\" data-element_type=\"widget\" data-e-type=\"widget\" data-widget_type=\"text-editor.default\">\n\t\t\t\t<div class=\"elementor-widget-container\">\n\t\t\t\t\t\t\t\t\t<p><strong><u>przyjmowanie interesant\u00f3w w siedzibie PINB w Policach:<\/u><\/strong><\/p><p>poniedzia\u0142ek:\u00a0<strong>7.30-16.00<br \/><\/strong><br \/>wtorek-pi\u0105tek:\u00a0<strong>7.30-10.00<\/strong><\/p><p><strong><u>godziny pracy inspektoratu:<\/u><\/strong><\/p><p>poniedzia\u0142ek:\u00a0<strong>7.30-16.00<\/strong><\/p><p>wtorek-czwartek:\u00a0<strong>7.30-15.30<\/strong><\/p><p>pi\u0105tek:\u00a0<strong>7.30-15.00<\/strong><\/p><p><strong>Powiatowy Inspektor Nadzoru Budowlanego w Policach przyjmuje w godzinach przyj\u0119\u0107 interesant\u00f3w.<\/strong><\/p><p><strong><u>strona internetowa:<\/u>\u00a0<a href=\"http:\/\/www.pinbpolice.pl\/\" target=\"_blank\" rel=\"noopener\">http:\/\/www.pinbpolice.pl<\/a><\/strong><\/p><p><strong><u>e-mail:<\/u>\u00a0<a href=\"mailto:pinb@pinbpolice.pl\">pinb@pinbpolice.pl<\/a><\/strong><\/p>\t\t\t\t\t\t\t\t<\/div>\n\t\t\t\t<\/div>\n\t\t\t\t<\/div>\n\t\t\t\t\t<\/div>\n\t\t\t\t<\/div>\n\t\t<div class=\"elementor-element elementor-element-4004748 e-flex e-con-boxed e-con e-parent\" data-id=\"4004748\" data-element_type=\"container\" data-e-type=\"container\">\n\t\t\t\t\t<div class=\"e-con-inner\">\n\t\t\t\t\t<\/div>\n\t\t\t\t<\/div>\n\t\t\t\t<section class=\"elementor-section elementor-top-section elementor-element elementor-element-2909dd5 elementor-hidden-tablet elementor-hidden-phone elementor-section-boxed elementor-section-height-default elementor-section-height-default\" data-id=\"2909dd5\" data-element_type=\"section\" data-e-type=\"section\">\n\t\t\t\t\t\t<div class=\"elementor-container elementor-column-gap-default\">\n\t\t\t\t\t<div class=\"elementor-column elementor-col-100 elementor-top-column elementor-element elementor-element-ef5af32\" data-id=\"ef5af32\" data-element_type=\"column\" data-e-type=\"column\">\n\t\t\t<div class=\"elementor-widget-wrap elementor-element-populated\">\n\t\t\t\t\t\t<div class=\"elementor-element elementor-element-7ae0cd3 elementor-widget-divider--view-line elementor-widget elementor-widget-divider\" data-id=\"7ae0cd3\" data-element_type=\"widget\" data-e-type=\"widget\" data-widget_type=\"divider.default\">\n\t\t\t\t<div class=\"elementor-widget-container\">\n\t\t\t\t\t\t\t<div class=\"elementor-divider\">\n\t\t\t<span class=\"elementor-divider-separator\">\n\t\t\t\t\t\t<\/span>\n\t\t<\/div>\n\t\t\t\t\t\t<\/div>\n\t\t\t\t<\/div>\n\t\t\t\t\t<\/div>\n\t\t<\/div>\n\t\t\t\t\t<\/div>\n\t\t<\/section>\n\t\t<div class=\"elementor-element elementor-element-c342b1f elementor-hidden-tablet elementor-hidden-phone e-flex e-con-boxed e-con e-parent\" data-id=\"c342b1f\" data-element_type=\"container\" data-e-type=\"container\">\n\t\t\t\t\t<div class=\"e-con-inner\">\n\t\t<div class=\"elementor-element elementor-element-504ff3a e-con-full e-flex e-con e-child\" data-id=\"504ff3a\" data-element_type=\"container\" data-e-type=\"container\">\n\t\t\t\t<div class=\"elementor-element elementor-element-08cd5b3 elementor-widget-divider--view-line elementor-widget elementor-widget-divider\" data-id=\"08cd5b3\" data-element_type=\"widget\" data-e-type=\"widget\" data-widget_type=\"divider.default\">\n\t\t\t\t<div class=\"elementor-widget-container\">\n\t\t\t\t\t\t\t<div class=\"elementor-divider\">\n\t\t\t<span class=\"elementor-divider-separator\">\n\t\t\t\t\t\t<\/span>\n\t\t<\/div>\n\t\t\t\t\t\t<\/div>\n\t\t\t\t<\/div>\n\t\t\t\t<\/div>\n\t\t\t\t\t<\/div>\n\t\t\t\t<\/div>\n\t\t\t\t<section class=\"elementor-section elementor-top-section elementor-element elementor-element-caab393 elementor-section-boxed elementor-section-height-default elementor-section-height-default\" data-id=\"caab393\" data-element_type=\"section\" data-e-type=\"section\">\n\t\t\t\t\t\t<div class=\"elementor-container elementor-column-gap-default\">\n\t\t\t\t\t<div class=\"elementor-column elementor-col-100 elementor-top-column elementor-element elementor-element-2675c98\" data-id=\"2675c98\" data-element_type=\"column\" data-e-type=\"column\">\n\t\t\t<div class=\"elementor-widget-wrap elementor-element-populated\">\n\t\t\t\t\t\t<div class=\"elementor-element elementor-element-f7c3743 elementor-widget-divider--view-line elementor-widget elementor-widget-divider\" data-id=\"f7c3743\" data-element_type=\"widget\" data-e-type=\"widget\" data-widget_type=\"divider.default\">\n\t\t\t\t<div class=\"elementor-widget-container\">\n\t\t\t\t\t\t\t<div class=\"elementor-divider\">\n\t\t\t<span class=\"elementor-divider-separator\">\n\t\t\t\t\t\t<\/span>\n\t\t<\/div>\n\t\t\t\t\t\t<\/div>\n\t\t\t\t<\/div>\n\t\t\t\t\t<\/div>\n\t\t<\/div>\n\t\t\t\t\t<\/div>\n\t\t<\/section>\n\t\t<div class=\"elementor-element elementor-element-02a03cb e-flex e-con-boxed e-con e-parent\" data-id=\"02a03cb\" data-element_type=\"container\" data-e-type=\"container\">\n\t\t\t\t\t<div class=\"e-con-inner\">\n\t\t<div class=\"elementor-element elementor-element-68dd60c e-con-full e-flex e-con e-child\" data-id=\"68dd60c\" data-element_type=\"container\" data-e-type=\"container\">\n\t\t\t\t<div class=\"elementor-element elementor-element-7325aa3 elementor-widget-divider--view-line elementor-widget elementor-widget-divider\" data-id=\"7325aa3\" data-element_type=\"widget\" data-e-type=\"widget\" data-widget_type=\"divider.default\">\n\t\t\t\t<div class=\"elementor-widget-container\">\n\t\t\t\t\t\t\t<div class=\"elementor-divider\">\n\t\t\t<span class=\"elementor-divider-separator\">\n\t\t\t\t\t\t<\/span>\n\t\t<\/div>\n\t\t\t\t\t\t<\/div>\n\t\t\t\t<\/div>\n\t\t\t\t<\/div>\n\t\t\t\t\t<\/div>\n\t\t\t\t<\/div>\n\t\t\t\t<\/div>\n\t\t","protected":false},"excerpt":{"rendered":"<p>DANE PODSTAWOWE Dane teleadresowe Raport dost\u0119pno\u015bci Informacje o podmiocie AKTUALNO\u015aCI Zagro\u017cenie zwi\u0105zane z opadami \u015bniegu E-budownictwo aplikacja dla inwestor\u00f3w PINB w Policach w czasie pandemii Covid-19 Komunikaty GINB OBWIESZCZENIA OBWIESZCZENIA dla post\u0119powa\u0144 z udzia\u0142em wi\u0119cej ni\u017c 20 stron OG\u0141OSZENIE O PRAC\u0118 Og\u0142oszenia o prac\u0119 PRZEPISY Prawo budowlane Kontrole stanu technicznego obiekt\u00f3w Procedury procesu budowlanego DRUKI&#8230;<\/p>\n","protected":false},"author":1,"featured_media":1151,"parent":0,"menu_order":0,"comment_status":"closed","ping_status":"closed","template":"","meta":{"_kadence_starter_templates_imported_post":true,"_kad_post_transparent":"","_kad_post_title":"hide","_kad_post_layout":"fullwidth","_kad_post_sidebar_id":"","_kad_post_content_style":"unboxed","_kad_post_vertical_padding":"hide","_kad_post_feature":"hide","_kad_post_feature_position":"","_kad_post_header":false,"_kad_post_footer":false,"_kad_post_classname":"","footnotes":""},"class_list":["post-1288","page","type-page","status-publish","has-post-thumbnail","hentry"],"_links":{"self":[{"href":"http:\/\/www.pinbpolice.pl\/BIP\/wp-json\/wp\/v2\/pages\/1288","targetHints":{"allow":["GET"]}}],"collection":[{"href":"http:\/\/www.pinbpolice.pl\/BIP\/wp-json\/wp\/v2\/pages"}],"about":[{"href":"http:\/\/www.pinbpolice.pl\/BIP\/wp-json\/wp\/v2\/types\/page"}],"author":[{"embeddable":true,"href":"http:\/\/www.pinbpolice.pl\/BIP\/wp-json\/wp\/v2\/users\/1"}],"replies":[{"embeddable":true,"href":"http:\/\/www.pinbpolice.pl\/BIP\/wp-json\/wp\/v2\/comments?post=1288"}],"version-history":[{"count":54,"href":"http:\/\/www.pinbpolice.pl\/BIP\/wp-json\/wp\/v2\/pages\/1288\/revisions"}],"predecessor-version":[{"id":3367,"href":"http:\/\/www.pinbpolice.pl\/BIP\/wp-json\/wp\/v2\/pages\/1288\/revisions\/3367"}],"wp:featuredmedia":[{"embeddable":true,"href":"http:\/\/www.pinbpolice.pl\/BIP\/wp-json\/wp\/v2\/media\/1151"}],"wp:attachment":[{"href":"http:\/\/www.pinbpolice.pl\/BIP\/wp-json\/wp\/v2\/media?parent=1288"}],"curies":[{"name":"wp","href":"https:\/\/api.w.org\/{rel}","templated":true}]}}