{"id":1294,"date":"2023-12-11T10:47:01","date_gmt":"2023-12-11T09:47:01","guid":{"rendered":"http:\/\/localhost:8080\/BIP\/?page_id=1294"},"modified":"2023-12-12T10:39:09","modified_gmt":"2023-12-12T09:39:09","slug":"raport-dostepnosci","status":"publish","type":"page","link":"http:\/\/www.pinbpolice.pl\/BIP\/raport-dostepnosci\/","title":{"rendered":"Raport Dost\u0119pno\u015bci"},"content":{"rendered":"\t\t<div data-elementor-type=\"wp-page\" data-elementor-id=\"1294\" class=\"elementor elementor-1294\">\n\t\t\t\t<div class=\"elementor-element elementor-element-e8b134a e-flex e-con-boxed e-con e-parent\" data-id=\"e8b134a\" data-element_type=\"container\" data-e-type=\"container\">\n\t\t\t\t\t<div class=\"e-con-inner\">\n\t\t\t\t<div class=\"elementor-element elementor-element-336ea5f elementor-widget elementor-widget-image\" data-id=\"336ea5f\" data-element_type=\"widget\" data-e-type=\"widget\" data-widget_type=\"image.default\">\n\t\t\t\t<div class=\"elementor-widget-container\">\n\t\t\t\t\t\t\t\t\t\t\t\t\t\t\t<img fetchpriority=\"high\" decoding=\"async\" width=\"1536\" height=\"308\" src=\"http:\/\/www.pinbpolice.pl\/BIP\/wp-content\/uploads\/2023\/12\/cropped-baner-BIP-Police-1536x308.png\" class=\"attachment-1536x1536 size-1536x1536 wp-image-1152\" alt=\"\" srcset=\"http:\/\/www.pinbpolice.pl\/BIP\/wp-content\/uploads\/2023\/12\/cropped-baner-BIP-Police-1536x308.png 1536w, http:\/\/www.pinbpolice.pl\/BIP\/wp-content\/uploads\/2023\/12\/cropped-baner-BIP-Police-700x141.png 700w, http:\/\/www.pinbpolice.pl\/BIP\/wp-content\/uploads\/2023\/12\/cropped-baner-BIP-Police-300x60.png 300w, http:\/\/www.pinbpolice.pl\/BIP\/wp-content\/uploads\/2023\/12\/cropped-baner-BIP-Police-1024x206.png 1024w, http:\/\/www.pinbpolice.pl\/BIP\/wp-content\/uploads\/2023\/12\/cropped-baner-BIP-Police-768x154.png 768w, http:\/\/www.pinbpolice.pl\/BIP\/wp-content\/uploads\/2023\/12\/cropped-baner-BIP-Police-2048x411.png 2048w\" sizes=\"(max-width: 1536px) 100vw, 1536px\" \/>\t\t\t\t\t\t\t\t\t\t\t\t\t\t\t<\/div>\n\t\t\t\t<\/div>\n\t\t\t\t\t<\/div>\n\t\t\t\t<\/div>\n\t\t\t\t<section class=\"elementor-section elementor-top-section elementor-element elementor-element-866b2f4 elementor-hidden-tablet elementor-hidden-phone elementor-section-boxed elementor-section-height-default elementor-section-height-default\" data-id=\"866b2f4\" data-element_type=\"section\" data-e-type=\"section\">\n\t\t\t\t\t\t<div class=\"elementor-container elementor-column-gap-default\">\n\t\t\t\t\t<div class=\"elementor-column elementor-col-100 elementor-top-column elementor-element elementor-element-23b7f4c\" data-id=\"23b7f4c\" data-element_type=\"column\" data-e-type=\"column\">\n\t\t\t<div class=\"elementor-widget-wrap elementor-element-populated\">\n\t\t\t\t\t\t<div class=\"elementor-element elementor-element-b14dfe0 elementor-widget-divider--view-line elementor-widget elementor-widget-divider\" data-id=\"b14dfe0\" data-element_type=\"widget\" data-e-type=\"widget\" data-widget_type=\"divider.default\">\n\t\t\t\t<div class=\"elementor-widget-container\">\n\t\t\t\t\t\t\t<div class=\"elementor-divider\">\n\t\t\t<span class=\"elementor-divider-separator\">\n\t\t\t\t\t\t<\/span>\n\t\t<\/div>\n\t\t\t\t\t\t<\/div>\n\t\t\t\t<\/div>\n\t\t\t\t\t<\/div>\n\t\t<\/div>\n\t\t\t\t\t<\/div>\n\t\t<\/section>\n\t\t<div class=\"elementor-element elementor-element-7cec0e1 e-flex e-con-boxed e-con e-parent\" data-id=\"7cec0e1\" data-element_type=\"container\" data-e-type=\"container\">\n\t\t\t\t\t<div class=\"e-con-inner\">\n\t\t\t\t\t<\/div>\n\t\t\t\t<\/div>\n\t\t<div class=\"elementor-element elementor-element-99c4f7d e-flex e-con-boxed e-con e-parent\" data-id=\"99c4f7d\" data-element_type=\"container\" data-e-type=\"container\">\n\t\t\t\t\t<div class=\"e-con-inner\">\n\t\t\t\t<div class=\"elementor-element elementor-element-2f614c0 elementor-widget elementor-widget-heading\" data-id=\"2f614c0\" data-element_type=\"widget\" data-e-type=\"widget\" data-widget_type=\"heading.default\">\n\t\t\t\t<div class=\"elementor-widget-container\">\n\t\t\t\t\t<p class=\"elementor-heading-title elementor-size-default\">Raport dost\u0119pno\u015bci<\/p>\t\t\t\t<\/div>\n\t\t\t\t<\/div>\n\t\t\t\t\t<\/div>\n\t\t\t\t<\/div>\n\t\t<div class=\"elementor-element elementor-element-6c87a04 e-flex e-con-boxed e-con e-parent\" data-id=\"6c87a04\" data-element_type=\"container\" data-e-type=\"container\">\n\t\t\t\t\t<div class=\"e-con-inner\">\n\t\t<div class=\"elementor-element elementor-element-4d4429a e-con-full e-flex e-con e-child\" data-id=\"4d4429a\" data-element_type=\"container\" data-e-type=\"container\">\n\t\t\t\t<div class=\"elementor-element elementor-element-0d8e833 elementor-widget elementor-widget-text-editor\" data-id=\"0d8e833\" data-element_type=\"widget\" data-e-type=\"widget\" data-widget_type=\"text-editor.default\">\n\t\t\t\t<div class=\"elementor-widget-container\">\n\t\t\t\t\t\t\t\t\t<p>Powiatowy Inspektorat Nadzoru Budowla w Policach zobowi\u0105zuje si\u0119 zapewni\u0107 dost\u0119pno\u015b\u0107 swojej strony internetowej zgodnie z przepisami ustawy z dnia 4 kwietnia 2019 r. o dost\u0119pno\u015bci cyfrowej stron internetowych i aplikacji mobilnych podmiot\u00f3w publicznych. O\u015bwiadczenie w sprawie dost\u0119pno\u015bci ma zastosowanie do\u00a0<u>Biuletunu Informacji Publicznej Powiatowego Inspektoratu Nadzoru Budowlanego w Policach<\/u>. Powiatowy Inspektor Nadzoru Budowlanego w Policach informuje, i\u017c nie prowadzi aplikacji mobilnych.<\/p><p>Data publikacji: 2021-03-26.\u00a0<\/p><p>Dok\u0142ada si\u0119 stara\u0144, aby na bie\u017c\u0105co usuwa\u0107 stwierdzane bariery na stronie internetowej.<br \/>Strona BIP jest cz\u0119\u015bciowo zgodna z ustaw\u0105 z dnia 4 kwietni a 2019 r. o dost\u0119pno\u015bci cyfrowej stron internetowych podmiot\u00f3w publicznych z powodu niezgodno\u015bci lub wy\u0142\u0105cze\u0144 wymienionych poni\u017cej.<\/p><p>Na stronie nie wyst\u0119puj\u0105 Filmy.<\/p><p>Linki &#8211; tak\u017ce te prowadz\u0105ce do serwis\u00f3w zewn\u0119trznych \u2013 w miar\u0119 mo\u017cliwo\u015bci otwieraj\u0105 si\u0119 w tym samym oknie. Pozosta\u0142e s\u0105 poprawiane w miar\u0119 mo\u017cliwo\u015bci.<\/p><p>Pliki PDF, DOC itp. &#8211; redaktorzy staraj\u0105 si\u0119 ograniczy\u0107 do minimum korzystanie z takich plik\u00f3w i osadza\u0107 teksty bezpo\u015brednio w serwisie. Jednak z uwagi na wygod\u0119 petent\u00f3w np. formularze zamieszczane si\u0119 w plikach doc. w celu mo\u017cliwo\u015bci ich edycji.<br \/><br \/>W przypadku braku mo\u017cliwo\u015bci skorzystania z edycji dokumentu prosimy o telefon do Inspektoratu\u00a0w celu um\u00f3wienia si\u0119 na przeczytanie niedost\u0119pnego dokumentu.<\/p><p>Deklaracj\u0119 sporz\u0105dzono na podstawie samooceny przeprowadzonej przez podmiot publiczny.<\/p><p>O\u015bwiadczenie sporz\u0105dzono dnia: 2021-03-30.\u00a0<\/p><p>Na stronie internetowej mo\u017cna korzysta\u0107 ze standardowych skr\u00f3t\u00f3w klawiaturowych.<\/p><p><strong>Informacje zwrotne i dane kontaktowe<\/strong><\/p><p>W przypadku problem\u00f3w z dost\u0119pno\u015bci\u0105 strony internetowej prosimy o kontakt. Kontaktowa\u0107 mo\u017cna si\u0119 tak\u017ce dzwoni\u0105c na numer telefonu 91\u00a0317 80 25. T\u0105 sam\u0105 drog\u0105 mo\u017cna sk\u0142ada\u0107 wnioski o udost\u0119pnienie informacji niedost\u0119pnej oraz sk\u0142ada\u0107 skargi na brak zapewnienia dost\u0119pno\u015bci.<\/p><p>Ka\u017cdy ma prawo do wyst\u0105pienia z \u017c\u0105daniem zapewnienia dost\u0119pno\u015bci cyfrowej strony internetowej, aplikacji mobilnej lub jakiego\u015b ich elementu. Mo\u017cna tak\u017ce za\u017c\u0105da\u0107 udost\u0119pnienia informacji za pomoc\u0105 alternatywnego sposobu dost\u0119pu, na przyk\u0142ad przez odczytanie niedost\u0119pnego cyfrowo dokumentu. \u017b\u0105danie powinno zawiera\u0107 dane osoby zg\u0142aszaj\u0105cej \u017c\u0105danie, wskazanie, o kt\u00f3r\u0105 stron\u0119 internetow\u0105 lub aplikacj\u0119 mobiln\u0105 chodzi oraz spos\u00f3b kontaktu. Je\u017celi osoba \u017c\u0105daj\u0105ca zg\u0142asza potrzeb\u0119 otrzymania informacji za pomoc\u0105 alternatywnego sposobu dost\u0119pu, powinna tak\u017ce okre\u015bli\u0107 dogodny dla niej spos\u00f3b przedstawienia tej informacji. Podmiot publiczny powinien zrealizowa\u0107 \u017c\u0105danie niezw\u0142ocznie, nie p\u00f3\u017aniej ni\u017c w ci\u0105gu 7 dni od dnia wyst\u0105pienia z \u017c\u0105daniem. Je\u017celi dotrzymanie tego terminu nie jest mo\u017cliwe, podmiot publiczny niezw\u0142ocznie informuje o tym wnosz\u0105cego \u017c\u0105danie, kiedy realizacja \u017c\u0105dania b\u0119dzie mo\u017cliwa, przy czym termin ten nie mo\u017ce by\u0107 d\u0142u\u017cszy ni\u017c 2 miesi\u0105ce od dnia wyst\u0105pienia z \u017c\u0105daniem. Je\u017celi zapewnienie dost\u0119pno\u015bci cyfrowej nie jest mo\u017cliwe, podmiot publiczny mo\u017ce zaproponowa\u0107 alternatywny spos\u00f3b dost\u0119pu do informacji. W przypadku, gdy podmiot publiczny odm\u00f3wi realizacji \u017c\u0105dania zapewnienia dost\u0119pno\u015bci lub alternatywnego sposobu dost\u0119pu do informacji, wnosz\u0105cy \u017c\u0105danie mo\u017cne z\u0142o\u017cy\u0107 skarg\u0119 w sprawie zapewniana dost\u0119pno\u015bci cyfrowej strony internetowej, aplikacji mobilnej lub elementu strony internetowej, lub aplikacji mobilnej. Po wyczerpaniu wskazanej wy\u017cej procedury mo\u017cna tak\u017ce z\u0142o\u017cy\u0107 wniosek do\u00a0<u><a href=\"https:\/\/www.rpo.gov.pl\/content\/jak-zglosic-sie-do-rzecznika-praw-obywatelskich\">Rzecznika Praw Obywatelskich.<\/a><\/u><\/p><p><strong>Dost\u0119pno\u015b\u0107 architektoniczna<\/strong><\/p><p><strong>Powiatowy Inspektorat Nadzoru Budowlanego\u00a0w Policach, ul. Tanowska 8<\/strong><\/p><p>Siedziba Inspektoratu znajduje si\u0119 w budynku Starostwa Powiatowego w Policach. Do siedziby prowadzi wej\u015bcie klatk\u0105 schodow\u0105 budynku Starostwa (ze wzgl\u0119du na panuj\u0105c\u0105 pandemi\u0119 wej\u015bcie mo\u017cliwe jest jedynie klatk\u0105 schodow\u0105 prowadz\u0105c\u0105 do oddzia\u0142u Urz\u0119du Skarbowego).<\/p><p>Sekretariat znajduj\u0119 si\u0119 na poziomie -1 do kt\u00f3rego prowadz\u0105 schody. Jeden pok\u00f3j znajduje si\u0119 na parterze. Przy wej\u015bciu do korytarza prowadz\u0105cego bezpo\u015brednio do sekretariatu znajduje si\u0119 bezprzewodowy dzwonek informuj\u0105cy pracownika inspektoratu o przybyciu petenta.<\/p><p>Pomieszczenia Powiatowego Inspektoratu Nadzoru Budowlanego w Policach nie w pe\u0142ni dost\u0119pne s\u0105 dla os\u00f3b na w\u00f3zkach inwalidzkich. W budynku nie ma windy.<\/p><p>Toaleta dla os\u00f3b niepe\u0142nosprawnych znajduje si\u0119 na parterze.<\/p><p>Wyznaczono na obu parkingach po 2 miejsca parkingowe dla os\u00f3b niepe\u0142nosprawnych.<\/p><p>Do budynku i wszystkich jego pomieszcze\u0144 mo\u017cna wej\u015b\u0107 z psem asystuj\u0105cym i psem przewodnikiem.<\/p><p>W Powiatowym Inspektoracie Nadzoru Budowlanego w Policach nie ma p\u0119tli indukcyjnych.<\/p><p>W budynku nie ma oznacze\u0144 w alfabecie brajla ani oznacze\u0144 kontrastowych lub w druku powi\u0119kszonym dla os\u00f3b niewidomych i s\u0142abowidz\u0105cych<\/p><p>W Powiatowym Inspektoracie Nadzoru Budowlanego w Policach nie ma mo\u017cliwo\u015bci skorzystania z t\u0142umacza polskiego j\u0119zyka migowego.<\/p>\t\t\t\t\t\t\t\t<\/div>\n\t\t\t\t<\/div>\n\t\t\t\t<\/div>\n\t\t\t\t\t<\/div>\n\t\t\t\t<\/div>\n\t\t\t\t<section class=\"elementor-section elementor-top-section elementor-element elementor-element-2909dd5 elementor-hidden-tablet elementor-hidden-phone elementor-section-boxed elementor-section-height-default elementor-section-height-default\" data-id=\"2909dd5\" data-element_type=\"section\" data-e-type=\"section\">\n\t\t\t\t\t\t<div class=\"elementor-container elementor-column-gap-default\">\n\t\t\t\t\t<div class=\"elementor-column elementor-col-100 elementor-top-column elementor-element elementor-element-ef5af32\" data-id=\"ef5af32\" data-element_type=\"column\" data-e-type=\"column\">\n\t\t\t<div class=\"elementor-widget-wrap elementor-element-populated\">\n\t\t\t\t\t\t<div class=\"elementor-element elementor-element-7ae0cd3 elementor-widget-divider--view-line elementor-widget elementor-widget-divider\" data-id=\"7ae0cd3\" data-element_type=\"widget\" data-e-type=\"widget\" data-widget_type=\"divider.default\">\n\t\t\t\t<div class=\"elementor-widget-container\">\n\t\t\t\t\t\t\t<div class=\"elementor-divider\">\n\t\t\t<span class=\"elementor-divider-separator\">\n\t\t\t\t\t\t<\/span>\n\t\t<\/div>\n\t\t\t\t\t\t<\/div>\n\t\t\t\t<\/div>\n\t\t\t\t\t<\/div>\n\t\t<\/div>\n\t\t\t\t\t<\/div>\n\t\t<\/section>\n\t\t\t\t<section class=\"elementor-section elementor-top-section elementor-element elementor-element-caab393 elementor-section-boxed elementor-section-height-default elementor-section-height-default\" data-id=\"caab393\" data-element_type=\"section\" data-e-type=\"section\">\n\t\t\t\t\t\t<div class=\"elementor-container elementor-column-gap-default\">\n\t\t\t\t\t<div class=\"elementor-column elementor-col-100 elementor-top-column elementor-element elementor-element-2675c98\" data-id=\"2675c98\" data-element_type=\"column\" data-e-type=\"column\">\n\t\t\t<div class=\"elementor-widget-wrap elementor-element-populated\">\n\t\t\t\t\t\t<div class=\"elementor-element elementor-element-f7c3743 elementor-widget-divider--view-line elementor-widget elementor-widget-divider\" data-id=\"f7c3743\" data-element_type=\"widget\" data-e-type=\"widget\" data-widget_type=\"divider.default\">\n\t\t\t\t<div class=\"elementor-widget-container\">\n\t\t\t\t\t\t\t<div class=\"elementor-divider\">\n\t\t\t<span class=\"elementor-divider-separator\">\n\t\t\t\t\t\t<\/span>\n\t\t<\/div>\n\t\t\t\t\t\t<\/div>\n\t\t\t\t<\/div>\n\t\t\t\t\t<\/div>\n\t\t<\/div>\n\t\t\t\t\t<\/div>\n\t\t<\/section>\n\t\t\t\t<\/div>\n\t\t","protected":false},"excerpt":{"rendered":"<p>Raport dost\u0119pno\u015bci Powiatowy Inspektorat Nadzoru Budowla w Policach zobowi\u0105zuje si\u0119 zapewni\u0107 dost\u0119pno\u015b\u0107 swojej strony internetowej zgodnie z przepisami ustawy z dnia 4 kwietnia 2019 r. o dost\u0119pno\u015bci cyfrowej stron internetowych i aplikacji mobilnych podmiot\u00f3w publicznych. O\u015bwiadczenie w sprawie dost\u0119pno\u015bci ma zastosowanie do\u00a0Biuletunu Informacji Publicznej Powiatowego Inspektoratu Nadzoru Budowlanego w Policach. Powiatowy Inspektor Nadzoru Budowlanego w&#8230;<\/p>\n","protected":false},"author":1,"featured_media":0,"parent":0,"menu_order":0,"comment_status":"closed","ping_status":"closed","template":"","meta":{"_kadence_starter_templates_imported_post":true,"_kad_post_transparent":"","_kad_post_title":"hide","_kad_post_layout":"fullwidth","_kad_post_sidebar_id":"","_kad_post_content_style":"unboxed","_kad_post_vertical_padding":"hide","_kad_post_feature":"hide","_kad_post_feature_position":"","_kad_post_header":false,"_kad_post_footer":false,"_kad_post_classname":"","footnotes":""},"class_list":["post-1294","page","type-page","status-publish","hentry"],"_links":{"self":[{"href":"http:\/\/www.pinbpolice.pl\/BIP\/wp-json\/wp\/v2\/pages\/1294","targetHints":{"allow":["GET"]}}],"collection":[{"href":"http:\/\/www.pinbpolice.pl\/BIP\/wp-json\/wp\/v2\/pages"}],"about":[{"href":"http:\/\/www.pinbpolice.pl\/BIP\/wp-json\/wp\/v2\/types\/page"}],"author":[{"embeddable":true,"href":"http:\/\/www.pinbpolice.pl\/BIP\/wp-json\/wp\/v2\/users\/1"}],"replies":[{"embeddable":true,"href":"http:\/\/www.pinbpolice.pl\/BIP\/wp-json\/wp\/v2\/comments?post=1294"}],"version-history":[{"count":0,"href":"http:\/\/www.pinbpolice.pl\/BIP\/wp-json\/wp\/v2\/pages\/1294\/revisions"}],"wp:attachment":[{"href":"http:\/\/www.pinbpolice.pl\/BIP\/wp-json\/wp\/v2\/media?parent=1294"}],"curies":[{"name":"wp","href":"https:\/\/api.w.org\/{rel}","templated":true}]}}