{"id":1309,"date":"2023-12-11T11:55:43","date_gmt":"2023-12-11T10:55:43","guid":{"rendered":"http:\/\/localhost:8080\/BIP\/?page_id=1309"},"modified":"2023-12-12T10:43:13","modified_gmt":"2023-12-12T09:43:13","slug":"informacje-o-podmiocie","status":"publish","type":"page","link":"http:\/\/www.pinbpolice.pl\/BIP\/informacje-o-podmiocie\/","title":{"rendered":"Informacje o podmiocie"},"content":{"rendered":"\t\t<div data-elementor-type=\"wp-page\" data-elementor-id=\"1309\" class=\"elementor elementor-1309\">\n\t\t\t\t<div class=\"elementor-element elementor-element-e8b134a e-flex e-con-boxed e-con e-parent\" data-id=\"e8b134a\" data-element_type=\"container\" data-e-type=\"container\">\n\t\t\t\t\t<div class=\"e-con-inner\">\n\t\t\t\t<div class=\"elementor-element elementor-element-336ea5f elementor-widget elementor-widget-image\" data-id=\"336ea5f\" data-element_type=\"widget\" data-e-type=\"widget\" data-widget_type=\"image.default\">\n\t\t\t\t<div class=\"elementor-widget-container\">\n\t\t\t\t\t\t\t\t\t\t\t\t\t\t\t<img fetchpriority=\"high\" decoding=\"async\" width=\"1536\" height=\"308\" src=\"http:\/\/www.pinbpolice.pl\/BIP\/wp-content\/uploads\/2023\/12\/cropped-baner-BIP-Police-1536x308.png\" class=\"attachment-1536x1536 size-1536x1536 wp-image-1152\" alt=\"\" srcset=\"http:\/\/www.pinbpolice.pl\/BIP\/wp-content\/uploads\/2023\/12\/cropped-baner-BIP-Police-1536x308.png 1536w, http:\/\/www.pinbpolice.pl\/BIP\/wp-content\/uploads\/2023\/12\/cropped-baner-BIP-Police-700x141.png 700w, http:\/\/www.pinbpolice.pl\/BIP\/wp-content\/uploads\/2023\/12\/cropped-baner-BIP-Police-300x60.png 300w, http:\/\/www.pinbpolice.pl\/BIP\/wp-content\/uploads\/2023\/12\/cropped-baner-BIP-Police-1024x206.png 1024w, http:\/\/www.pinbpolice.pl\/BIP\/wp-content\/uploads\/2023\/12\/cropped-baner-BIP-Police-768x154.png 768w, http:\/\/www.pinbpolice.pl\/BIP\/wp-content\/uploads\/2023\/12\/cropped-baner-BIP-Police-2048x411.png 2048w\" sizes=\"(max-width: 1536px) 100vw, 1536px\" \/>\t\t\t\t\t\t\t\t\t\t\t\t\t\t\t<\/div>\n\t\t\t\t<\/div>\n\t\t\t\t\t<\/div>\n\t\t\t\t<\/div>\n\t\t\t\t<section class=\"elementor-section elementor-top-section elementor-element elementor-element-866b2f4 elementor-hidden-tablet elementor-hidden-phone elementor-section-boxed elementor-section-height-default elementor-section-height-default\" data-id=\"866b2f4\" data-element_type=\"section\" data-e-type=\"section\">\n\t\t\t\t\t\t<div class=\"elementor-container elementor-column-gap-default\">\n\t\t\t\t\t<div class=\"elementor-column elementor-col-100 elementor-top-column elementor-element elementor-element-23b7f4c\" data-id=\"23b7f4c\" data-element_type=\"column\" data-e-type=\"column\">\n\t\t\t<div class=\"elementor-widget-wrap elementor-element-populated\">\n\t\t\t\t\t\t<div class=\"elementor-element elementor-element-b14dfe0 elementor-widget-divider--view-line elementor-widget elementor-widget-divider\" data-id=\"b14dfe0\" data-element_type=\"widget\" data-e-type=\"widget\" data-widget_type=\"divider.default\">\n\t\t\t\t<div class=\"elementor-widget-container\">\n\t\t\t\t\t\t\t<div class=\"elementor-divider\">\n\t\t\t<span class=\"elementor-divider-separator\">\n\t\t\t\t\t\t<\/span>\n\t\t<\/div>\n\t\t\t\t\t\t<\/div>\n\t\t\t\t<\/div>\n\t\t\t\t\t<\/div>\n\t\t<\/div>\n\t\t\t\t\t<\/div>\n\t\t<\/section>\n\t\t\t\t<section class=\"elementor-section elementor-top-section elementor-element elementor-element-69c6b72 elementor-section-boxed elementor-section-height-default elementor-section-height-default\" data-id=\"69c6b72\" data-element_type=\"section\" data-e-type=\"section\">\n\t\t\t\t\t\t<div class=\"elementor-container elementor-column-gap-default\">\n\t\t\t\t\t<div class=\"elementor-column elementor-col-100 elementor-top-column elementor-element elementor-element-89de852\" data-id=\"89de852\" data-element_type=\"column\" data-e-type=\"column\" data-settings=\"{&quot;background_background&quot;:&quot;classic&quot;}\">\n\t\t\t<div class=\"elementor-widget-wrap elementor-element-populated\">\n\t\t\t\t\t\t<div class=\"elementor-element elementor-element-8614e1e elementor-widget elementor-widget-heading\" data-id=\"8614e1e\" data-element_type=\"widget\" data-e-type=\"widget\" data-widget_type=\"heading.default\">\n\t\t\t\t<div class=\"elementor-widget-container\">\n\t\t\t\t\t<p class=\"elementor-heading-title elementor-size-default\">Informacje o podmiocie<\/p>\t\t\t\t<\/div>\n\t\t\t\t<\/div>\n\t\t\t\t\t<\/div>\n\t\t<\/div>\n\t\t\t\t\t<\/div>\n\t\t<\/section>\n\t\t<div class=\"elementor-element elementor-element-6c87a04 e-flex e-con-boxed e-con e-parent\" data-id=\"6c87a04\" data-element_type=\"container\" data-e-type=\"container\">\n\t\t\t\t\t<div class=\"e-con-inner\">\n\t\t<div class=\"elementor-element elementor-element-4d4429a e-con-full e-flex e-con e-child\" data-id=\"4d4429a\" data-element_type=\"container\" data-e-type=\"container\">\n\t\t\t\t<div class=\"elementor-element elementor-element-0d8e833 elementor-widget elementor-widget-text-editor\" data-id=\"0d8e833\" data-element_type=\"widget\" data-e-type=\"widget\" data-widget_type=\"text-editor.default\">\n\t\t\t\t<div class=\"elementor-widget-container\">\n\t\t\t\t\t\t\t\t\t<div class=\"newstable\"><p>Powiatowy Inspektorat Nadzoru Budowlanego dzia\u0142a na podstawie ustawy pn.: &#8222;Przepisy wprowadzaj\u0105ce ustawy reformuj\u0105ce administracj\u0119 publiczn\u0105&#8221; (tekst jednolity. Dz. U.\u00a0z\u00a01998 r., Nr 133,\u00a0poz.\u00a0872\u00a0z p\u00f3\u017an. zm.) z dnia 13 pa\u017adziernika 1998r.\u00a0 &#8211; w kt\u00f3rej, zgodnie z art. 40: &#8222;Z dniem 1 stycznia 1999 r. w miastach b\u0119d\u0105cych siedzibami w\u0142adz powiat\u00f3w tworzy si\u0119 powiatowe inspektoraty nadzoru budowlanego.&#8221;<\/p><p>Powiatowy Inspektor Nadzoru Budowlanego w Policach wykonuje swoje zadania przy pomocy Powiatowego Inspektoratu Nadzoru Budowlanego w\u00a0 Policach,\u00a0kt\u00f3ry realizuje zadania nadzoru budowlanego na obszarze powiatu polickiego, obejmuj\u0105cego cztery gminy: Dobra, Ko\u0142baskowo, Police oraz Nowe Warpno.<\/p><p>Jest on organem pierwszej instancji w sprawach okre\u015blonych w art. 83 ust. 1 ustawy z dnia 7 lipca 1994 r. Prawo Budowlane (tekst jednolity\u00a0Dz. U. z 2020 r., poz. 1333 z p\u00f3\u017aniejszymi zmianami).<\/p><p>Organem drugiej instancji w sprawach prowadzonych przez Powiatowego Inspektora Nadzoru Budowlanego w Stargardzie\u00a0jest Zachodniopomorski Wojew\u00f3dzki Inspektor Nadzoru Budowlanego w Szczecinie.<\/p><\/div><div class=\"szukaj_form_maly\"><form action=\"http:\/\/www.pinbpolice.nbip.pl\/pinbpolice\/?id=139\" method=\"get\" name=\"szukaj\"><div class=\"seek_form\"><p>\u00a0<\/p><div id=\"livesearch\">\u00a0<\/div><\/div><\/form><\/div>\t\t\t\t\t\t\t\t<\/div>\n\t\t\t\t<\/div>\n\t\t\t\t<\/div>\n\t\t\t\t\t<\/div>\n\t\t\t\t<\/div>\n\t\t\t\t<section class=\"elementor-section elementor-top-section elementor-element elementor-element-2909dd5 elementor-hidden-tablet elementor-hidden-phone elementor-section-boxed elementor-section-height-default elementor-section-height-default\" data-id=\"2909dd5\" data-element_type=\"section\" data-e-type=\"section\">\n\t\t\t\t\t\t<div class=\"elementor-container elementor-column-gap-default\">\n\t\t\t\t\t<div class=\"elementor-column elementor-col-100 elementor-top-column elementor-element elementor-element-ef5af32\" data-id=\"ef5af32\" data-element_type=\"column\" data-e-type=\"column\">\n\t\t\t<div class=\"elementor-widget-wrap elementor-element-populated\">\n\t\t\t\t\t\t<div class=\"elementor-element elementor-element-7ae0cd3 elementor-widget-divider--view-line elementor-widget elementor-widget-divider\" data-id=\"7ae0cd3\" data-element_type=\"widget\" data-e-type=\"widget\" data-widget_type=\"divider.default\">\n\t\t\t\t<div class=\"elementor-widget-container\">\n\t\t\t\t\t\t\t<div class=\"elementor-divider\">\n\t\t\t<span class=\"elementor-divider-separator\">\n\t\t\t\t\t\t<\/span>\n\t\t<\/div>\n\t\t\t\t\t\t<\/div>\n\t\t\t\t<\/div>\n\t\t\t\t\t<\/div>\n\t\t<\/div>\n\t\t\t\t\t<\/div>\n\t\t<\/section>\n\t\t\t\t<section class=\"elementor-section elementor-top-section elementor-element elementor-element-caab393 elementor-section-boxed elementor-section-height-default elementor-section-height-default\" data-id=\"caab393\" data-element_type=\"section\" data-e-type=\"section\">\n\t\t\t\t\t\t<div class=\"elementor-container elementor-column-gap-default\">\n\t\t\t\t\t<div class=\"elementor-column elementor-col-100 elementor-top-column elementor-element elementor-element-2675c98\" data-id=\"2675c98\" data-element_type=\"column\" data-e-type=\"column\">\n\t\t\t<div class=\"elementor-widget-wrap elementor-element-populated\">\n\t\t\t\t\t\t<div class=\"elementor-element elementor-element-f7c3743 elementor-widget-divider--view-line elementor-widget elementor-widget-divider\" data-id=\"f7c3743\" data-element_type=\"widget\" data-e-type=\"widget\" data-widget_type=\"divider.default\">\n\t\t\t\t<div class=\"elementor-widget-container\">\n\t\t\t\t\t\t\t<div class=\"elementor-divider\">\n\t\t\t<span class=\"elementor-divider-separator\">\n\t\t\t\t\t\t<\/span>\n\t\t<\/div>\n\t\t\t\t\t\t<\/div>\n\t\t\t\t<\/div>\n\t\t\t\t\t<\/div>\n\t\t<\/div>\n\t\t\t\t\t<\/div>\n\t\t<\/section>\n\t\t\t\t<\/div>\n\t\t","protected":false},"excerpt":{"rendered":"<p>Informacje o podmiocie Powiatowy Inspektorat Nadzoru Budowlanego dzia\u0142a na podstawie ustawy pn.: &#8222;Przepisy wprowadzaj\u0105ce ustawy reformuj\u0105ce administracj\u0119 publiczn\u0105&#8221; (tekst jednolity. Dz. U.\u00a0z\u00a01998 r., Nr 133,\u00a0poz.\u00a0872\u00a0z p\u00f3\u017an. zm.) z dnia 13 pa\u017adziernika 1998r.\u00a0 &#8211; w kt\u00f3rej, zgodnie z art. 40: &#8222;Z dniem 1 stycznia 1999 r. w miastach b\u0119d\u0105cych siedzibami w\u0142adz powiat\u00f3w tworzy si\u0119 powiatowe inspektoraty&#8230;<\/p>\n","protected":false},"author":1,"featured_media":0,"parent":0,"menu_order":0,"comment_status":"closed","ping_status":"closed","template":"","meta":{"_kadence_starter_templates_imported_post":true,"_kad_post_transparent":"","_kad_post_title":"hide","_kad_post_layout":"fullwidth","_kad_post_sidebar_id":"","_kad_post_content_style":"unboxed","_kad_post_vertical_padding":"hide","_kad_post_feature":"hide","_kad_post_feature_position":"","_kad_post_header":false,"_kad_post_footer":false,"_kad_post_classname":"","footnotes":""},"class_list":["post-1309","page","type-page","status-publish","hentry"],"_links":{"self":[{"href":"http:\/\/www.pinbpolice.pl\/BIP\/wp-json\/wp\/v2\/pages\/1309","targetHints":{"allow":["GET"]}}],"collection":[{"href":"http:\/\/www.pinbpolice.pl\/BIP\/wp-json\/wp\/v2\/pages"}],"about":[{"href":"http:\/\/www.pinbpolice.pl\/BIP\/wp-json\/wp\/v2\/types\/page"}],"author":[{"embeddable":true,"href":"http:\/\/www.pinbpolice.pl\/BIP\/wp-json\/wp\/v2\/users\/1"}],"replies":[{"embeddable":true,"href":"http:\/\/www.pinbpolice.pl\/BIP\/wp-json\/wp\/v2\/comments?post=1309"}],"version-history":[{"count":0,"href":"http:\/\/www.pinbpolice.pl\/BIP\/wp-json\/wp\/v2\/pages\/1309\/revisions"}],"wp:attachment":[{"href":"http:\/\/www.pinbpolice.pl\/BIP\/wp-json\/wp\/v2\/media?parent=1309"}],"curies":[{"name":"wp","href":"https:\/\/api.w.org\/{rel}","templated":true}]}}