{"id":1324,"date":"2023-12-11T12:14:45","date_gmt":"2023-12-11T11:14:45","guid":{"rendered":"http:\/\/localhost:8080\/BIP\/?page_id=1324"},"modified":"2023-12-12T10:53:42","modified_gmt":"2023-12-12T09:53:42","slug":"zagrozenie-zwiazane-z-opadami-sniegu-2","status":"publish","type":"page","link":"http:\/\/www.pinbpolice.pl\/BIP\/zagrozenie-zwiazane-z-opadami-sniegu-2\/","title":{"rendered":"Zagro\u017cenie zwi\u0105zane z opadami \u015bniegu"},"content":{"rendered":"\t\t<div data-elementor-type=\"wp-page\" data-elementor-id=\"1324\" class=\"elementor elementor-1324\">\n\t\t\t\t<div class=\"elementor-element elementor-element-e8b134a e-flex e-con-boxed e-con e-parent\" data-id=\"e8b134a\" data-element_type=\"container\" data-e-type=\"container\">\n\t\t\t\t\t<div class=\"e-con-inner\">\n\t\t\t\t<div class=\"elementor-element elementor-element-336ea5f elementor-widget elementor-widget-image\" data-id=\"336ea5f\" data-element_type=\"widget\" data-e-type=\"widget\" data-widget_type=\"image.default\">\n\t\t\t\t<div class=\"elementor-widget-container\">\n\t\t\t\t\t\t\t\t\t\t\t\t\t\t\t<img fetchpriority=\"high\" decoding=\"async\" width=\"1536\" height=\"308\" src=\"http:\/\/www.pinbpolice.pl\/BIP\/wp-content\/uploads\/2023\/12\/cropped-baner-BIP-Police-1536x308.png\" class=\"attachment-1536x1536 size-1536x1536 wp-image-1152\" alt=\"\" srcset=\"http:\/\/www.pinbpolice.pl\/BIP\/wp-content\/uploads\/2023\/12\/cropped-baner-BIP-Police-1536x308.png 1536w, http:\/\/www.pinbpolice.pl\/BIP\/wp-content\/uploads\/2023\/12\/cropped-baner-BIP-Police-700x141.png 700w, http:\/\/www.pinbpolice.pl\/BIP\/wp-content\/uploads\/2023\/12\/cropped-baner-BIP-Police-300x60.png 300w, http:\/\/www.pinbpolice.pl\/BIP\/wp-content\/uploads\/2023\/12\/cropped-baner-BIP-Police-1024x206.png 1024w, http:\/\/www.pinbpolice.pl\/BIP\/wp-content\/uploads\/2023\/12\/cropped-baner-BIP-Police-768x154.png 768w, http:\/\/www.pinbpolice.pl\/BIP\/wp-content\/uploads\/2023\/12\/cropped-baner-BIP-Police-2048x411.png 2048w\" sizes=\"(max-width: 1536px) 100vw, 1536px\" \/>\t\t\t\t\t\t\t\t\t\t\t\t\t\t\t<\/div>\n\t\t\t\t<\/div>\n\t\t\t\t\t<\/div>\n\t\t\t\t<\/div>\n\t\t\t\t<section class=\"elementor-section elementor-top-section elementor-element elementor-element-69c6b72 elementor-section-boxed elementor-section-height-default elementor-section-height-default\" data-id=\"69c6b72\" data-element_type=\"section\" data-e-type=\"section\">\n\t\t\t\t\t\t<div class=\"elementor-container elementor-column-gap-default\">\n\t\t\t\t\t<div class=\"elementor-column elementor-col-100 elementor-top-column elementor-element elementor-element-89de852\" data-id=\"89de852\" data-element_type=\"column\" data-e-type=\"column\" data-settings=\"{&quot;background_background&quot;:&quot;classic&quot;}\">\n\t\t\t<div class=\"elementor-widget-wrap elementor-element-populated\">\n\t\t\t\t\t\t<div class=\"elementor-element elementor-element-68eced3 elementor-widget elementor-widget-heading\" data-id=\"68eced3\" data-element_type=\"widget\" data-e-type=\"widget\" data-widget_type=\"heading.default\">\n\t\t\t\t<div class=\"elementor-widget-container\">\n\t\t\t\t\t<p class=\"elementor-heading-title elementor-size-default\">Zagro\u017cenie zwi\u0105zane z opadami \u015bniegu<\/p>\t\t\t\t<\/div>\n\t\t\t\t<\/div>\n\t\t\t\t\t<\/div>\n\t\t<\/div>\n\t\t\t\t\t<\/div>\n\t\t<\/section>\n\t\t<div class=\"elementor-element elementor-element-6c87a04 e-flex e-con-boxed e-con e-parent\" data-id=\"6c87a04\" data-element_type=\"container\" data-e-type=\"container\">\n\t\t\t\t\t<div class=\"e-con-inner\">\n\t\t<div class=\"elementor-element elementor-element-4d4429a e-con-full e-flex e-con e-child\" data-id=\"4d4429a\" data-element_type=\"container\" data-e-type=\"container\">\n\t\t\t\t<div class=\"elementor-element elementor-element-0d8e833 elementor-widget elementor-widget-text-editor\" data-id=\"0d8e833\" data-element_type=\"widget\" data-e-type=\"widget\" data-widget_type=\"text-editor.default\">\n\t\t\t\t<div class=\"elementor-widget-container\">\n\t\t\t\t\t\t\t\t\t<div style=\"text-align: right;\">Police, dnia 10 lutego 2021 r.<\/div><div>\u00a0<\/div><div style=\"text-align: center;\"><strong>KOMUNIKAT<\/strong><\/div><div style=\"text-align: center;\"><strong>DLA W\u0141A\u015aCICIELI I ZARZ\u0104DC\u00d3W NIERUCHOMO\u015aCI<\/strong><\/div><div>\u00a0<\/div><div>\u00a0<\/div><div>\u00a0 \u00a0 \u00a0 \u00a0 \u00a0 \u00a0 \u00a0W zwi\u0105zku z trwaj\u0105cymi opadami \u015bniegu, Powiatowy Inspektor Nadzoru Budowlanego w Policach przypomina, \u017ce w sytuacji wyst\u0105pienia niekorzstnych warunk\u00f3w atmosferycznych tj.: obfite opady \u015bniegu, tworzenie si\u0119 sopli, bry\u0142 i nawis\u00f3w lodowych i \u015bniegowych, kt\u00f3re mog\u0105 spowodowa\u0107 uszkodzenie obiektu budowlanego lub sprowadzi\u0107 zagro\u017cenie dla \u017cycia lub zdrowia ludzi, bezpiecze\u0144stwa mienia lub \u015brodowiska, w\u0142a\u015bciciele i zarz\u0105dcy nieruchomo\u015bci zobowi\u0105zani s\u0105 do zapewnienia bezpiecze\u0144stwa u\u017cytkowania obiektu budowlanego, zgodnie z art. 61 pkt. 2 ustawy z dnia 7 lipca 1994 r. &#8211; Prawo budowlane (tekst jednolity: Dz.\u00a0U. 2020 r. poz. 1333 z p\u00f3\u017an. zm.).<\/div><div>\u00a0<\/div><div>Powiat policki po\u0142o\u017cony jest zgodnie z Polsk\u0105 Norm\u0105 PN-80\/B-02010 ,,Obci\u0105\u017cenie \u015bniegiem\u201d w I strefie \u015bniegowej (dla naszej strefy przyjmuje si\u0119 obci\u0105\u017cenie obliczeniowe 0,71 kN\/m\u00b2 tj. 71 kg\/m\u00b2\u00a0<strong>czyli max. oko\u0142o 29 cm \u015bwie\u017cego \u015bniegu<\/strong>), a dla por\u00f3wnania w strefie \u015bniegowej IV obci\u0105\u017cenie obliczeniowe wynosi 1,68kN\/m\u00b2 tj. 168kg\/m\u00b2.<\/div><div>Obci\u0105\u017cenie dachu uzale\u017cnione jest od dzia\u0142ania wiatru, (kt\u00f3ry w ostatnich dniach wieje z pr\u0119dko\u015bci\u0105 &gt;40km\/h), k\u0105ta nachylenia dachu i ci\u0119\u017caru \u015bniegu. Ci\u0119\u017car \u015bniegu jest bardzo zmienny, w ci\u0105gu kilku godzin mo\u017ce ulec znacznemu powi\u0119kszeniu np:<\/div><ul><li>\u015anieg suchy, (kt\u00f3ry rozpuszcza si\u0119 pod wp\u0142ywem podmuchu i rozsypuje po \u015bci\u015bni\u0119ciu w d\u0142oni) ma g\u0119sto\u015b\u0107 &lt; 0,35 kg\/dm\u00b3<\/li><li>\u015anieg topniej\u0105cy, czyli \u015bnieg nasycony wod\u0105, rozbryzguj\u0105cy si\u0119 pod stopami ma g\u0119sto\u015b\u0107 od 0,5 kg\/dm\u00b3 do 0,8kg\/dm\u00b3. Na te warto\u015bci maj\u0105 wp\u0142yw: temperatur\u0105 pod\u0142o\u017ca, temperatura powietrza i wilgotno\u015b\u0107 powietrza.<\/li><\/ul><p>Z tych czynnik\u00f3w wynika, \u017ce bezpieczna ilo\u015b\u0107 \u015bniegu zgromadzona na powierzchni dachu jest trudna do ustalenia i dlatego powinna by\u0107 ona okre\u015blona przez projektanta posiadaj\u0105cego uprawnienia budowlane o specjalno\u015bci konstrukcyjno budowlanej bez ogranicze\u0144 lub rzeczoznawc\u0119 budowlanego i wpisana do ksi\u0105\u017cki obiektu budowlanego, jako informacja o dopuszczalnym obci\u0105\u017ceniu dachu i bezpiecznym jego u\u017cytkowaniu.<\/p><p>Od\u015bnie\u017canie dach\u00f3w niezale\u017cnie od ich powierzchni staje si\u0119 czynno\u015bci\u0105 konieczn\u0105, a wszelkie zaniedbania mog\u0105 spowodowa\u0107 powa\u017cne konsekwencje w naruszeniu konstrukcji budynku, jak r\u00f3wnie\u017c stanowi\u0107 zagro\u017cenie dla \u017cycia ludzi w nim przebywaj\u0105cych.<\/p><p>Od\u015bnie\u017canie dachu nale\u017cy podczas ca\u0142ego sezonu zimowego przeprowadza\u0107 regularnie w miar\u0119 pojawiaj\u0105cych si\u0119 opad\u00f3w \u015bniegu, aby nie dopu\u015bci\u0107 do pojawienia si\u0119 na spodzie lodu i utworzenia si\u0119 grubej warstwy \u015bniegu. W pierwszej kolejno\u015bci nale\u017cy (ze wzgl\u0119d\u00f3w bezpiecze\u0144stwa konstrukcji dachu) od\u015bnie\u017ca\u0107 miejsca, gdzie utworzy\u0142y si\u0119 worki \u015bnie\u017cne, czyli miejsca gdzie zosta\u0142 nawiany \u015bnieg i jego \u015brednia grubo\u015b\u0107 jest wielokrotnie wi\u0119ksza ni\u017c na pozosta\u0142ej po\u0142aci dachu. Zgarnianie \u015bniegu powinno wykonywa\u0107 si\u0119 od cz\u0119\u015bci zewn\u0119trznej dachu, czyli od okap\u00f3w, zgodnie z kierunkiem spadku dachu. Bardzo wa\u017cne jest od\u015bnie\u017canie wpust\u00f3w, koryt, rynien dachowych pami\u0119ta\u0107 przy tym nale\u017cy, aby zawsze usun\u0105\u0107 pow\u0142ok\u0119 lodu zal\u0119gaj\u0105ca pod \u015bniegiem. Prac\u0119 t\u0119 nale\u017cy wykonywa\u0107 tak, aby nie uszkodzi\u0107 pokrycia dachowego i jego element\u00f3w (\u015bwietlik\u00f3w, wpust\u00f3w, komink\u00f3w wentylacyjnych itp.).<\/p><p>W pokryciach papowych nale\u017cy zwr\u00f3ci\u0107 szczeg\u00f3lnie uwag\u0119 na niskie kominki wentylacyjne (wentyluj\u0105ce pod\u0142o\u017ce papowe), kt\u00f3re s\u0105 kruche i \u0142atwo mog\u0105 ulec uszkodzeniu, w wyniku, czego stan\u0105 si\u0119 miejscem przedostawania si\u0119 wody w struktury pokrycia dachowego. Uszkodzone kominki nale\u017cy ka\u017cdorazowo, bezwzgl\u0119dnie zabezpieczy\u0107 przed wnikaniem wody, a ich kapturki os\u0142onowe nale\u017cy pozosta\u0107 po od\u015bnie\u017caniu na swoim miejscu. Kominki wentylacyjne nie mog\u0105 by\u0107 zasypane \u015bniegiem.<\/p><p>Do usuwania \u015bniegu u\u017cywa\u0107 nale\u017cy \u0142opat \u015bniegowych i innych lekkich przyrz\u0105d\u00f3w. Wszelkie uszkodzenia dachu nale\u017cy natychmiast zabezpieczy\u0107, a do w\u0142a\u015bciwych napraw powr\u00f3ci\u0107 w okresie wiosennym. Podczas oczyszczania dachu nale\u017cy pami\u0119ta\u0107 o usuni\u0119ciu sopli lodowych. Usuni\u0119ty \u015bnieg z dachu powinien by\u0107 wywieziony z okolic obiektu (nie mo\u017ce on tarasowa\u0107 wyj\u015b\u0107 ewakuacyjnych).<\/p><p style=\"text-align: right;\">Beata Ko\u0142odziejska\u00a0 \u00a0 \u00a0 \u00a0 \u00a0<\/p><p style=\"text-align: right;\">\u00a0Powiatowy Inspektor Nadzoru Budowlanego w Policach<\/p>\t\t\t\t\t\t\t\t<\/div>\n\t\t\t\t<\/div>\n\t\t\t\t<\/div>\n\t\t\t\t\t<\/div>\n\t\t\t\t<\/div>\n\t\t\t\t<section class=\"elementor-section elementor-top-section elementor-element elementor-element-2909dd5 elementor-hidden-tablet elementor-hidden-phone elementor-section-boxed elementor-section-height-default elementor-section-height-default\" data-id=\"2909dd5\" data-element_type=\"section\" data-e-type=\"section\">\n\t\t\t\t\t\t<div class=\"elementor-container elementor-column-gap-default\">\n\t\t\t\t\t<div class=\"elementor-column elementor-col-100 elementor-top-column elementor-element elementor-element-ef5af32\" data-id=\"ef5af32\" data-element_type=\"column\" data-e-type=\"column\">\n\t\t\t<div class=\"elementor-widget-wrap elementor-element-populated\">\n\t\t\t\t\t\t<div class=\"elementor-element elementor-element-7ae0cd3 elementor-widget-divider--view-line elementor-widget elementor-widget-divider\" data-id=\"7ae0cd3\" data-element_type=\"widget\" data-e-type=\"widget\" data-widget_type=\"divider.default\">\n\t\t\t\t<div class=\"elementor-widget-container\">\n\t\t\t\t\t\t\t<div class=\"elementor-divider\">\n\t\t\t<span class=\"elementor-divider-separator\">\n\t\t\t\t\t\t<\/span>\n\t\t<\/div>\n\t\t\t\t\t\t<\/div>\n\t\t\t\t<\/div>\n\t\t\t\t\t<\/div>\n\t\t<\/div>\n\t\t\t\t\t<\/div>\n\t\t<\/section>\n\t\t\t\t<section class=\"elementor-section elementor-top-section elementor-element elementor-element-caab393 elementor-section-boxed elementor-section-height-default elementor-section-height-default\" data-id=\"caab393\" data-element_type=\"section\" data-e-type=\"section\">\n\t\t\t\t\t\t<div class=\"elementor-container elementor-column-gap-default\">\n\t\t\t\t\t<div class=\"elementor-column elementor-col-100 elementor-top-column elementor-element elementor-element-2675c98\" data-id=\"2675c98\" data-element_type=\"column\" data-e-type=\"column\">\n\t\t\t<div class=\"elementor-widget-wrap elementor-element-populated\">\n\t\t\t\t\t\t<div class=\"elementor-element elementor-element-f7c3743 elementor-widget-divider--view-line elementor-widget elementor-widget-divider\" data-id=\"f7c3743\" data-element_type=\"widget\" data-e-type=\"widget\" data-widget_type=\"divider.default\">\n\t\t\t\t<div class=\"elementor-widget-container\">\n\t\t\t\t\t\t\t<div class=\"elementor-divider\">\n\t\t\t<span class=\"elementor-divider-separator\">\n\t\t\t\t\t\t<\/span>\n\t\t<\/div>\n\t\t\t\t\t\t<\/div>\n\t\t\t\t<\/div>\n\t\t\t\t\t<\/div>\n\t\t<\/div>\n\t\t\t\t\t<\/div>\n\t\t<\/section>\n\t\t\t\t<\/div>\n\t\t","protected":false},"excerpt":{"rendered":"<p>Zagro\u017cenie zwi\u0105zane z opadami \u015bniegu Police, dnia 10 lutego 2021 r.\u00a0KOMUNIKATDLA W\u0141A\u015aCICIELI I ZARZ\u0104DC\u00d3W NIERUCHOMO\u015aCI\u00a0\u00a0\u00a0 \u00a0 \u00a0 \u00a0 \u00a0 \u00a0 \u00a0W zwi\u0105zku z trwaj\u0105cymi opadami \u015bniegu, Powiatowy Inspektor Nadzoru Budowlanego w Policach przypomina, \u017ce w sytuacji wyst\u0105pienia niekorzstnych warunk\u00f3w atmosferycznych tj.: obfite opady \u015bniegu, tworzenie si\u0119 sopli, bry\u0142 i nawis\u00f3w lodowych i \u015bniegowych, kt\u00f3re mog\u0105&#8230;<\/p>\n","protected":false},"author":1,"featured_media":0,"parent":0,"menu_order":0,"comment_status":"closed","ping_status":"closed","template":"","meta":{"_kadence_starter_templates_imported_post":true,"_kad_post_transparent":"","_kad_post_title":"hide","_kad_post_layout":"fullwidth","_kad_post_sidebar_id":"","_kad_post_content_style":"unboxed","_kad_post_vertical_padding":"hide","_kad_post_feature":"hide","_kad_post_feature_position":"","_kad_post_header":false,"_kad_post_footer":false,"_kad_post_classname":"","footnotes":""},"class_list":["post-1324","page","type-page","status-publish","hentry"],"_links":{"self":[{"href":"http:\/\/www.pinbpolice.pl\/BIP\/wp-json\/wp\/v2\/pages\/1324","targetHints":{"allow":["GET"]}}],"collection":[{"href":"http:\/\/www.pinbpolice.pl\/BIP\/wp-json\/wp\/v2\/pages"}],"about":[{"href":"http:\/\/www.pinbpolice.pl\/BIP\/wp-json\/wp\/v2\/types\/page"}],"author":[{"embeddable":true,"href":"http:\/\/www.pinbpolice.pl\/BIP\/wp-json\/wp\/v2\/users\/1"}],"replies":[{"embeddable":true,"href":"http:\/\/www.pinbpolice.pl\/BIP\/wp-json\/wp\/v2\/comments?post=1324"}],"version-history":[{"count":0,"href":"http:\/\/www.pinbpolice.pl\/BIP\/wp-json\/wp\/v2\/pages\/1324\/revisions"}],"wp:attachment":[{"href":"http:\/\/www.pinbpolice.pl\/BIP\/wp-json\/wp\/v2\/media?parent=1324"}],"curies":[{"name":"wp","href":"https:\/\/api.w.org\/{rel}","templated":true}]}}