{"id":1333,"date":"2023-12-11T12:21:35","date_gmt":"2023-12-11T11:21:35","guid":{"rendered":"http:\/\/localhost:8080\/BIP\/?page_id=1333"},"modified":"2023-12-12T10:45:43","modified_gmt":"2023-12-12T09:45:43","slug":"e-budownictwo-aplikacja-dla-inwestorow","status":"publish","type":"page","link":"http:\/\/www.pinbpolice.pl\/BIP\/e-budownictwo-aplikacja-dla-inwestorow\/","title":{"rendered":"E-budownictwo aplikacja dla inwestor\u00f3w"},"content":{"rendered":"\t\t<div data-elementor-type=\"wp-page\" data-elementor-id=\"1333\" class=\"elementor elementor-1333\">\n\t\t\t\t<div class=\"elementor-element elementor-element-e8b134a e-flex e-con-boxed e-con e-parent\" data-id=\"e8b134a\" data-element_type=\"container\" data-e-type=\"container\">\n\t\t\t\t\t<div class=\"e-con-inner\">\n\t\t\t\t<div class=\"elementor-element elementor-element-336ea5f elementor-widget elementor-widget-image\" data-id=\"336ea5f\" data-element_type=\"widget\" data-e-type=\"widget\" data-widget_type=\"image.default\">\n\t\t\t\t<div class=\"elementor-widget-container\">\n\t\t\t\t\t\t\t\t\t\t\t\t\t\t\t<img fetchpriority=\"high\" decoding=\"async\" width=\"1536\" height=\"308\" src=\"http:\/\/www.pinbpolice.pl\/BIP\/wp-content\/uploads\/2023\/12\/cropped-baner-BIP-Police-1536x308.png\" class=\"attachment-1536x1536 size-1536x1536 wp-image-1152\" alt=\"\" srcset=\"http:\/\/www.pinbpolice.pl\/BIP\/wp-content\/uploads\/2023\/12\/cropped-baner-BIP-Police-1536x308.png 1536w, http:\/\/www.pinbpolice.pl\/BIP\/wp-content\/uploads\/2023\/12\/cropped-baner-BIP-Police-700x141.png 700w, http:\/\/www.pinbpolice.pl\/BIP\/wp-content\/uploads\/2023\/12\/cropped-baner-BIP-Police-300x60.png 300w, http:\/\/www.pinbpolice.pl\/BIP\/wp-content\/uploads\/2023\/12\/cropped-baner-BIP-Police-1024x206.png 1024w, http:\/\/www.pinbpolice.pl\/BIP\/wp-content\/uploads\/2023\/12\/cropped-baner-BIP-Police-768x154.png 768w, http:\/\/www.pinbpolice.pl\/BIP\/wp-content\/uploads\/2023\/12\/cropped-baner-BIP-Police-2048x411.png 2048w\" sizes=\"(max-width: 1536px) 100vw, 1536px\" \/>\t\t\t\t\t\t\t\t\t\t\t\t\t\t\t<\/div>\n\t\t\t\t<\/div>\n\t\t\t\t\t<\/div>\n\t\t\t\t<\/div>\n\t\t\t\t<section class=\"elementor-section elementor-top-section elementor-element elementor-element-866b2f4 elementor-hidden-tablet elementor-hidden-phone elementor-section-boxed elementor-section-height-default elementor-section-height-default\" data-id=\"866b2f4\" data-element_type=\"section\" data-e-type=\"section\">\n\t\t\t\t\t\t<div class=\"elementor-container elementor-column-gap-default\">\n\t\t\t\t\t<div class=\"elementor-column elementor-col-100 elementor-top-column elementor-element elementor-element-23b7f4c\" data-id=\"23b7f4c\" data-element_type=\"column\" data-e-type=\"column\">\n\t\t\t<div class=\"elementor-widget-wrap elementor-element-populated\">\n\t\t\t\t\t\t<div class=\"elementor-element elementor-element-b14dfe0 elementor-widget-divider--view-line elementor-widget elementor-widget-divider\" data-id=\"b14dfe0\" data-element_type=\"widget\" data-e-type=\"widget\" data-widget_type=\"divider.default\">\n\t\t\t\t<div class=\"elementor-widget-container\">\n\t\t\t\t\t\t\t<div class=\"elementor-divider\">\n\t\t\t<span class=\"elementor-divider-separator\">\n\t\t\t\t\t\t<\/span>\n\t\t<\/div>\n\t\t\t\t\t\t<\/div>\n\t\t\t\t<\/div>\n\t\t\t\t\t<\/div>\n\t\t<\/div>\n\t\t\t\t\t<\/div>\n\t\t<\/section>\n\t\t<div class=\"elementor-element elementor-element-6fe12a1 e-flex e-con-boxed e-con e-parent\" data-id=\"6fe12a1\" data-element_type=\"container\" data-e-type=\"container\">\n\t\t\t\t\t<div class=\"e-con-inner\">\n\t\t\t\t<div class=\"elementor-element elementor-element-f59d783 elementor-widget elementor-widget-heading\" data-id=\"f59d783\" data-element_type=\"widget\" data-e-type=\"widget\" data-widget_type=\"heading.default\">\n\t\t\t\t<div class=\"elementor-widget-container\">\n\t\t\t\t\t<h2 class=\"elementor-heading-title elementor-size-default\">E-budownictwo aplikacja dla inwestor\u00f3w<\/h2>\t\t\t\t<\/div>\n\t\t\t\t<\/div>\n\t\t\t\t\t<\/div>\n\t\t\t\t<\/div>\n\t\t<div class=\"elementor-element elementor-element-6c87a04 e-flex e-con-boxed e-con e-parent\" data-id=\"6c87a04\" data-element_type=\"container\" data-e-type=\"container\">\n\t\t\t\t\t<div class=\"e-con-inner\">\n\t\t<div class=\"elementor-element elementor-element-4d4429a e-con-full e-flex e-con e-child\" data-id=\"4d4429a\" data-element_type=\"container\" data-e-type=\"container\">\n\t\t\t\t<div class=\"elementor-element elementor-element-0d8e833 elementor-widget elementor-widget-text-editor\" data-id=\"0d8e833\" data-element_type=\"widget\" data-e-type=\"widget\" data-widget_type=\"text-editor.default\">\n\t\t\t\t<div class=\"elementor-widget-container\">\n\t\t\t\t\t\t\t\t\t<p style=\"text-align: center;\">Od 2 sierpnia 2020 r. wybrane wnioski procesu budowlanego mo\u017cna sk\u0142ada\u0107 poprzez serwis e-budownictwo:<\/p><p style=\"text-align: center;\"><a href=\"https:\/\/e-budownictwo.gunb.gov.pl\/\" target=\"_blank\" rel=\"noopener\"><span style=\"color: #333399;\">e-budownictwo.gunb.gov.pl<\/span><\/a><\/p><p>W serwisie zamieszczonych jest pierwszych 10 formularzy dotycz\u0105cych wybranych procedur budowlanych.\u00a0Serwis s\u0142u\u017cy inwestorom tylko do wype\u0142nienia i pobrania wybranego formularza. Tak przygotowany wniosek b\u0119dzie na razie dostarczany do organu administracji w dotychczasowy spos\u00f3b. Ale ju\u017c jesieni\u0105 b\u0119dzie mo\u017cna podpisa\u0107 go podpisem zaufanym lub elektronicznym i przes\u0142a\u0107 do organu administracji architektoniczno-budowlanej lub nadzoru budowlanego za po\u015brednictwem serwisu e-budownictwo. Jednocze\u015bnie pozostanie dotychczasowa mo\u017cliwo\u015b\u0107 sk\u0142adania dokument\u00f3w w formie papierowej, tak jak do tej pory. O tym, kt\u00f3ry spos\u00f3b wybra\u0107, tradycyjny czy elektroniczny, b\u0119d\u0105 decydowa\u0107 inwestorzy.<\/p><p>W pierwszym etapie cyfryzacji procesu inwestycyjno-budowlanego w serwisie znajduj\u0105 si\u0119 nast\u0119puj\u0105ce formularze:\u00a0<\/p><ul type=\"disc\"><li style=\"text-align: center;\">zg\u0142oszenie rob\u00f3t budowlanych,<\/li><li style=\"text-align: center;\">zawiadomienie o zamierzonym terminie rozpocz\u0119cia rob\u00f3t budowlanych,<\/li><li style=\"text-align: center;\">wniosek o przeniesienie praw i obowi\u0105zk\u00f3w wynikaj\u0105cych ze zg\u0142oszenia,<\/li><li style=\"text-align: center;\">zg\u0142oszenie zmiany sposobu u\u017cytkowania obiektu budowlanego lub jego cz\u0119\u015bci,<\/li><li style=\"text-align: center;\">wniosek o przeniesienie decyzji o pozwoleniu na budow\u0119,<\/li><li style=\"text-align: center;\">wniosek o przeniesienie decyzji o pozwoleniu na wznowienie rob\u00f3t budowlanych,<\/li><li style=\"text-align: center;\">wniosek o pozwolenie na rozbi\u00f3rk\u0119,<\/li><li style=\"text-align: center;\">zg\u0142oszenie rozbi\u00f3rki,\u00a0<\/li><li style=\"text-align: center;\">wniosek o wydanie decyzji o niezb\u0119dno\u015bci wej\u015bcia do s\u0105siedniego budynku, lokalu lub na teren s\u0105siedniej nieruchomo\u015bci,<\/li><li style=\"text-align: center;\">o\u015bwiadczenie o posiadanym prawie do dysponowania nieruchomo\u015bci\u0105 na cele budowlane.<\/li><\/ul><p>Wnioski w wplikacji dotycz\u0105ce spraw realizowanych organach nadzoru budowlanego:<\/p><p><strong>Wniosek o legalizacj\u0119 (ePB-19)\u00a0<\/strong><a href=\"http:\/\/e-budownictwo.gunb.gov.pl\/#ePB1x_t\" target=\"_blank\" rel=\"noopener\"><span style=\"color: #333399;\">http:\/\/e-budownictwo.gunb.gov.pl\/#ePB1x_t<\/span><\/a><\/p><p><strong>Wniosek o uproszczon\u0105 legalizacj\u0119 (ePB-15)<span style=\"color: #333399;\">\u00a0<\/span><\/strong><a href=\"https:\/\/e-budownictwo.gunb.gov.pl\/#ePB1x_u\" target=\"_blank\" rel=\"noopener\"><span style=\"color: #333399;\">https:\/\/e-budownictwo.gunb.gov.pl\/#ePB1x_u<\/span><\/a><\/p><p><strong>Zawiadomienie o zamierzonym terminie rozpocz\u0119cia rob\u00f3t budowlanych (ePB-12)<span style=\"color: #333399;\">\u00a0<\/span><\/strong><a href=\"http:\/\/e-budownictwo.gunb.gov.pl\/#gunb_epb_9_zawiadomienie\" target=\"_blank\" rel=\"noopener\"><span style=\"color: #333399;\">http:\/\/e-budownictwo.gunb.gov.pl\/#gunb_epb_9_zawiadomienie<\/span><\/a><\/p><p><strong>Wniosek o przeniesienie decyzji o pozwoleniu na wznowienie rob\u00f3t budowlanych (ePB-10),\u00a0O KT\u00d3REJ MOWA W ART. 51 ust. 4<\/strong>\u00a0<a href=\"https:\/\/e-budownictwo.gunb.gov.pl\/#epb_pdw_przen_dec_wzn\" target=\"_blank\" rel=\"noopener\"><span style=\"color: #333399;\">https:\/\/e-budownictwo.gunb.gov.pl\/#epb_pdw_przen_dec_wzn<\/span><\/a><\/p>\t\t\t\t\t\t\t\t<\/div>\n\t\t\t\t<\/div>\n\t\t\t\t<\/div>\n\t\t\t\t\t<\/div>\n\t\t\t\t<\/div>\n\t\t\t\t<section class=\"elementor-section elementor-top-section elementor-element elementor-element-2909dd5 elementor-hidden-tablet elementor-hidden-phone elementor-section-boxed elementor-section-height-default elementor-section-height-default\" data-id=\"2909dd5\" data-element_type=\"section\" data-e-type=\"section\">\n\t\t\t\t\t\t<div class=\"elementor-container elementor-column-gap-default\">\n\t\t\t\t\t<div class=\"elementor-column elementor-col-100 elementor-top-column elementor-element elementor-element-ef5af32\" data-id=\"ef5af32\" data-element_type=\"column\" data-e-type=\"column\">\n\t\t\t<div class=\"elementor-widget-wrap elementor-element-populated\">\n\t\t\t\t\t\t<div class=\"elementor-element elementor-element-7ae0cd3 elementor-widget-divider--view-line elementor-widget elementor-widget-divider\" data-id=\"7ae0cd3\" data-element_type=\"widget\" data-e-type=\"widget\" data-widget_type=\"divider.default\">\n\t\t\t\t<div class=\"elementor-widget-container\">\n\t\t\t\t\t\t\t<div class=\"elementor-divider\">\n\t\t\t<span class=\"elementor-divider-separator\">\n\t\t\t\t\t\t<\/span>\n\t\t<\/div>\n\t\t\t\t\t\t<\/div>\n\t\t\t\t<\/div>\n\t\t\t\t\t<\/div>\n\t\t<\/div>\n\t\t\t\t\t<\/div>\n\t\t<\/section>\n\t\t\t\t<section class=\"elementor-section elementor-top-section elementor-element elementor-element-caab393 elementor-section-boxed elementor-section-height-default elementor-section-height-default\" data-id=\"caab393\" data-element_type=\"section\" data-e-type=\"section\">\n\t\t\t\t\t\t<div class=\"elementor-container elementor-column-gap-default\">\n\t\t\t\t\t<div class=\"elementor-column elementor-col-100 elementor-top-column elementor-element elementor-element-2675c98\" data-id=\"2675c98\" data-element_type=\"column\" data-e-type=\"column\">\n\t\t\t<div class=\"elementor-widget-wrap elementor-element-populated\">\n\t\t\t\t\t\t<div class=\"elementor-element elementor-element-f7c3743 elementor-widget-divider--view-line elementor-widget elementor-widget-divider\" data-id=\"f7c3743\" data-element_type=\"widget\" data-e-type=\"widget\" data-widget_type=\"divider.default\">\n\t\t\t\t<div class=\"elementor-widget-container\">\n\t\t\t\t\t\t\t<div class=\"elementor-divider\">\n\t\t\t<span class=\"elementor-divider-separator\">\n\t\t\t\t\t\t<\/span>\n\t\t<\/div>\n\t\t\t\t\t\t<\/div>\n\t\t\t\t<\/div>\n\t\t\t\t\t<\/div>\n\t\t<\/div>\n\t\t\t\t\t<\/div>\n\t\t<\/section>\n\t\t\t\t<\/div>\n\t\t","protected":false},"excerpt":{"rendered":"<p>E-budownictwo aplikacja dla inwestor\u00f3w Od 2 sierpnia 2020 r. wybrane wnioski procesu budowlanego mo\u017cna sk\u0142ada\u0107 poprzez serwis e-budownictwo: e-budownictwo.gunb.gov.pl W serwisie zamieszczonych jest pierwszych 10 formularzy dotycz\u0105cych wybranych procedur budowlanych.\u00a0Serwis s\u0142u\u017cy inwestorom tylko do wype\u0142nienia i pobrania wybranego formularza. Tak przygotowany wniosek b\u0119dzie na razie dostarczany do organu administracji w dotychczasowy spos\u00f3b. Ale ju\u017c jesieni\u0105&#8230;<\/p>\n","protected":false},"author":1,"featured_media":0,"parent":0,"menu_order":0,"comment_status":"closed","ping_status":"closed","template":"","meta":{"_kadence_starter_templates_imported_post":true,"_kad_post_transparent":"","_kad_post_title":"hide","_kad_post_layout":"fullwidth","_kad_post_sidebar_id":"","_kad_post_content_style":"unboxed","_kad_post_vertical_padding":"hide","_kad_post_feature":"hide","_kad_post_feature_position":"","_kad_post_header":false,"_kad_post_footer":false,"_kad_post_classname":"","footnotes":""},"class_list":["post-1333","page","type-page","status-publish","hentry"],"_links":{"self":[{"href":"http:\/\/www.pinbpolice.pl\/BIP\/wp-json\/wp\/v2\/pages\/1333","targetHints":{"allow":["GET"]}}],"collection":[{"href":"http:\/\/www.pinbpolice.pl\/BIP\/wp-json\/wp\/v2\/pages"}],"about":[{"href":"http:\/\/www.pinbpolice.pl\/BIP\/wp-json\/wp\/v2\/types\/page"}],"author":[{"embeddable":true,"href":"http:\/\/www.pinbpolice.pl\/BIP\/wp-json\/wp\/v2\/users\/1"}],"replies":[{"embeddable":true,"href":"http:\/\/www.pinbpolice.pl\/BIP\/wp-json\/wp\/v2\/comments?post=1333"}],"version-history":[{"count":0,"href":"http:\/\/www.pinbpolice.pl\/BIP\/wp-json\/wp\/v2\/pages\/1333\/revisions"}],"wp:attachment":[{"href":"http:\/\/www.pinbpolice.pl\/BIP\/wp-json\/wp\/v2\/media?parent=1333"}],"curies":[{"name":"wp","href":"https:\/\/api.w.org\/{rel}","templated":true}]}}