{"id":1343,"date":"2023-12-11T12:29:07","date_gmt":"2023-12-11T11:29:07","guid":{"rendered":"http:\/\/localhost:8080\/BIP\/?page_id=1343"},"modified":"2023-12-12T11:00:45","modified_gmt":"2023-12-12T10:00:45","slug":"pinb-w-policach-w-czasie-pandemii-covid-19","status":"publish","type":"page","link":"http:\/\/www.pinbpolice.pl\/BIP\/pinb-w-policach-w-czasie-pandemii-covid-19\/","title":{"rendered":"PINB w Policach w czasie pandemii Covid-19"},"content":{"rendered":"\t\t<div data-elementor-type=\"wp-page\" data-elementor-id=\"1343\" class=\"elementor elementor-1343\">\n\t\t\t\t<div class=\"elementor-element elementor-element-e8b134a e-flex e-con-boxed e-con e-parent\" data-id=\"e8b134a\" data-element_type=\"container\" data-e-type=\"container\">\n\t\t\t\t\t<div class=\"e-con-inner\">\n\t\t\t\t<div class=\"elementor-element elementor-element-336ea5f elementor-widget elementor-widget-image\" data-id=\"336ea5f\" data-element_type=\"widget\" data-e-type=\"widget\" data-widget_type=\"image.default\">\n\t\t\t\t<div class=\"elementor-widget-container\">\n\t\t\t\t\t\t\t\t\t\t\t\t\t\t\t<img fetchpriority=\"high\" decoding=\"async\" width=\"1536\" height=\"308\" src=\"http:\/\/www.pinbpolice.pl\/BIP\/wp-content\/uploads\/2023\/12\/cropped-baner-BIP-Police-1536x308.png\" class=\"attachment-1536x1536 size-1536x1536 wp-image-1152\" alt=\"\" srcset=\"http:\/\/www.pinbpolice.pl\/BIP\/wp-content\/uploads\/2023\/12\/cropped-baner-BIP-Police-1536x308.png 1536w, http:\/\/www.pinbpolice.pl\/BIP\/wp-content\/uploads\/2023\/12\/cropped-baner-BIP-Police-700x141.png 700w, http:\/\/www.pinbpolice.pl\/BIP\/wp-content\/uploads\/2023\/12\/cropped-baner-BIP-Police-300x60.png 300w, http:\/\/www.pinbpolice.pl\/BIP\/wp-content\/uploads\/2023\/12\/cropped-baner-BIP-Police-1024x206.png 1024w, http:\/\/www.pinbpolice.pl\/BIP\/wp-content\/uploads\/2023\/12\/cropped-baner-BIP-Police-768x154.png 768w, http:\/\/www.pinbpolice.pl\/BIP\/wp-content\/uploads\/2023\/12\/cropped-baner-BIP-Police-2048x411.png 2048w\" sizes=\"(max-width: 1536px) 100vw, 1536px\" \/>\t\t\t\t\t\t\t\t\t\t\t\t\t\t\t<\/div>\n\t\t\t\t<\/div>\n\t\t\t\t\t<\/div>\n\t\t\t\t<\/div>\n\t\t\t\t<section class=\"elementor-section elementor-top-section elementor-element elementor-element-43c4b35 elementor-section-boxed elementor-section-height-default elementor-section-height-default\" data-id=\"43c4b35\" data-element_type=\"section\" data-e-type=\"section\">\n\t\t\t\t\t\t<div class=\"elementor-container elementor-column-gap-default\">\n\t\t\t\t\t<div class=\"elementor-column elementor-col-100 elementor-top-column elementor-element elementor-element-bdfc8de\" data-id=\"bdfc8de\" data-element_type=\"column\" data-e-type=\"column\" data-settings=\"{&quot;background_background&quot;:&quot;classic&quot;}\">\n\t\t\t<div class=\"elementor-widget-wrap elementor-element-populated\">\n\t\t\t\t\t\t<div class=\"elementor-element elementor-element-69519f3 elementor-widget elementor-widget-heading\" data-id=\"69519f3\" data-element_type=\"widget\" data-e-type=\"widget\" data-widget_type=\"heading.default\">\n\t\t\t\t<div class=\"elementor-widget-container\">\n\t\t\t\t\t<p class=\"elementor-heading-title elementor-size-default\">PINB w Policach w czasie pandemii Covid-19<\/p>\t\t\t\t<\/div>\n\t\t\t\t<\/div>\n\t\t\t\t\t<\/div>\n\t\t<\/div>\n\t\t\t\t\t<\/div>\n\t\t<\/section>\n\t\t<div class=\"elementor-element elementor-element-6c87a04 e-flex e-con-boxed e-con e-parent\" data-id=\"6c87a04\" data-element_type=\"container\" data-e-type=\"container\">\n\t\t\t\t\t<div class=\"e-con-inner\">\n\t\t<div class=\"elementor-element elementor-element-4d4429a e-con-full e-flex e-con e-child\" data-id=\"4d4429a\" data-element_type=\"container\" data-e-type=\"container\">\n\t\t\t\t<div class=\"elementor-element elementor-element-0d8e833 elementor-widget elementor-widget-text-editor\" data-id=\"0d8e833\" data-element_type=\"widget\" data-e-type=\"widget\" data-widget_type=\"text-editor.default\">\n\t\t\t\t<div class=\"elementor-widget-container\">\n\t\t\t\t\t\t\t\t\t<div id=\"pasek_nawigacyjny\">W zwi\u0105zku z sytuacj\u0105 epidemiczn\u0105 dotycz\u0105c\u0105 rozprzestrzeniania si\u0119 choroby COVID-19 (koronawirus) zmieniamy zasady funkcjonowania PINB w Policach. Zmiany maj\u0105 na celu zapewnienie bezpiecze\u0144stwa mieszka\u0144com i pracownikom naszego urz\u0119du.<\/div><div class=\"newstable\"><div class=\"nowa_l\"><div class=\"news_zawartosc\"><p><strong>Od wtorku 24 listopada 2020r. do odwo\u0142ania:<\/strong><\/p><p><strong>-rekomenduje si\u0119 przesy\u0142anie oraz sk\u0142adkanie wniosk\u00f3w i innych pism dot. m.in. postepowa\u0144 administracyjnych i postepowa\u0144 skargowych przez operatora pocztowego b\u0105d\u017a za po\u015brednictwem skrzynki elektronicznej ePUAP<\/strong><\/p><p><strong>-korespondencja &#8211; inna ni\u017c dotycz\u0105ca post\u0119powa\u0144 administracyjnych &#8211; moze by\u0107 r\u00f3wnie\u017c przesy\u0142ana poczt\u0105 eletroniczn\u0105 na adres:\u00a0 pinb.police@interia.pl<\/strong><\/p><p><strong>&#8211; sk\u0142adanie dokument\u00f3w mozliwe jest r\u00f3wnie\u017c przez skrzynk\u0119 podawcz\u0105 kt\u00f3ra znajduje si\u0119 przy wej\u015bciu g\u0142\u00f3wnym\u00a0 budynku Starostwa Powiatowego obok Kancelarii<\/strong><\/p><p><strong>&#8211;\u00a0 Ze wzgl\u0119du na stan epidemii przyjmowanie petent\u00f3w odbywa\u0107 si\u0119 b\u0119dzie wy\u0142\u0105cznie po uprzednim telefonicznym\u00a0 ustaleniu terminu wizyty\u00a0pod nr tel. 91 317 80 25<\/strong><\/p><p><strong>Informuj\u0119, \u017ce korespondencja mailowa nie jest \u015brodkiem komunikacji elektronicznej w rozumieniu przepis\u00f3w kodeksu post\u0119powania administracyjnego.<\/strong><\/p><p>PINB w Policach b\u0119dzie czynny zgodnie z wcze\u015bniej obowi\u0105zuj\u0105cymi godzinami. Przyj\u0119cia bezpo\u015brednie i kontrole w terenie b\u0119d\u0105 realizowane tylko w przypadku spraw wcze\u015bniej um\u00f3wionych.<\/p><\/div><\/div><\/div>\t\t\t\t\t\t\t\t<\/div>\n\t\t\t\t<\/div>\n\t\t\t\t<\/div>\n\t\t\t\t\t<\/div>\n\t\t\t\t<\/div>\n\t\t\t\t<section class=\"elementor-section elementor-top-section elementor-element elementor-element-2909dd5 elementor-hidden-tablet elementor-hidden-phone elementor-section-boxed elementor-section-height-default elementor-section-height-default\" data-id=\"2909dd5\" data-element_type=\"section\" data-e-type=\"section\">\n\t\t\t\t\t\t<div class=\"elementor-container elementor-column-gap-default\">\n\t\t\t\t\t<div class=\"elementor-column elementor-col-100 elementor-top-column elementor-element elementor-element-ef5af32\" data-id=\"ef5af32\" data-element_type=\"column\" data-e-type=\"column\">\n\t\t\t<div class=\"elementor-widget-wrap elementor-element-populated\">\n\t\t\t\t\t\t<div class=\"elementor-element elementor-element-7ae0cd3 elementor-widget-divider--view-line elementor-widget elementor-widget-divider\" data-id=\"7ae0cd3\" data-element_type=\"widget\" data-e-type=\"widget\" data-widget_type=\"divider.default\">\n\t\t\t\t<div class=\"elementor-widget-container\">\n\t\t\t\t\t\t\t<div class=\"elementor-divider\">\n\t\t\t<span class=\"elementor-divider-separator\">\n\t\t\t\t\t\t<\/span>\n\t\t<\/div>\n\t\t\t\t\t\t<\/div>\n\t\t\t\t<\/div>\n\t\t\t\t\t<\/div>\n\t\t<\/div>\n\t\t\t\t\t<\/div>\n\t\t<\/section>\n\t\t\t\t<section class=\"elementor-section elementor-top-section elementor-element elementor-element-caab393 elementor-section-boxed elementor-section-height-default elementor-section-height-default\" data-id=\"caab393\" data-element_type=\"section\" data-e-type=\"section\">\n\t\t\t\t\t\t<div class=\"elementor-container elementor-column-gap-default\">\n\t\t\t\t\t<div class=\"elementor-column elementor-col-100 elementor-top-column elementor-element elementor-element-2675c98\" data-id=\"2675c98\" data-element_type=\"column\" data-e-type=\"column\">\n\t\t\t<div class=\"elementor-widget-wrap elementor-element-populated\">\n\t\t\t\t\t\t<div class=\"elementor-element elementor-element-f7c3743 elementor-widget-divider--view-line elementor-widget elementor-widget-divider\" data-id=\"f7c3743\" data-element_type=\"widget\" data-e-type=\"widget\" data-widget_type=\"divider.default\">\n\t\t\t\t<div class=\"elementor-widget-container\">\n\t\t\t\t\t\t\t<div class=\"elementor-divider\">\n\t\t\t<span class=\"elementor-divider-separator\">\n\t\t\t\t\t\t<\/span>\n\t\t<\/div>\n\t\t\t\t\t\t<\/div>\n\t\t\t\t<\/div>\n\t\t\t\t\t<\/div>\n\t\t<\/div>\n\t\t\t\t\t<\/div>\n\t\t<\/section>\n\t\t\t\t<\/div>\n\t\t","protected":false},"excerpt":{"rendered":"<p>PINB w Policach w czasie pandemii Covid-19 W zwi\u0105zku z sytuacj\u0105 epidemiczn\u0105 dotycz\u0105c\u0105 rozprzestrzeniania si\u0119 choroby COVID-19 (koronawirus) zmieniamy zasady funkcjonowania PINB w Policach. Zmiany maj\u0105 na celu zapewnienie bezpiecze\u0144stwa mieszka\u0144com i pracownikom naszego urz\u0119du. Od wtorku 24 listopada 2020r. do odwo\u0142ania: -rekomenduje si\u0119 przesy\u0142anie oraz sk\u0142adkanie wniosk\u00f3w i innych pism dot. m.in. postepowa\u0144 administracyjnych&#8230;<\/p>\n","protected":false},"author":1,"featured_media":0,"parent":0,"menu_order":0,"comment_status":"closed","ping_status":"closed","template":"","meta":{"_kadence_starter_templates_imported_post":true,"_kad_post_transparent":"","_kad_post_title":"hide","_kad_post_layout":"fullwidth","_kad_post_sidebar_id":"","_kad_post_content_style":"unboxed","_kad_post_vertical_padding":"hide","_kad_post_feature":"hide","_kad_post_feature_position":"","_kad_post_header":false,"_kad_post_footer":false,"_kad_post_classname":"","footnotes":""},"class_list":["post-1343","page","type-page","status-publish","hentry"],"_links":{"self":[{"href":"http:\/\/www.pinbpolice.pl\/BIP\/wp-json\/wp\/v2\/pages\/1343","targetHints":{"allow":["GET"]}}],"collection":[{"href":"http:\/\/www.pinbpolice.pl\/BIP\/wp-json\/wp\/v2\/pages"}],"about":[{"href":"http:\/\/www.pinbpolice.pl\/BIP\/wp-json\/wp\/v2\/types\/page"}],"author":[{"embeddable":true,"href":"http:\/\/www.pinbpolice.pl\/BIP\/wp-json\/wp\/v2\/users\/1"}],"replies":[{"embeddable":true,"href":"http:\/\/www.pinbpolice.pl\/BIP\/wp-json\/wp\/v2\/comments?post=1343"}],"version-history":[{"count":0,"href":"http:\/\/www.pinbpolice.pl\/BIP\/wp-json\/wp\/v2\/pages\/1343\/revisions"}],"wp:attachment":[{"href":"http:\/\/www.pinbpolice.pl\/BIP\/wp-json\/wp\/v2\/media?parent=1343"}],"curies":[{"name":"wp","href":"https:\/\/api.w.org\/{rel}","templated":true}]}}