{"id":1830,"date":"2023-12-13T08:25:26","date_gmt":"2023-12-13T07:25:26","guid":{"rendered":"http:\/\/localhost:8080\/BIP\/?page_id=1830"},"modified":"2025-12-01T12:34:16","modified_gmt":"2025-12-01T11:34:16","slug":"pinb-5160-38-2022","status":"publish","type":"page","link":"http:\/\/www.pinbpolice.pl\/BIP\/pinb-5160-38-2022\/","title":{"rendered":"PINB.5160.38.2022 z dnia 29 listopada 2024 r"},"content":{"rendered":"\t\t<div data-elementor-type=\"wp-page\" data-elementor-id=\"1830\" class=\"elementor elementor-1830\">\n\t\t\t\t<div class=\"elementor-element elementor-element-e8b134a e-flex e-con-boxed e-con e-parent\" data-id=\"e8b134a\" data-element_type=\"container\" data-e-type=\"container\">\n\t\t\t\t\t<div class=\"e-con-inner\">\n\t\t\t\t<div class=\"elementor-element elementor-element-336ea5f elementor-widget elementor-widget-image\" data-id=\"336ea5f\" data-element_type=\"widget\" data-e-type=\"widget\" data-widget_type=\"image.default\">\n\t\t\t\t<div class=\"elementor-widget-container\">\n\t\t\t\t\t\t\t\t\t\t\t\t\t\t\t<img fetchpriority=\"high\" decoding=\"async\" width=\"1536\" height=\"308\" src=\"http:\/\/www.pinbpolice.pl\/BIP\/wp-content\/uploads\/2023\/12\/cropped-baner-BIP-Police-1536x308.png\" class=\"attachment-1536x1536 size-1536x1536 wp-image-1152\" alt=\"\" srcset=\"http:\/\/www.pinbpolice.pl\/BIP\/wp-content\/uploads\/2023\/12\/cropped-baner-BIP-Police-1536x308.png 1536w, http:\/\/www.pinbpolice.pl\/BIP\/wp-content\/uploads\/2023\/12\/cropped-baner-BIP-Police-700x141.png 700w, http:\/\/www.pinbpolice.pl\/BIP\/wp-content\/uploads\/2023\/12\/cropped-baner-BIP-Police-300x60.png 300w, http:\/\/www.pinbpolice.pl\/BIP\/wp-content\/uploads\/2023\/12\/cropped-baner-BIP-Police-1024x206.png 1024w, http:\/\/www.pinbpolice.pl\/BIP\/wp-content\/uploads\/2023\/12\/cropped-baner-BIP-Police-768x154.png 768w, http:\/\/www.pinbpolice.pl\/BIP\/wp-content\/uploads\/2023\/12\/cropped-baner-BIP-Police-2048x411.png 2048w\" sizes=\"(max-width: 1536px) 100vw, 1536px\" \/>\t\t\t\t\t\t\t\t\t\t\t\t\t\t\t<\/div>\n\t\t\t\t<\/div>\n\t\t\t\t\t<\/div>\n\t\t\t\t<\/div>\n\t\t<div class=\"elementor-element elementor-element-199ecff e-flex e-con-boxed e-con e-parent\" data-id=\"199ecff\" data-element_type=\"container\" data-e-type=\"container\">\n\t\t\t\t\t<div class=\"e-con-inner\">\n\t\t\t\t<div class=\"elementor-element elementor-element-aa66938 elementor-widget elementor-widget-heading\" data-id=\"aa66938\" data-element_type=\"widget\" data-e-type=\"widget\" data-widget_type=\"heading.default\">\n\t\t\t\t<div class=\"elementor-widget-container\">\n\t\t\t\t\t<p class=\"elementor-heading-title elementor-size-default\"><span style=\"font-size: 26pt;color: black\">OBWIESZCZENIA dla post\u0119powa\u0144 z udzia\u0142em wi\u0119cej ni\u017c 20 stron<\/span><\/p>\t\t\t\t<\/div>\n\t\t\t\t<\/div>\n\t\t\t\t\t<\/div>\n\t\t\t\t<\/div>\n\t\t\t\t<section class=\"elementor-section elementor-top-section elementor-element elementor-element-69c6b72 elementor-section-boxed elementor-section-height-default elementor-section-height-default\" data-id=\"69c6b72\" data-element_type=\"section\" data-e-type=\"section\">\n\t\t\t\t\t\t<div class=\"elementor-container elementor-column-gap-default\">\n\t\t\t\t\t<div class=\"elementor-column elementor-col-100 elementor-top-column elementor-element elementor-element-89de852\" data-id=\"89de852\" data-element_type=\"column\" data-e-type=\"column\" data-settings=\"{&quot;background_background&quot;:&quot;classic&quot;}\">\n\t\t\t<div class=\"elementor-widget-wrap elementor-element-populated\">\n\t\t\t\t\t\t<div class=\"elementor-element elementor-element-0a71d56 elementor-widget elementor-widget-heading\" data-id=\"0a71d56\" data-element_type=\"widget\" data-e-type=\"widget\" data-widget_type=\"heading.default\">\n\t\t\t\t<div class=\"elementor-widget-container\">\n\t\t\t\t\t<p class=\"elementor-heading-title elementor-size-default\">PINB.5160.38.2022<\/p>\t\t\t\t<\/div>\n\t\t\t\t<\/div>\n\t\t\t\t\t<\/div>\n\t\t<\/div>\n\t\t\t\t\t<\/div>\n\t\t<\/section>\n\t\t<div class=\"elementor-element elementor-element-6c87a04 e-flex e-con-boxed e-con e-parent\" data-id=\"6c87a04\" data-element_type=\"container\" data-e-type=\"container\">\n\t\t\t\t\t<div class=\"e-con-inner\">\n\t\t<div class=\"elementor-element elementor-element-4d4429a e-con-full e-flex e-con e-child\" data-id=\"4d4429a\" data-element_type=\"container\" data-e-type=\"container\">\n\t\t\t\t<div class=\"elementor-element elementor-element-0d8e833 elementor-widget elementor-widget-text-editor\" data-id=\"0d8e833\" data-element_type=\"widget\" data-e-type=\"widget\" data-widget_type=\"text-editor.default\">\n\t\t\t\t<div class=\"elementor-widget-container\">\n\t\t\t\t\t\t\t\t\t<div class=\"item_zawartosc_wycinek\"><p>PINB.5160.38.2022.WG<br \/>PINB.5160.39.2022.WG<br \/>PINB.5160.40.2022.WG<\/p><\/div><div class=\"item_zawartosc\"><div class=\"item_zawartosc\"><p align=\"center\">\u00a0\u00a0<strong>OBWIESZCZENIE<\/strong><\/p><p align=\"center\">Powiatowego Inspektora Nadzoru Budowlanego w Policach<\/p><p align=\"center\"><strong><u>z dnia 29 listopada 2024 r.<\/u><\/strong><\/p><p>Na podstawie:<\/p><ul><li>art. 49a ustawy z dnia 14 czerwca 1960 r. Kodeksu post\u0119powania administracyjnego (Dz. U. z 2024 r. poz. 572)oraz<\/li><li>art. 10 \u00a7 1 ustawy z dnia 14 czerwca 1960 r. Kodeks post\u0119powania administracyjnego (tekst jednolity: Dz. U. 2024 r. poz. 725 z p\u00f3\u017an. zm.)<\/li><\/ul><p align=\"center\">Powiatowy Inspektor Nadzoru Budowlanego w Policach<\/p><p align=\"center\"><strong>zawiadamia wszystkie strony w sprawie,<\/strong><\/p><p>\u017ce zosta\u0142y zebrane dowody w sprawach dotycz\u0105cych <strong>monta\u017cu 3 <\/strong><strong>\u0142awek d\u0142. 180 cm na dzia\u0142ce geod. nr gr. 199\/35, o konstrukcji stalowej, z oparciem drewnianym, w msc. Siad\u0142o <\/strong><strong>Dolne<\/strong><strong>,<\/strong> obr\u0119b Siad\u0142o Dolne, gmina Ko\u0142baskowo, powiat policki, przed wydaniem decyzji.<\/p><p><strong>Niniejsze obwieszczenie zamieszcza si\u0119 <u>na okres 14 dni<\/u> tj.: od dnia 29.11.2024 r., do dnia 16.12.2024 r.<\/strong><\/p><p>Strony maj\u0105 prawo wypowiedzenia si\u0119 co do zebranych dowod\u00f3w i materia\u0142\u00f3w<br \/>oraz zg\u0142oszonych \u017c\u0105da\u0144, <strong>w terminie siedmiu dni od daty otrzymania niniejszego zawiadomienia<\/strong>, w siedzibie Powiatowego Inspektoratu Nadzoru Budowlanego<br \/>w Policach przy ul. Tanowskiej 8: w poniedzia\u0142ki od 8.00 do 16.00, w pozosta\u0142e<br \/>dni robocze od 8.00 do 10.00 lub innym terminie po wcze\u015bniejszym uzgodnieniu<br \/>tel. pod nr: 91\u00a0317 80 25<\/p><p align=\"center\">\u00a0<\/p><\/div><\/div>\t\t\t\t\t\t\t\t<\/div>\n\t\t\t\t<\/div>\n\t\t<div class=\"elementor-element elementor-element-484cf33 e-con-full e-flex e-con e-child\" data-id=\"484cf33\" data-element_type=\"container\" data-e-type=\"container\">\n\t\t\t\t<div class=\"elementor-element elementor-element-fc4cd17 elementor-widget elementor-widget-text-editor\" data-id=\"fc4cd17\" data-element_type=\"widget\" data-e-type=\"widget\" data-widget_type=\"text-editor.default\">\n\t\t\t\t<div class=\"elementor-widget-container\">\n\t\t\t\t\t\t\t\t\t<p align=\"center\">Powiatowy Inspektor<br \/>Nadzoru Budowlanego w Policach<br \/>BEATA KO\u0141ODZIEJSKA<\/p>\t\t\t\t\t\t\t\t<\/div>\n\t\t\t\t<\/div>\n\t\t\t\t<\/div>\n\t\t\t\t<\/div>\n\t\t\t\t\t<\/div>\n\t\t\t\t<\/div>\n\t\t\t\t<\/div>\n\t\t","protected":false},"excerpt":{"rendered":"<p>OBWIESZCZENIA dla post\u0119powa\u0144 z udzia\u0142em wi\u0119cej ni\u017c 20 stron PINB.5160.38.2022 PINB.5160.38.2022.WGPINB.5160.39.2022.WGPINB.5160.40.2022.WG \u00a0\u00a0OBWIESZCZENIE Powiatowego Inspektora Nadzoru Budowlanego w Policach z dnia 29 listopada 2024 r. Na podstawie: art. 49a ustawy z dnia 14 czerwca 1960 r. Kodeksu post\u0119powania administracyjnego (Dz. U. z 2024 r. poz. 572)oraz art. 10 \u00a7 1 ustawy z dnia 14 czerwca 1960&#8230;<\/p>\n","protected":false},"author":1,"featured_media":0,"parent":0,"menu_order":0,"comment_status":"closed","ping_status":"closed","template":"","meta":{"_kadence_starter_templates_imported_post":true,"_kad_post_transparent":"","_kad_post_title":"hide","_kad_post_layout":"fullwidth","_kad_post_sidebar_id":"","_kad_post_content_style":"unboxed","_kad_post_vertical_padding":"hide","_kad_post_feature":"hide","_kad_post_feature_position":"","_kad_post_header":false,"_kad_post_footer":false,"_kad_post_classname":"","footnotes":""},"class_list":["post-1830","page","type-page","status-publish","hentry"],"_links":{"self":[{"href":"http:\/\/www.pinbpolice.pl\/BIP\/wp-json\/wp\/v2\/pages\/1830","targetHints":{"allow":["GET"]}}],"collection":[{"href":"http:\/\/www.pinbpolice.pl\/BIP\/wp-json\/wp\/v2\/pages"}],"about":[{"href":"http:\/\/www.pinbpolice.pl\/BIP\/wp-json\/wp\/v2\/types\/page"}],"author":[{"embeddable":true,"href":"http:\/\/www.pinbpolice.pl\/BIP\/wp-json\/wp\/v2\/users\/1"}],"replies":[{"embeddable":true,"href":"http:\/\/www.pinbpolice.pl\/BIP\/wp-json\/wp\/v2\/comments?post=1830"}],"version-history":[{"count":7,"href":"http:\/\/www.pinbpolice.pl\/BIP\/wp-json\/wp\/v2\/pages\/1830\/revisions"}],"predecessor-version":[{"id":3404,"href":"http:\/\/www.pinbpolice.pl\/BIP\/wp-json\/wp\/v2\/pages\/1830\/revisions\/3404"}],"wp:attachment":[{"href":"http:\/\/www.pinbpolice.pl\/BIP\/wp-json\/wp\/v2\/media?parent=1830"}],"curies":[{"name":"wp","href":"https:\/\/api.w.org\/{rel}","templated":true}]}}