{"id":2017,"date":"2023-12-13T12:05:00","date_gmt":"2023-12-13T11:05:00","guid":{"rendered":"http:\/\/localhost:8080\/BIP\/?page_id=2017"},"modified":"2023-12-13T12:16:20","modified_gmt":"2023-12-13T11:16:20","slug":"przedmiot-dzialalnosci","status":"publish","type":"page","link":"http:\/\/www.pinbpolice.pl\/BIP\/przedmiot-dzialalnosci\/","title":{"rendered":"Przedmiot dzia\u0142alno\u015bci"},"content":{"rendered":"\t\t<div data-elementor-type=\"wp-page\" data-elementor-id=\"2017\" class=\"elementor elementor-2017\">\n\t\t\t\t<div class=\"elementor-element elementor-element-e8b134a e-flex e-con-boxed e-con e-parent\" data-id=\"e8b134a\" data-element_type=\"container\" data-e-type=\"container\">\n\t\t\t\t\t<div class=\"e-con-inner\">\n\t\t\t\t<div class=\"elementor-element elementor-element-336ea5f elementor-widget elementor-widget-image\" data-id=\"336ea5f\" data-element_type=\"widget\" data-e-type=\"widget\" data-widget_type=\"image.default\">\n\t\t\t\t<div class=\"elementor-widget-container\">\n\t\t\t\t\t\t\t\t\t\t\t\t\t\t\t<img fetchpriority=\"high\" decoding=\"async\" width=\"1536\" height=\"308\" src=\"http:\/\/www.pinbpolice.pl\/BIP\/wp-content\/uploads\/2023\/12\/cropped-baner-BIP-Police-1536x308.png\" class=\"attachment-1536x1536 size-1536x1536 wp-image-1152\" alt=\"\" srcset=\"http:\/\/www.pinbpolice.pl\/BIP\/wp-content\/uploads\/2023\/12\/cropped-baner-BIP-Police-1536x308.png 1536w, http:\/\/www.pinbpolice.pl\/BIP\/wp-content\/uploads\/2023\/12\/cropped-baner-BIP-Police-700x141.png 700w, http:\/\/www.pinbpolice.pl\/BIP\/wp-content\/uploads\/2023\/12\/cropped-baner-BIP-Police-300x60.png 300w, http:\/\/www.pinbpolice.pl\/BIP\/wp-content\/uploads\/2023\/12\/cropped-baner-BIP-Police-1024x206.png 1024w, http:\/\/www.pinbpolice.pl\/BIP\/wp-content\/uploads\/2023\/12\/cropped-baner-BIP-Police-768x154.png 768w, http:\/\/www.pinbpolice.pl\/BIP\/wp-content\/uploads\/2023\/12\/cropped-baner-BIP-Police-2048x411.png 2048w\" sizes=\"(max-width: 1536px) 100vw, 1536px\" \/>\t\t\t\t\t\t\t\t\t\t\t\t\t\t\t<\/div>\n\t\t\t\t<\/div>\n\t\t\t\t\t<\/div>\n\t\t\t\t<\/div>\n\t\t\t\t<section class=\"elementor-section elementor-top-section elementor-element elementor-element-866b2f4 elementor-hidden-tablet elementor-hidden-phone elementor-section-boxed elementor-section-height-default elementor-section-height-default\" data-id=\"866b2f4\" data-element_type=\"section\" data-e-type=\"section\">\n\t\t\t\t\t\t<div class=\"elementor-container elementor-column-gap-default\">\n\t\t\t\t\t<div class=\"elementor-column elementor-col-100 elementor-top-column elementor-element elementor-element-23b7f4c\" data-id=\"23b7f4c\" data-element_type=\"column\" data-e-type=\"column\">\n\t\t\t<div class=\"elementor-widget-wrap elementor-element-populated\">\n\t\t\t\t\t\t<div class=\"elementor-element elementor-element-b14dfe0 elementor-widget-divider--view-line elementor-widget elementor-widget-divider\" data-id=\"b14dfe0\" data-element_type=\"widget\" data-e-type=\"widget\" data-widget_type=\"divider.default\">\n\t\t\t\t<div class=\"elementor-widget-container\">\n\t\t\t\t\t\t\t<div class=\"elementor-divider\">\n\t\t\t<span class=\"elementor-divider-separator\">\n\t\t\t\t\t\t<\/span>\n\t\t<\/div>\n\t\t\t\t\t\t<\/div>\n\t\t\t\t<\/div>\n\t\t\t\t\t<\/div>\n\t\t<\/div>\n\t\t\t\t\t<\/div>\n\t\t<\/section>\n\t\t<div class=\"elementor-element elementor-element-7cec0e1 e-flex e-con-boxed e-con e-parent\" data-id=\"7cec0e1\" data-element_type=\"container\" data-e-type=\"container\">\n\t\t\t\t\t<div class=\"e-con-inner\">\n\t\t\t\t\t<\/div>\n\t\t\t\t<\/div>\n\t\t<div class=\"elementor-element elementor-element-99c4f7d e-flex e-con-boxed e-con e-parent\" data-id=\"99c4f7d\" data-element_type=\"container\" data-e-type=\"container\">\n\t\t\t\t\t<div class=\"e-con-inner\">\n\t\t\t\t<div class=\"elementor-element elementor-element-2f614c0 elementor-widget elementor-widget-heading\" data-id=\"2f614c0\" data-element_type=\"widget\" data-e-type=\"widget\" data-widget_type=\"heading.default\">\n\t\t\t\t<div class=\"elementor-widget-container\">\n\t\t\t\t\t<p class=\"elementor-heading-title elementor-size-default\">Przedmiot dzia\u0142alno\u015bci<\/p>\t\t\t\t<\/div>\n\t\t\t\t<\/div>\n\t\t\t\t\t<\/div>\n\t\t\t\t<\/div>\n\t\t<div class=\"elementor-element elementor-element-6c87a04 e-flex e-con-boxed e-con e-parent\" data-id=\"6c87a04\" data-element_type=\"container\" data-e-type=\"container\">\n\t\t\t\t\t<div class=\"e-con-inner\">\n\t\t<div class=\"elementor-element elementor-element-4d4429a e-con-full e-flex e-con e-child\" data-id=\"4d4429a\" data-element_type=\"container\" data-e-type=\"container\">\n\t\t\t\t<div class=\"elementor-element elementor-element-0d8e833 elementor-widget elementor-widget-text-editor\" data-id=\"0d8e833\" data-element_type=\"widget\" data-e-type=\"widget\" data-widget_type=\"text-editor.default\">\n\t\t\t\t<div class=\"elementor-widget-container\">\n\t\t\t\t\t\t\t\t\t<p align=\"justify;\">\u00a0<\/p><p style=\"text-align: center;\" align=\"justify;\"><strong><u>Zadania i kompetencje realizowane przez PINB w Policach<\/u><\/strong><\/p><p align=\"justify;\">Na podstawie art. 83 ust. 1 ustawy z dnia 7 lipca 1994 r. &#8211; Prawo budowlane (tekst jednolity Dz. U z 2020 r., poz. 1333 ze zm.) do w\u0142a\u015bciwo\u015bci Powiatowego Inspektora Nadzoru Budowlanego jako organu pierwszej instancji nale\u017c\u0105:<\/p><p align=\"justyfy\">&#8211; zmiana inwestora w decyzjach organu nadzoru budowlanego na wznowienie robot budowlanych (art. 40 ust. 2 Pb)<br \/>&#8211; przyjmowanie zawiadomie\u0144 o zamierzonym terminie rozpocz\u0119cia rob\u00f3t budowlanych, na kt\u00f3re jest wymagane pozwolenie na budow\u0119 oraz o\u015bwiadcze\u0144 kierownika budowy i inspektora nadzoru inwestorskiego (art. 41 ust. 4 Pb)<br \/>&#8211; przyjmowanie zawiadomie\u0144 inwestora o zmianie: kierownika budowy lub rob\u00f3t, inspektora nadzoru inwestorskiego, projektanta sprawuj\u0105cego nadz\u00f3r autorski (art. 44 ust. 1 Pb)<br \/>&#8211; wydawanie nakaz\u00f3w, w drodze decyzji, rozbi\u00f3rki obiektu budowlanego lub jego cz\u0119\u015bci (art.48, 49b, 50a, 51 Pb)<br \/>&#8211; badanie: zgodno\u015bci projektu zagospodarowania dzia\u0142ki lub terenu z przepisami o planowaniu i zagospodarowaniu przestrzennym; kompletno\u015bci projektu budowlanego i posiadania wymaganych opinii, pozwole\u0144 i sprawdze\u0144; wykonania projektu przez osob\u0119 posiadaj\u0105c\u0105 wymagane uprawnienia budowlane (art. 49 Pb)<br \/>&#8211; sprawy dotycz\u0105ce op\u0142aty legalizacyjnej (art. 49, 49a, 49b Pb)<br \/>&#8211; wydawanie postanowie\u0144 o wstrzymaniu rob\u00f3t budowlanych (art. 48, 49b, 50 Pb)<br \/>&#8211; wydawanie decyzji zwi\u0105zanych z niew\u0142a\u015bciwym wykonaniem rob\u00f3t budowlanych (art. 51 Pb)<br \/>&#8211; przyjmowanie zawiadomie\u0144 o zako\u0144czeniu rob\u00f3t budowlanych i wydawanie decyzji o pozwoleniu na u\u017cytkowanie (art. 54, 55, 57 ust. 4, 59 Pb)<br \/>&#8211; przeprowadzanie obowi\u0105zkowej kontroli budowy (art. 59a, 59c ust. 1, 59d ust. 1, 59g ust. 1 Pb)<br \/>&#8211; wydawanie decyzji nakazuj\u0105cej przeprowadzenie kontroli obiekt\u00f3w budowlanych w czasie ich u\u017cytkowania (art. 62 ust. 3 Pb)<br \/>&#8211; prawo \u017c\u0105dania udost\u0119pnienia od w\u0142a\u015bciciela lub zarz\u0105dcy obiektu budowlanego, protoko\u0142\u00f3w z kontroli obiektu budowlanego, ocen i ekspertyz dotycz\u0105cych stanu technicznego oraz dokumentacji budowy i dokumentacji powykonawczej (art. 65 Pb)<br \/>&#8211; wydawanie, w drodze decyzji, nakaz\u00f3w usuni\u0119cia stwierdzonych nieprawid\u0142owo\u015bci (art. 66 Pb)<br \/>&#8211; wydawanie decyzji nakazuj\u0105cych w\u0142a\u015bcicielowi lub zarz\u0105dcy, rozbi\u00f3rk\u0119 obiektu i uporz\u0105dkowanie terenu, w przypadku gdy obiekt budowlany nie nadaje si\u0119 do remontu, odbudowy lub wyko\u0144czenia (art. 67 ust. 1 Pb)<br \/>&#8211; wydawanie, w drodze decyzji, nakaz\u00f3w w\u0142a\u015bcicielowi lub zarz\u0105dcy, obiektu budowlanego bezpo\u015brednio gro\u017c\u0105cego zawaleniem, opr\u00f3\u017cnienia b\u0105d\u017a wy\u0142\u0105czenia, w okre\u015blonym terminie, ca\u0142o\u015bci lub cz\u0119\u015bci budynku z u\u017cytkowania; przesy\u0142anie ww decyzji, obowi\u0105zanemu do zapewnienia lokali zamiennych na podstawie odr\u0119bnych przepis\u00f3w (art. 68 Pb)<br \/>&#8211; wydawanie zarz\u0105dze\u0144: umieszczenia na budynku zawiadomienia o stanie zagro\u017cenia<br \/>bezpiecze\u0144stwa ludzi lub mienia oraz zakazie jego u\u017cytkowania, wykonania dora\u017anych<br \/>zabezpiecze\u0144 i usuni\u0119cie zagro\u017cenia bezpiecze\u0144stwa ludzi lub mienia z okre\u015bleniem termin\u00f3w ich wykonania (art. 68 Pb)<br \/>&#8211; zapewnienie, na koszt w\u0142a\u015bciciela lub zarz\u0105dcy obiektu budowlanego, zastosowania niezb\u0119dnych \u015brodk\u00f3w zabezpieczaj\u0105cych, w razie konieczno\u015bci podj\u0119cia dzia\u0142a\u0144 maj\u0105cych na celu usuni\u0119cie niebezpiecze\u0144stwa dla ludzi lub mienia (art. 69 Pb)<br \/>&#8211; przyjmowanie protoko\u0142\u00f3w pokontrolnych dotycz\u0105cych przeprowadzanych kontroli stanu<br \/>technicznego obiektu budowlanego lub jego cz\u0119\u015bci (art. 70 ust. 2 Pb)<br \/>&#8211; nakazywanie, w drodze decyzji, w\u0142a\u015bcicielowi albo zarz\u0105dcy przywr\u00f3cenie poprzedniego sposobu u\u017cytkowania obiektu budowlanego lub jego cz\u0119\u015bci, w razie zmiany sposobu u\u017cytkowania obiektu budowlanego lub jego cz\u0119\u015bci bez pozwolenia (art. 71a Pb)<br \/>&#8211; prowadzenie post\u0119powa\u0144 wyja\u015bniaj\u0105cych w sprawie przyczyny katastrofy budowlanej (art. 74 Pb)<br \/>&#8211; przyjmowanie zawiadomie\u0144 o katastrofach budowlanych (art. 75 ust. 1 pkt 3 lit. a) Pb)<br \/>&#8211; obowi\u0105zek niezw\u0142ocznego powo\u0142ania, po otrzymaniu zawiadomienia o katastrofie budowlanej, komisji w celu ustalenia przyczyn i okoliczno\u015bci katastrofy budowlanej oraz zakresu czynno\u015bci niezb\u0119dnych do likwidacji zagro\u017cenia bezpiecze\u0144stwa ludzi lub mienia (art. 76 Pb)<br \/>&#8211; obowi\u0105zek niezw\u0142ocznego powiadomienia, po otrzymaniu zawiadomienia, o katastrofie budowlanej w\u0142a\u015bciwego organu nadzoru budowlanego wy\u017cszego stopnia oraz G\u0142\u00f3wnego Inspektora Nadzoru Budowlanego (art.76 Pb)<br \/>&#8211; wydawanie decyzji dotycz\u0105cych czynno\u015bci zabezpieczaj\u0105cych w przypadku wyst\u0105pienia katastrofy budowlanej (art.78 Pb)<br \/>&#8211; zg\u0142aszanie wniosk\u00f3w dotycz\u0105cych wszcz\u0119cia post\u0119powania w sprawie odpowiedzialno\u015bci zawodowej w budownictwie (art. 97 ust. 1 Pb)<br \/>&#8211; prowadzenie post\u0119powa\u0144 egzekucyjnych<br \/>&#8211; odpowiedzi na skargi i wnioski<\/p>\t\t\t\t\t\t\t\t<\/div>\n\t\t\t\t<\/div>\n\t\t\t\t<\/div>\n\t\t\t\t\t<\/div>\n\t\t\t\t<\/div>\n\t\t\t\t<section class=\"elementor-section elementor-top-section elementor-element elementor-element-2909dd5 elementor-hidden-tablet elementor-hidden-phone elementor-section-boxed elementor-section-height-default elementor-section-height-default\" data-id=\"2909dd5\" data-element_type=\"section\" data-e-type=\"section\">\n\t\t\t\t\t\t<div class=\"elementor-container elementor-column-gap-default\">\n\t\t\t\t\t<div class=\"elementor-column elementor-col-100 elementor-top-column elementor-element elementor-element-ef5af32\" data-id=\"ef5af32\" data-element_type=\"column\" data-e-type=\"column\">\n\t\t\t<div class=\"elementor-widget-wrap elementor-element-populated\">\n\t\t\t\t\t\t<div class=\"elementor-element elementor-element-7ae0cd3 elementor-widget-divider--view-line elementor-widget elementor-widget-divider\" data-id=\"7ae0cd3\" data-element_type=\"widget\" data-e-type=\"widget\" data-widget_type=\"divider.default\">\n\t\t\t\t<div class=\"elementor-widget-container\">\n\t\t\t\t\t\t\t<div class=\"elementor-divider\">\n\t\t\t<span class=\"elementor-divider-separator\">\n\t\t\t\t\t\t<\/span>\n\t\t<\/div>\n\t\t\t\t\t\t<\/div>\n\t\t\t\t<\/div>\n\t\t\t\t\t<\/div>\n\t\t<\/div>\n\t\t\t\t\t<\/div>\n\t\t<\/section>\n\t\t\t\t<section class=\"elementor-section elementor-top-section elementor-element elementor-element-caab393 elementor-section-boxed elementor-section-height-default elementor-section-height-default\" data-id=\"caab393\" data-element_type=\"section\" data-e-type=\"section\">\n\t\t\t\t\t\t<div class=\"elementor-container elementor-column-gap-default\">\n\t\t\t\t\t<div class=\"elementor-column elementor-col-100 elementor-top-column elementor-element elementor-element-2675c98\" data-id=\"2675c98\" data-element_type=\"column\" data-e-type=\"column\">\n\t\t\t<div class=\"elementor-widget-wrap elementor-element-populated\">\n\t\t\t\t\t\t<div class=\"elementor-element elementor-element-f7c3743 elementor-widget-divider--view-line elementor-widget elementor-widget-divider\" data-id=\"f7c3743\" data-element_type=\"widget\" data-e-type=\"widget\" data-widget_type=\"divider.default\">\n\t\t\t\t<div class=\"elementor-widget-container\">\n\t\t\t\t\t\t\t<div class=\"elementor-divider\">\n\t\t\t<span class=\"elementor-divider-separator\">\n\t\t\t\t\t\t<\/span>\n\t\t<\/div>\n\t\t\t\t\t\t<\/div>\n\t\t\t\t<\/div>\n\t\t\t\t\t<\/div>\n\t\t<\/div>\n\t\t\t\t\t<\/div>\n\t\t<\/section>\n\t\t\t\t<\/div>\n\t\t","protected":false},"excerpt":{"rendered":"<p>Przedmiot dzia\u0142alno\u015bci \u00a0 Zadania i kompetencje realizowane przez PINB w Policach Na podstawie art. 83 ust. 1 ustawy z dnia 7 lipca 1994 r. &#8211; Prawo budowlane (tekst jednolity Dz. U z 2020 r., poz. 1333 ze zm.) do w\u0142a\u015bciwo\u015bci Powiatowego Inspektora Nadzoru Budowlanego jako organu pierwszej instancji nale\u017c\u0105: &#8211; zmiana inwestora w decyzjach organu&#8230;<\/p>\n","protected":false},"author":1,"featured_media":0,"parent":0,"menu_order":0,"comment_status":"closed","ping_status":"closed","template":"","meta":{"_kadence_starter_templates_imported_post":true,"_kad_post_transparent":"","_kad_post_title":"hide","_kad_post_layout":"fullwidth","_kad_post_sidebar_id":"","_kad_post_content_style":"unboxed","_kad_post_vertical_padding":"hide","_kad_post_feature":"hide","_kad_post_feature_position":"","_kad_post_header":false,"_kad_post_footer":false,"_kad_post_classname":"","footnotes":""},"class_list":["post-2017","page","type-page","status-publish","hentry"],"_links":{"self":[{"href":"http:\/\/www.pinbpolice.pl\/BIP\/wp-json\/wp\/v2\/pages\/2017","targetHints":{"allow":["GET"]}}],"collection":[{"href":"http:\/\/www.pinbpolice.pl\/BIP\/wp-json\/wp\/v2\/pages"}],"about":[{"href":"http:\/\/www.pinbpolice.pl\/BIP\/wp-json\/wp\/v2\/types\/page"}],"author":[{"embeddable":true,"href":"http:\/\/www.pinbpolice.pl\/BIP\/wp-json\/wp\/v2\/users\/1"}],"replies":[{"embeddable":true,"href":"http:\/\/www.pinbpolice.pl\/BIP\/wp-json\/wp\/v2\/comments?post=2017"}],"version-history":[{"count":0,"href":"http:\/\/www.pinbpolice.pl\/BIP\/wp-json\/wp\/v2\/pages\/2017\/revisions"}],"wp:attachment":[{"href":"http:\/\/www.pinbpolice.pl\/BIP\/wp-json\/wp\/v2\/media?parent=2017"}],"curies":[{"name":"wp","href":"https:\/\/api.w.org\/{rel}","templated":true}]}}