{"id":2038,"date":"2023-12-14T07:58:51","date_gmt":"2023-12-14T06:58:51","guid":{"rendered":"http:\/\/localhost:8080\/BIP\/?page_id=2038"},"modified":"2023-12-14T08:04:03","modified_gmt":"2023-12-14T07:04:03","slug":"ochrona-danych-osobowych","status":"publish","type":"page","link":"http:\/\/www.pinbpolice.pl\/BIP\/ochrona-danych-osobowych\/","title":{"rendered":"Ochrona danych osobowych"},"content":{"rendered":"\t\t<div data-elementor-type=\"wp-page\" data-elementor-id=\"2038\" class=\"elementor elementor-2038\">\n\t\t\t\t<div class=\"elementor-element elementor-element-e8b134a e-flex e-con-boxed e-con e-parent\" data-id=\"e8b134a\" data-element_type=\"container\" data-e-type=\"container\">\n\t\t\t\t\t<div class=\"e-con-inner\">\n\t\t\t\t<div class=\"elementor-element elementor-element-336ea5f elementor-widget elementor-widget-image\" data-id=\"336ea5f\" data-element_type=\"widget\" data-e-type=\"widget\" data-widget_type=\"image.default\">\n\t\t\t\t<div class=\"elementor-widget-container\">\n\t\t\t\t\t\t\t\t\t\t\t\t\t\t\t<img fetchpriority=\"high\" decoding=\"async\" width=\"1536\" height=\"308\" src=\"http:\/\/www.pinbpolice.pl\/BIP\/wp-content\/uploads\/2023\/12\/cropped-baner-BIP-Police-1536x308.png\" class=\"attachment-1536x1536 size-1536x1536 wp-image-1152\" alt=\"\" srcset=\"http:\/\/www.pinbpolice.pl\/BIP\/wp-content\/uploads\/2023\/12\/cropped-baner-BIP-Police-1536x308.png 1536w, http:\/\/www.pinbpolice.pl\/BIP\/wp-content\/uploads\/2023\/12\/cropped-baner-BIP-Police-700x141.png 700w, http:\/\/www.pinbpolice.pl\/BIP\/wp-content\/uploads\/2023\/12\/cropped-baner-BIP-Police-300x60.png 300w, http:\/\/www.pinbpolice.pl\/BIP\/wp-content\/uploads\/2023\/12\/cropped-baner-BIP-Police-1024x206.png 1024w, http:\/\/www.pinbpolice.pl\/BIP\/wp-content\/uploads\/2023\/12\/cropped-baner-BIP-Police-768x154.png 768w, http:\/\/www.pinbpolice.pl\/BIP\/wp-content\/uploads\/2023\/12\/cropped-baner-BIP-Police-2048x411.png 2048w\" sizes=\"(max-width: 1536px) 100vw, 1536px\" \/>\t\t\t\t\t\t\t\t\t\t\t\t\t\t\t<\/div>\n\t\t\t\t<\/div>\n\t\t\t\t\t<\/div>\n\t\t\t\t<\/div>\n\t\t\t\t<section class=\"elementor-section elementor-top-section elementor-element elementor-element-866b2f4 elementor-hidden-tablet elementor-hidden-phone elementor-section-boxed elementor-section-height-default elementor-section-height-default\" data-id=\"866b2f4\" data-element_type=\"section\" data-e-type=\"section\">\n\t\t\t\t\t\t<div class=\"elementor-container elementor-column-gap-default\">\n\t\t\t\t\t<div class=\"elementor-column elementor-col-100 elementor-top-column elementor-element elementor-element-23b7f4c\" data-id=\"23b7f4c\" data-element_type=\"column\" data-e-type=\"column\">\n\t\t\t<div class=\"elementor-widget-wrap elementor-element-populated\">\n\t\t\t\t\t\t<div class=\"elementor-element elementor-element-b14dfe0 elementor-widget-divider--view-line elementor-widget elementor-widget-divider\" data-id=\"b14dfe0\" data-element_type=\"widget\" data-e-type=\"widget\" data-widget_type=\"divider.default\">\n\t\t\t\t<div class=\"elementor-widget-container\">\n\t\t\t\t\t\t\t<div class=\"elementor-divider\">\n\t\t\t<span class=\"elementor-divider-separator\">\n\t\t\t\t\t\t<\/span>\n\t\t<\/div>\n\t\t\t\t\t\t<\/div>\n\t\t\t\t<\/div>\n\t\t\t\t\t<\/div>\n\t\t<\/div>\n\t\t\t\t\t<\/div>\n\t\t<\/section>\n\t\t<div class=\"elementor-element elementor-element-7cec0e1 e-flex e-con-boxed e-con e-parent\" data-id=\"7cec0e1\" data-element_type=\"container\" data-e-type=\"container\">\n\t\t\t\t\t<div class=\"e-con-inner\">\n\t\t\t\t\t<\/div>\n\t\t\t\t<\/div>\n\t\t<div class=\"elementor-element elementor-element-99c4f7d e-flex e-con-boxed e-con e-parent\" data-id=\"99c4f7d\" data-element_type=\"container\" data-e-type=\"container\">\n\t\t\t\t\t<div class=\"e-con-inner\">\n\t\t\t\t<div class=\"elementor-element elementor-element-2f614c0 elementor-widget elementor-widget-heading\" data-id=\"2f614c0\" data-element_type=\"widget\" data-e-type=\"widget\" data-widget_type=\"heading.default\">\n\t\t\t\t<div class=\"elementor-widget-container\">\n\t\t\t\t\t<p class=\"elementor-heading-title elementor-size-default\">Ochrona danych osobowych<\/p>\t\t\t\t<\/div>\n\t\t\t\t<\/div>\n\t\t\t\t\t<\/div>\n\t\t\t\t<\/div>\n\t\t<div class=\"elementor-element elementor-element-6c87a04 e-flex e-con-boxed e-con e-parent\" data-id=\"6c87a04\" data-element_type=\"container\" data-e-type=\"container\">\n\t\t\t\t\t<div class=\"e-con-inner\">\n\t\t<div class=\"elementor-element elementor-element-4d4429a e-con-full e-flex e-con e-child\" data-id=\"4d4429a\" data-element_type=\"container\" data-e-type=\"container\">\n\t\t\t\t<div class=\"elementor-element elementor-element-0d8e833 elementor-widget elementor-widget-text-editor\" data-id=\"0d8e833\" data-element_type=\"widget\" data-e-type=\"widget\" data-widget_type=\"text-editor.default\">\n\t\t\t\t<div class=\"elementor-widget-container\">\n\t\t\t\t\t\t\t\t\t<p style=\"text-align: center;\"><strong>Informacja Administratora dotycz\u0105ca przetwarzania danych osobowych<\/strong><\/p><p>Zgodnie z art. 13 rozporz\u0105dzenia Parlamentu Europejskiego i Rady (UE) 2016\/679 z 27.04.2016\u00a0r. w sprawie ochrony os\u00f3b fizycznych w zwi\u0105zku z\u00a0przetwarzaniem danych osobowych i w sprawie swobodnego przep\u0142ywu takich danych oraz uchylenia dyrektywy 95\/46\/WE (og\u00f3lne rozporz\u0105dzenie o ochronie danych) (Dz. Urz. UE L 119, s. 1) \u2013 dalej RODO \u2212 informujemy, \u017ce:<\/p><p><strong>Administratorem danych osobowych jest Powiatowy Inspektor Nadzoru Budowlanego w Policach (PINB) z siedzib\u0105 przy ul. Tanowskiej 8 w Policach.<\/strong><\/p><p>1. Inspektor Ochrony Danych Osobowych w Powiatowym Inspektoracie Nadzoru Budowlanego w Policach \u2013 dane kontaktowe:<\/p><p>Inspektor Ochrony Danych Osobowych (RODO) ul. Tanowska 8, 72 \u2013 010 Police tel.: 91\u00a0317 80 25<\/p><p>2. Dane osobowe b\u0119d\u0105 przetwarzane w celu wype\u0142nienia obowi\u0105zku zada\u0144 ustawowych realizowanych przez PINB w Policach na podstawie obowi\u0105zuj\u0105cych przepis\u00f3w prawa \u2013 art. 6 ust. 1 RODO.<\/p><p>3. Dane osobowe pozyskiwane s\u0105 od interesant\u00f3w, os\u00f3b trzecich i innych organ\u00f3w publicznych w zale\u017cno\u015bci od realizowanych zada\u0144 i mog\u0105 by\u0107 udost\u0119pniane osobom fizycznym lub prawnym, podmiotom i organom, kt\u00f3rym Powiatowy Inspektor Nadzoru Budowlanego w Policach jest zobowi\u0105zany lub upowa\u017cniony udost\u0119pni\u0107 dane osobowe na podstawie powszechnie obowi\u0105zuj\u0105cych przepis\u00f3w prawa.<\/p><p>4. Dane osobowe b\u0119d\u0105 przetwarzane przez okres niezb\u0119dny do realizacji wype\u0142nienia zada\u0144 wynikaj\u0105cych z przepis\u00f3w prawa, w tym r\u00f3wnie\u017c obowi\u0105zku archiwizacyjnego.<\/p><p>5. Osoby, kt\u00f3rych przetwarzanie danych osobowych dotyczy, maj\u0105 prawo:<\/p><p>&#8211; dost\u0119pu do tre\u015bci danych osobowych,<br \/>&#8211; do sprostowania danych,<br \/>&#8211; do usuni\u0119cia danych,<br \/>&#8211; do ograniczenia przetwarzania danych,<br \/>&#8211; do wniesienia sprzeciwu wobec przetwarzania danych,<br \/>&#8211; do cofni\u0119cia zgody w przypadkach okre\u015blonych w przepisach RODO,<br \/>&#8211; do przenoszenia danych w przypadkach okre\u015blonych w przepisach RODO,<\/p><p>6. W przypadku przetwarzania danych osobowych na podstawie wyra\u017cenia zgody, przys\u0142uguje prawo do cofni\u0119cia zgody w dowolnym momencie bez wp\u0142ywu na zgodno\u015b\u0107 z prawem przetwarzania, kt\u00f3rego dokonano na podstawie zgody przed jej cofni\u0119ciem.<\/p><p>7. Istnieje prawo wniesienia skargi do organu nadzorczego \u2013 Prezesa Urz\u0119du Ochrony Danych Osobowych \u2013 w momencie przetwarzania danych osobowych niezgodnie z przepisami RODO.<\/p><p>8. Podanie danych osobowych jest warunkiem podj\u0119cia czynno\u015bci w Powiatowym Inspektoracie Nadzoru Budowlanego w Policach przy czym podanie danych jest:<\/p><p>&#8211; obowi\u0105zkowe, je\u017celi tak stanowi\u0105 przepisy,<\/p><p>&#8211; dobrowolne, je\u017celi odbywa si\u0119 na podstawie wyra\u017conej zgody lub ma na celu zawarcie umowy. Konsekwencj\u0105 niepodania danych b\u0119dzie brak mo\u017cliwo\u015bci podj\u0119cia czynno\u015bci przez Administratora.<\/p><p>9. Dane osobowe nie b\u0119d\u0105 przetwarzane w spos\u00f3b zautomatyzowany i nie b\u0119d\u0105 profilowane.<\/p>\t\t\t\t\t\t\t\t<\/div>\n\t\t\t\t<\/div>\n\t\t\t\t<\/div>\n\t\t\t\t\t<\/div>\n\t\t\t\t<\/div>\n\t\t\t\t<section class=\"elementor-section elementor-top-section elementor-element elementor-element-2909dd5 elementor-hidden-tablet elementor-hidden-phone elementor-section-boxed elementor-section-height-default elementor-section-height-default\" data-id=\"2909dd5\" data-element_type=\"section\" data-e-type=\"section\">\n\t\t\t\t\t\t<div class=\"elementor-container elementor-column-gap-default\">\n\t\t\t\t\t<div class=\"elementor-column elementor-col-100 elementor-top-column elementor-element elementor-element-ef5af32\" data-id=\"ef5af32\" data-element_type=\"column\" data-e-type=\"column\">\n\t\t\t<div class=\"elementor-widget-wrap elementor-element-populated\">\n\t\t\t\t\t\t<div class=\"elementor-element elementor-element-7ae0cd3 elementor-widget-divider--view-line elementor-widget elementor-widget-divider\" data-id=\"7ae0cd3\" data-element_type=\"widget\" data-e-type=\"widget\" data-widget_type=\"divider.default\">\n\t\t\t\t<div class=\"elementor-widget-container\">\n\t\t\t\t\t\t\t<div class=\"elementor-divider\">\n\t\t\t<span class=\"elementor-divider-separator\">\n\t\t\t\t\t\t<\/span>\n\t\t<\/div>\n\t\t\t\t\t\t<\/div>\n\t\t\t\t<\/div>\n\t\t\t\t\t<\/div>\n\t\t<\/div>\n\t\t\t\t\t<\/div>\n\t\t<\/section>\n\t\t\t\t<section class=\"elementor-section elementor-top-section elementor-element elementor-element-caab393 elementor-section-boxed elementor-section-height-default elementor-section-height-default\" data-id=\"caab393\" data-element_type=\"section\" data-e-type=\"section\">\n\t\t\t\t\t\t<div class=\"elementor-container elementor-column-gap-default\">\n\t\t\t\t\t<div class=\"elementor-column elementor-col-100 elementor-top-column elementor-element elementor-element-2675c98\" data-id=\"2675c98\" data-element_type=\"column\" data-e-type=\"column\">\n\t\t\t<div class=\"elementor-widget-wrap elementor-element-populated\">\n\t\t\t\t\t\t<div class=\"elementor-element elementor-element-f7c3743 elementor-widget-divider--view-line elementor-widget elementor-widget-divider\" data-id=\"f7c3743\" data-element_type=\"widget\" data-e-type=\"widget\" data-widget_type=\"divider.default\">\n\t\t\t\t<div class=\"elementor-widget-container\">\n\t\t\t\t\t\t\t<div class=\"elementor-divider\">\n\t\t\t<span class=\"elementor-divider-separator\">\n\t\t\t\t\t\t<\/span>\n\t\t<\/div>\n\t\t\t\t\t\t<\/div>\n\t\t\t\t<\/div>\n\t\t\t\t\t<\/div>\n\t\t<\/div>\n\t\t\t\t\t<\/div>\n\t\t<\/section>\n\t\t\t\t<\/div>\n\t\t","protected":false},"excerpt":{"rendered":"<p>Ochrona danych osobowych Informacja Administratora dotycz\u0105ca przetwarzania danych osobowych Zgodnie z art. 13 rozporz\u0105dzenia Parlamentu Europejskiego i Rady (UE) 2016\/679 z 27.04.2016\u00a0r. w sprawie ochrony os\u00f3b fizycznych w zwi\u0105zku z\u00a0przetwarzaniem danych osobowych i w sprawie swobodnego przep\u0142ywu takich danych oraz uchylenia dyrektywy 95\/46\/WE (og\u00f3lne rozporz\u0105dzenie o ochronie danych) (Dz. Urz. UE L 119, s. 1)&#8230;<\/p>\n","protected":false},"author":1,"featured_media":0,"parent":0,"menu_order":0,"comment_status":"closed","ping_status":"closed","template":"","meta":{"_kadence_starter_templates_imported_post":true,"_kad_post_transparent":"","_kad_post_title":"hide","_kad_post_layout":"fullwidth","_kad_post_sidebar_id":"","_kad_post_content_style":"unboxed","_kad_post_vertical_padding":"hide","_kad_post_feature":"hide","_kad_post_feature_position":"","_kad_post_header":false,"_kad_post_footer":false,"_kad_post_classname":"","footnotes":""},"class_list":["post-2038","page","type-page","status-publish","hentry"],"_links":{"self":[{"href":"http:\/\/www.pinbpolice.pl\/BIP\/wp-json\/wp\/v2\/pages\/2038","targetHints":{"allow":["GET"]}}],"collection":[{"href":"http:\/\/www.pinbpolice.pl\/BIP\/wp-json\/wp\/v2\/pages"}],"about":[{"href":"http:\/\/www.pinbpolice.pl\/BIP\/wp-json\/wp\/v2\/types\/page"}],"author":[{"embeddable":true,"href":"http:\/\/www.pinbpolice.pl\/BIP\/wp-json\/wp\/v2\/users\/1"}],"replies":[{"embeddable":true,"href":"http:\/\/www.pinbpolice.pl\/BIP\/wp-json\/wp\/v2\/comments?post=2038"}],"version-history":[{"count":0,"href":"http:\/\/www.pinbpolice.pl\/BIP\/wp-json\/wp\/v2\/pages\/2038\/revisions"}],"wp:attachment":[{"href":"http:\/\/www.pinbpolice.pl\/BIP\/wp-json\/wp\/v2\/media?parent=2038"}],"curies":[{"name":"wp","href":"https:\/\/api.w.org\/{rel}","templated":true}]}}