{"id":1395,"date":"2023-12-11T14:26:39","date_gmt":"2023-12-11T13:26:39","guid":{"rendered":"http:\/\/localhost:8080\/BIP\/?page_id=1395"},"modified":"2026-03-03T10:55:52","modified_gmt":"2026-03-03T09:55:52","slug":"obwieszczenia-dla-postepowan-z-udzialem-wiecej-niz-20-stron","status":"publish","type":"page","link":"https:\/\/www.pinbpolice.pl\/BIP\/obwieszczenia-dla-postepowan-z-udzialem-wiecej-niz-20-stron\/","title":{"rendered":"OBWIESZCZENIA dla post\u0119powa\u0144 z udzia\u0142em wi\u0119cej ni\u017c 20 stron"},"content":{"rendered":"\t\t<div data-elementor-type=\"wp-page\" data-elementor-id=\"1395\" class=\"elementor elementor-1395\">\n\t\t\t\t<div class=\"elementor-element elementor-element-e8b134a e-flex e-con-boxed e-con e-parent\" data-id=\"e8b134a\" data-element_type=\"container\" data-e-type=\"container\">\n\t\t\t\t\t<div class=\"e-con-inner\">\n\t\t\t\t<div class=\"elementor-element elementor-element-336ea5f elementor-widget elementor-widget-image\" data-id=\"336ea5f\" data-element_type=\"widget\" data-e-type=\"widget\" data-widget_type=\"image.default\">\n\t\t\t\t<div class=\"elementor-widget-container\">\n\t\t\t\t\t\t\t\t\t\t\t\t\t\t\t<img fetchpriority=\"high\" decoding=\"async\" width=\"1536\" height=\"308\" src=\"https:\/\/www.pinbpolice.pl\/BIP\/wp-content\/uploads\/2023\/12\/cropped-baner-BIP-Police-1536x308.png\" class=\"attachment-1536x1536 size-1536x1536 wp-image-1152\" alt=\"\" srcset=\"https:\/\/www.pinbpolice.pl\/BIP\/wp-content\/uploads\/2023\/12\/cropped-baner-BIP-Police-1536x308.png 1536w, https:\/\/www.pinbpolice.pl\/BIP\/wp-content\/uploads\/2023\/12\/cropped-baner-BIP-Police-700x141.png 700w, https:\/\/www.pinbpolice.pl\/BIP\/wp-content\/uploads\/2023\/12\/cropped-baner-BIP-Police-300x60.png 300w, https:\/\/www.pinbpolice.pl\/BIP\/wp-content\/uploads\/2023\/12\/cropped-baner-BIP-Police-1024x206.png 1024w, https:\/\/www.pinbpolice.pl\/BIP\/wp-content\/uploads\/2023\/12\/cropped-baner-BIP-Police-768x154.png 768w, https:\/\/www.pinbpolice.pl\/BIP\/wp-content\/uploads\/2023\/12\/cropped-baner-BIP-Police-2048x411.png 2048w\" sizes=\"(max-width: 1536px) 100vw, 1536px\" \/>\t\t\t\t\t\t\t\t\t\t\t\t\t\t\t<\/div>\n\t\t\t\t<\/div>\n\t\t\t\t\t<\/div>\n\t\t\t\t<\/div>\n\t\t\t\t<section class=\"elementor-section elementor-top-section elementor-element elementor-element-43c4b35 elementor-section-boxed elementor-section-height-default elementor-section-height-default\" data-id=\"43c4b35\" data-element_type=\"section\" data-e-type=\"section\">\n\t\t\t\t\t\t<div class=\"elementor-container elementor-column-gap-default\">\n\t\t\t\t\t<div class=\"elementor-column elementor-col-100 elementor-top-column elementor-element elementor-element-bdfc8de\" data-id=\"bdfc8de\" data-element_type=\"column\" data-e-type=\"column\" data-settings=\"{&quot;background_background&quot;:&quot;classic&quot;}\">\n\t\t\t<div class=\"elementor-widget-wrap elementor-element-populated\">\n\t\t\t\t\t\t<div class=\"elementor-element elementor-element-2015af0 elementor-widget elementor-widget-heading\" data-id=\"2015af0\" data-element_type=\"widget\" data-e-type=\"widget\" data-widget_type=\"heading.default\">\n\t\t\t\t<div class=\"elementor-widget-container\">\n\t\t\t\t\t<p class=\"elementor-heading-title elementor-size-default\"><span style=\"font-size: 26pt;color: black\">OBWIESZCZENIA dla post\u0119powa\u0144 z udzia\u0142em wi\u0119cej ni\u017c 20 stron<\/span><\/p>\t\t\t\t<\/div>\n\t\t\t\t<\/div>\n\t\t\t\t\t<\/div>\n\t\t<\/div>\n\t\t\t\t\t<\/div>\n\t\t<\/section>\n\t\t<div class=\"elementor-element elementor-element-6c87a04 e-flex e-con-boxed e-con e-parent\" data-id=\"6c87a04\" data-element_type=\"container\" data-e-type=\"container\">\n\t\t\t\t\t<div class=\"e-con-inner\">\n\t\t<div class=\"elementor-element elementor-element-4d4429a e-flex e-con-boxed e-con e-child\" data-id=\"4d4429a\" data-element_type=\"container\" data-e-type=\"container\">\n\t\t\t\t\t<div class=\"e-con-inner\">\n\t\t\t\t<div class=\"elementor-element elementor-element-0d8e833 elementor-widget elementor-widget-text-editor\" data-id=\"0d8e833\" data-element_type=\"widget\" data-e-type=\"widget\" data-widget_type=\"text-editor.default\">\n\t\t\t\t<div class=\"elementor-widget-container\">\n\t\t\t\t\t\t\t\t\t<p>\u00a0<\/p><hr \/><p><a href=\"https:\/\/www.pinbpolice.pl\/BIP\/pinb-5140-33-2025-asz-z-dnia-3-marca-2026-r-obwieszczenie\/\">PINB.5140.33.2025.ASZ; <strong>z dnia 3 marca 2026 r.OBWIESZCZENIE<\/strong><\/a><\/p><hr \/><p><a href=\"https:\/\/www.pinbpolice.pl\/BIP\/pinb-5160-29-2021-bk-pinb-5160-44-2021-bk-pinb-5160-38-2022-bk-pinb-5160-39-2022-bk-pinb-5160-40-2022-bk-pinb-5160-41-2022-bk-pinb-5160-42-2022-bk-z-dnia-23-grudnia-2025-r-obwieszczenie\/\">PINB.5160.29.2021.BK; PINB.5160.44.2021.BK; PINB.5160.38.2022.BK PINB.5160.39.2022.BK; PINB.5160.40.2022.BK; PINB.5160.41.2022.BK PINB.5160.42.2022.BK; <strong>z dnia 23 grudnia 2025 r.\u00a0 OBWIESZCZENIE<\/strong>\u00a0<\/a><\/p><hr \/><hr \/><p style=\"text-align: left;\"><a href=\"https:\/\/www.pinbpolice.pl\/BIP\/pinb-5160-29-2021-bk-pinb-5160-44-2021-bk-pinb-5160-38-2022-bk-pinb-5160-39-2022-bk-pinb-5160-40-2022-bk-pinb-5160-41-2022-bk-pinb-5160-42-2022-bk-pinb-5160-20-2023-bk-z-dnia-27-listopada-2025-r\/\">PINB.5160.29.2021.BK; PINB.5160.44.2021.BK; PINB.5160.38.2022.BK PINB.5160.39.2022.BK; PINB.5160.40.2022.BK; PINB.5160.41.2022.BK PINB.5160.42.2022.BK; PINB.5160.20.2023.BK &#8211;<strong> <u>z dnia 27 listopada 2025 r.\u00a0 OBWIESZCZENIE<\/u><\/strong><\/a><\/p><hr \/><hr \/><p><a href=\"https:\/\/www.pinbpolice.pl\/BIP\/pinb-5144-46-2025-ew-z-dnia-24-listopada-2025r-obwieszczenie\/\">\u00a0 PINB.5144.46.2025.EW\u00a0 <strong>z dnia 24.listpotada.2025r. OBWIESZCZENIE<\/strong><\/a><\/p><hr \/><p style=\"text-align: left;\"><a href=\"https:\/\/www.pinbpolice.pl\/BIP\/pinb-5160-29-2021-bk-pinb-5160-44-2021-bk-pinb-5160-38-2022-bk-pinb-5160-39-2022-bk-pinb-5160-40-2022-bk-pinb-5160-41-2022-bk-pinb-5160-42-2022-bk-pinb-5160-20-2023-bk-obwieszczenie\/\">PINB.5160.29.2021.BK PINB.5160.44.2021.BK PINB.5160.38.2022.BK PINB.5160.39.2022.BK PINB.5160.40.2022.BK PINB.5160.41.2022.BK PINB.5160.42.2022.BK PINB.5160.20.2023.BK. &#8211; <strong>z dnia 2 pa\u017adziernika 2025 r.\u00a0 OBWIESZCZENIE<\/strong><\/a><\/p><hr \/><p><a href=\"https:\/\/www.pinbpolice.pl\/BIP\/pinb-5160-29-2021-z-dnia-2-10-2025r-czynnosci-kontrolne\/\">pinb.5160.29.2021 z dnia 2.10.2025r. czynno\u015bci kontrolne<\/a><\/p><hr \/><p><a href=\"https:\/\/www.pinbpolice.pl\/BIP\/pinb-5160-38-2022-z-dnia-2-10-2025r-czynnosci-kontrolne\/\">pinb.5160.38.2022 z dnia 2.10.2025r. czynno\u015bci kontrolne<\/a><\/p><hr \/><p><a href=\"https:\/\/www.pinbpolice.pl\/BIP\/pinb-5160-39-2022-z-dnia-2-10-2025r-czynnosci-kontrolne\/\">pinb.5160.39.2022 z dnia 2.10.2025r. czynno\u015bci kontrolne<\/a><\/p><hr \/><p><a href=\"https:\/\/www.pinbpolice.pl\/BIP\/pinb-5160-40-2022-z-dnia-2-10-2025r-czynnosci\/\">pinb.5160.40.2022 z dnia 2.10.2025r. czynno\u015bci<\/a><\/p><hr \/><p><a href=\"https:\/\/www.pinbpolice.pl\/BIP\/pinb-5160-41-2022-z-dnia-2-10-2025r-czynnosci-kontrole\/\">pinb.5160.41.2022 z dnia 2.10.2025r. czynno\u015bci kontrolne<\/a><\/p><hr \/><p><a href=\"https:\/\/www.pinbpolice.pl\/BIP\/pinb-5160-42-2022-z-dnia-2-10-2025r-czynnosci-kontrolne\/\">pinb.5160.42.2022 z dnia 2.10.2025r. czynno\u015bci kontrolne<\/a><\/p><hr \/><p><a href=\"https:\/\/www.pinbpolice.pl\/BIP\/pinb-5160-44-2021-z-dnia-2-10-2025r-czynnosci-kontrolne\/\">pinb.5160.44.2021 z dnia 2.10.2025r., czynno\u015bci kontrolne<\/a><\/p><hr \/><p><a href=\"https:\/\/www.pinbpolice.pl\/BIP\/pinb-5140-33-2025-asz-z-dnia-09-09-2025-r-postanowienie\/\">PINB.5140.33.2025.ASZ z dnia 09.09.2025 r. &#8211; postanowienie<\/a><\/p><hr \/><p><a href=\"https:\/\/www.pinbpolice.pl\/BIP\/pinb-5140-33-2025-asz-z-dnia-09-09-2025-r\/\">PINB.5140.33.2025.ASZ z dnia 09.09.2025 r. &#8211; wezwanie<\/a><\/p><hr \/><p><a href=\"https:\/\/www.pinbpolice.pl\/BIP\/pinb-5160-40-2022-z-dnia-3-07-2025\/\">PINB.5160.40.2022 z dnia 3.07.2025<\/a><\/p><hr \/><p><a href=\"https:\/\/www.pinbpolice.pl\/BIP\/pinb-5160-39-2022-z-dnia-3-07-2025\/\">PINB.5160.39.2022 z dnia 3.07.2025<\/a><\/p><hr \/><p><a href=\"https:\/\/www.pinbpolice.pl\/BIP\/pinb-5160-38-2022-z-dnia-3-07-2025\/\">PINB.5160.38.2022 z dnia 3.07.2025<\/a><\/p><hr \/><p><a href=\"http:\/\/www.pinbpolice.pl\/BIP\/pinb-5160-20-2023\/\">PINB.5160.20.2023 z dnia 29 listopada 2024 r.<\/a><\/p><hr \/><p><a href=\"http:\/\/www.pinbpolice.pl\/BIP\/pinb-5160-42-2022\/\">PINB.5160.42.2022 z dnia 29 listopada 2024 r.<\/a><\/p><hr \/><p><a href=\"http:\/\/www.pinbpolice.pl\/BIP\/pinb-5160-41-2022\/\">PINB.5160.41.2022 z dnia 29 listopada 2024 r.<\/a><\/p><hr \/><p><a href=\"http:\/\/www.pinbpolice.pl\/BIP\/pinb-5160-40-2022\/\">PINB.5160.40.2022 z dnia 29 listopada 2024 r.<\/a><\/p><hr \/><p><a href=\"http:\/\/www.pinbpolice.pl\/BIP\/pinb-5160-39-2022\/\">PINB.5160.39.2022 z dnia 29 listopada 2024 r.<\/a><\/p><hr \/><p><a href=\"http:\/\/www.pinbpolice.pl\/BIP\/pinb-5160-38-2022\/\">PINB.5160.38.2022 z dnia 29 listopada 2024 r.<\/a><\/p><hr \/><p><a href=\"http:\/\/www.pinbpolice.pl\/BIP\/pinb-5160-44-2021\/\">PINB.5160.44.2021 z dnia 29 listopada 2024 r.<\/a><\/p><hr \/><p><a href=\"http:\/\/www.pinbpolice.pl\/BIP\/?page_id=1862\">PINB.5160.29.2021 z dnia 29 listopada 2024 r.<\/a><\/p><hr \/>\t\t\t\t\t\t\t\t<\/div>\n\t\t\t\t<\/div>\n\t\t\t\t<div class=\"elementor-element elementor-element-12efcbd elementor-widget elementor-widget-spacer\" data-id=\"12efcbd\" data-element_type=\"widget\" data-e-type=\"widget\" data-widget_type=\"spacer.default\">\n\t\t\t\t<div class=\"elementor-widget-container\">\n\t\t\t\t\t\t\t<div class=\"elementor-spacer\">\n\t\t\t<div class=\"elementor-spacer-inner\"><\/div>\n\t\t<\/div>\n\t\t\t\t\t\t<\/div>\n\t\t\t\t<\/div>\n\t\t\t\t<div class=\"elementor-element elementor-element-701a9fc elementor-widget elementor-widget-text-editor\" data-id=\"701a9fc\" data-element_type=\"widget\" data-e-type=\"widget\" data-widget_type=\"text-editor.default\">\n\t\t\t\t<div class=\"elementor-widget-container\">\n\t\t\t\t\t\t\t\t\t<p>Lorem ipsum dolor sit amet, consectetur adipiscing elit. Ut elit tellus, luctus nec ullamcorper mattis, pulvinar dapibus leo.<\/p>\t\t\t\t\t\t\t\t<\/div>\n\t\t\t\t<\/div>\n\t\t\t\t\t<\/div>\n\t\t\t\t<\/div>\n\t\t\t\t\t<\/div>\n\t\t\t\t<\/div>\n\t\t\t\t<section class=\"elementor-section elementor-top-section elementor-element elementor-element-caab393 elementor-section-boxed elementor-section-height-default elementor-section-height-default\" data-id=\"caab393\" data-element_type=\"section\" data-e-type=\"section\">\n\t\t\t\t\t\t<div class=\"elementor-container elementor-column-gap-default\">\n\t\t\t\t\t<div class=\"elementor-column elementor-col-100 elementor-top-column elementor-element elementor-element-2675c98\" data-id=\"2675c98\" data-element_type=\"column\" data-e-type=\"column\">\n\t\t\t<div class=\"elementor-widget-wrap elementor-element-populated\">\n\t\t\t\t\t\t<div class=\"elementor-element elementor-element-f7c3743 elementor-widget-divider--view-line elementor-widget elementor-widget-divider\" data-id=\"f7c3743\" data-element_type=\"widget\" data-e-type=\"widget\" data-widget_type=\"divider.default\">\n\t\t\t\t<div class=\"elementor-widget-container\">\n\t\t\t\t\t\t\t<div class=\"elementor-divider\">\n\t\t\t<span class=\"elementor-divider-separator\">\n\t\t\t\t\t\t<\/span>\n\t\t<\/div>\n\t\t\t\t\t\t<\/div>\n\t\t\t\t<\/div>\n\t\t\t\t\t<\/div>\n\t\t<\/div>\n\t\t\t\t\t<\/div>\n\t\t<\/section>\n\t\t\t\t<section class=\"elementor-section elementor-top-section elementor-element elementor-element-2909dd5 elementor-hidden-tablet elementor-hidden-phone elementor-section-boxed elementor-section-height-default elementor-section-height-default\" data-id=\"2909dd5\" data-element_type=\"section\" data-e-type=\"section\">\n\t\t\t\t\t\t<div class=\"elementor-container elementor-column-gap-default\">\n\t\t\t\t\t<div class=\"elementor-column elementor-col-100 elementor-top-column elementor-element elementor-element-ef5af32\" data-id=\"ef5af32\" data-element_type=\"column\" data-e-type=\"column\">\n\t\t\t<div class=\"elementor-widget-wrap elementor-element-populated\">\n\t\t\t\t\t\t<div class=\"elementor-element elementor-element-7ae0cd3 elementor-widget-divider--view-line elementor-widget elementor-widget-divider\" data-id=\"7ae0cd3\" data-element_type=\"widget\" data-e-type=\"widget\" data-widget_type=\"divider.default\">\n\t\t\t\t<div class=\"elementor-widget-container\">\n\t\t\t\t\t\t\t<div class=\"elementor-divider\">\n\t\t\t<span class=\"elementor-divider-separator\">\n\t\t\t\t\t\t<\/span>\n\t\t<\/div>\n\t\t\t\t\t\t<\/div>\n\t\t\t\t<\/div>\n\t\t\t\t\t<\/div>\n\t\t<\/div>\n\t\t\t\t\t<\/div>\n\t\t<\/section>\n\t\t\t\t<\/div>\n\t\t","protected":false},"excerpt":{"rendered":"<p>OBWIESZCZENIA dla post\u0119powa\u0144 z udzia\u0142em wi\u0119cej ni\u017c 20 stron \u00a0 PINB.5140.33.2025.ASZ; z dnia 3 marca 2026 r.OBWIESZCZENIE PINB.5160.29.2021.BK; PINB.5160.44.2021.BK; PINB.5160.38.2022.BK PINB.5160.39.2022.BK; PINB.5160.40.2022.BK; PINB.5160.41.2022.BK PINB.5160.42.2022.BK; z dnia 23 grudnia 2025 r.\u00a0 OBWIESZCZENIE\u00a0 PINB.5160.29.2021.BK; PINB.5160.44.2021.BK; PINB.5160.38.2022.BK PINB.5160.39.2022.BK; PINB.5160.40.2022.BK; PINB.5160.41.2022.BK PINB.5160.42.2022.BK; PINB.5160.20.2023.BK &#8211; z dnia 27 listopada 2025 r.\u00a0 OBWIESZCZENIE \u00a0 PINB.5144.46.2025.EW\u00a0 z dnia 24.listpotada.2025r. OBWIESZCZENIE PINB.5160.29.2021.BK PINB.5160.44.2021.BK&#8230;<\/p>\n","protected":false},"author":1,"featured_media":0,"parent":0,"menu_order":0,"comment_status":"closed","ping_status":"closed","template":"","meta":{"_kadence_starter_templates_imported_post":true,"_kad_post_transparent":"","_kad_post_title":"hide","_kad_post_layout":"fullwidth","_kad_post_sidebar_id":"","_kad_post_content_style":"unboxed","_kad_post_vertical_padding":"hide","_kad_post_feature":"hide","_kad_post_feature_position":"","_kad_post_header":false,"_kad_post_footer":false,"_kad_post_classname":"","footnotes":""},"class_list":["post-1395","page","type-page","status-publish","hentry"],"_links":{"self":[{"href":"https:\/\/www.pinbpolice.pl\/BIP\/wp-json\/wp\/v2\/pages\/1395","targetHints":{"allow":["GET"]}}],"collection":[{"href":"https:\/\/www.pinbpolice.pl\/BIP\/wp-json\/wp\/v2\/pages"}],"about":[{"href":"https:\/\/www.pinbpolice.pl\/BIP\/wp-json\/wp\/v2\/types\/page"}],"author":[{"embeddable":true,"href":"https:\/\/www.pinbpolice.pl\/BIP\/wp-json\/wp\/v2\/users\/1"}],"replies":[{"embeddable":true,"href":"https:\/\/www.pinbpolice.pl\/BIP\/wp-json\/wp\/v2\/comments?post=1395"}],"version-history":[{"count":204,"href":"https:\/\/www.pinbpolice.pl\/BIP\/wp-json\/wp\/v2\/pages\/1395\/revisions"}],"predecessor-version":[{"id":3561,"href":"https:\/\/www.pinbpolice.pl\/BIP\/wp-json\/wp\/v2\/pages\/1395\/revisions\/3561"}],"wp:attachment":[{"href":"https:\/\/www.pinbpolice.pl\/BIP\/wp-json\/wp\/v2\/media?parent=1395"}],"curies":[{"name":"wp","href":"https:\/\/api.w.org\/{rel}","templated":true}]}}