{"id":2778,"date":"2025-09-09T12:27:14","date_gmt":"2025-09-09T10:27:14","guid":{"rendered":"https:\/\/www.pinbpolice.pl\/BIP\/?page_id=2778"},"modified":"2025-12-01T12:29:29","modified_gmt":"2025-12-01T11:29:29","slug":"pinb-5140-33-2025-asz-z-dnia-09-09-2025-r","status":"publish","type":"page","link":"https:\/\/www.pinbpolice.pl\/BIP\/pinb-5140-33-2025-asz-z-dnia-09-09-2025-r\/","title":{"rendered":"PINB.5140.33.2025.ASZ z dnia 09.09.2025 r. &#8211; wezwanie"},"content":{"rendered":"\t\t<div data-elementor-type=\"wp-page\" data-elementor-id=\"2778\" class=\"elementor elementor-2778\">\n\t\t\t\t<div class=\"elementor-element elementor-element-e8b134a e-flex e-con-boxed e-con e-parent\" data-id=\"e8b134a\" data-element_type=\"container\" data-e-type=\"container\">\n\t\t\t\t\t<div class=\"e-con-inner\">\n\t\t\t\t<div class=\"elementor-element elementor-element-336ea5f elementor-widget elementor-widget-image\" data-id=\"336ea5f\" data-element_type=\"widget\" data-e-type=\"widget\" data-widget_type=\"image.default\">\n\t\t\t\t<div class=\"elementor-widget-container\">\n\t\t\t\t\t\t\t\t\t\t\t\t\t\t\t<img fetchpriority=\"high\" decoding=\"async\" width=\"1536\" height=\"308\" src=\"https:\/\/www.pinbpolice.pl\/BIP\/wp-content\/uploads\/2023\/12\/cropped-baner-BIP-Police-1536x308.png\" class=\"attachment-1536x1536 size-1536x1536 wp-image-1152\" alt=\"\" srcset=\"https:\/\/www.pinbpolice.pl\/BIP\/wp-content\/uploads\/2023\/12\/cropped-baner-BIP-Police-1536x308.png 1536w, https:\/\/www.pinbpolice.pl\/BIP\/wp-content\/uploads\/2023\/12\/cropped-baner-BIP-Police-700x141.png 700w, https:\/\/www.pinbpolice.pl\/BIP\/wp-content\/uploads\/2023\/12\/cropped-baner-BIP-Police-300x60.png 300w, https:\/\/www.pinbpolice.pl\/BIP\/wp-content\/uploads\/2023\/12\/cropped-baner-BIP-Police-1024x206.png 1024w, https:\/\/www.pinbpolice.pl\/BIP\/wp-content\/uploads\/2023\/12\/cropped-baner-BIP-Police-768x154.png 768w, https:\/\/www.pinbpolice.pl\/BIP\/wp-content\/uploads\/2023\/12\/cropped-baner-BIP-Police-2048x411.png 2048w\" sizes=\"(max-width: 1536px) 100vw, 1536px\" \/>\t\t\t\t\t\t\t\t\t\t\t\t\t\t\t<\/div>\n\t\t\t\t<\/div>\n\t\t\t\t\t<\/div>\n\t\t\t\t<\/div>\n\t\t<div class=\"elementor-element elementor-element-199ecff e-flex e-con-boxed e-con e-parent\" data-id=\"199ecff\" data-element_type=\"container\" data-e-type=\"container\">\n\t\t\t\t\t<div class=\"e-con-inner\">\n\t\t\t\t<div class=\"elementor-element elementor-element-aa66938 elementor-widget elementor-widget-heading\" data-id=\"aa66938\" data-element_type=\"widget\" data-e-type=\"widget\" data-widget_type=\"heading.default\">\n\t\t\t\t<div class=\"elementor-widget-container\">\n\t\t\t\t\t<p class=\"elementor-heading-title elementor-size-default\"><span style=\"font-size: 26pt;color: black\">OBWIESZCZENIA dla post\u0119powa\u0144 z udzia\u0142em wi\u0119cej ni\u017c 20 stron<\/span><\/p>\t\t\t\t<\/div>\n\t\t\t\t<\/div>\n\t\t\t\t\t<\/div>\n\t\t\t\t<\/div>\n\t\t\t\t<section class=\"elementor-section elementor-top-section elementor-element elementor-element-69c6b72 elementor-section-boxed elementor-section-height-default elementor-section-height-default\" data-id=\"69c6b72\" data-element_type=\"section\" data-e-type=\"section\">\n\t\t\t\t\t\t<div class=\"elementor-container elementor-column-gap-default\">\n\t\t\t\t\t<div class=\"elementor-column elementor-col-100 elementor-top-column elementor-element elementor-element-89de852\" data-id=\"89de852\" data-element_type=\"column\" data-e-type=\"column\" data-settings=\"{&quot;background_background&quot;:&quot;classic&quot;}\">\n\t\t\t<div class=\"elementor-widget-wrap elementor-element-populated\">\n\t\t\t\t\t\t<div class=\"elementor-element elementor-element-0a71d56 elementor-widget elementor-widget-heading\" data-id=\"0a71d56\" data-element_type=\"widget\" data-e-type=\"widget\" data-widget_type=\"heading.default\">\n\t\t\t\t<div class=\"elementor-widget-container\">\n\t\t\t\t\t<p class=\"elementor-heading-title elementor-size-default\">PINB.5140.33.2025.ASZ - wezwanie<\/p>\t\t\t\t<\/div>\n\t\t\t\t<\/div>\n\t\t\t\t\t<\/div>\n\t\t<\/div>\n\t\t\t\t\t<\/div>\n\t\t<\/section>\n\t\t<div class=\"elementor-element elementor-element-6c87a04 e-flex e-con-boxed e-con e-parent\" data-id=\"6c87a04\" data-element_type=\"container\" data-e-type=\"container\">\n\t\t\t\t\t<div class=\"e-con-inner\">\n\t\t<div class=\"elementor-element elementor-element-4d4429a e-con-full e-flex e-con e-child\" data-id=\"4d4429a\" data-element_type=\"container\" data-e-type=\"container\">\n\t\t\t\t<div class=\"elementor-element elementor-element-0d8e833 elementor-widget elementor-widget-text-editor\" data-id=\"0d8e833\" data-element_type=\"widget\" data-e-type=\"widget\" data-widget_type=\"text-editor.default\">\n\t\t\t\t<div class=\"elementor-widget-container\">\n\t\t\t\t\t\t\t\t\t<div class=\"item_zawartosc_wycinek\"><p>Znak: PINB.5140.33.2025.ASZ<\/p><\/div><div class=\"item_zawartosc\"><p align=\"center\">\u00a0\u00a0<strong>OBWIESZCZENIE<\/strong><\/p><p align=\"center\">Powiatowego Inspektora Nadzoru Budowlanego w Policach<\/p><p style=\"text-align: center;\"><strong><u>z dnia 09.09.2025 r.<\/u><\/strong><\/p><p>Na podstawie:<\/p><p>&#8211; art 49a ustawy z dnia 14 czerwca 1960 r. Kodeksu post\u0119powania administracyjnego (Dz. U. z 2024 r. poz. 572),<\/p><p>\u00a0<\/p><p style=\"text-align: center;\"><strong>Powiatowy Inspektor Nadzoru Budowlanego w Policach<\/strong><\/p><p style=\"text-align: center;\"><strong>zawiadamia wszystkie strony post\u0119powania administracyjnego, <\/strong><\/p><p>\u017ce organ wyda\u0142 w dniu 08.09.2025 r., na podstawie art. 50 ustawy z dnia 14 czerwca 1960 r. Kodeks post\u0119powania administracyjnego (Dz. U. z 2024 r., poz. 572), wezwanie do przed\u0142o\u017cenia w siedzibie PINB w Policach uzupe\u0142niaj\u0105cej informacji do z\u0142o\u017conego przez Inwestora pisma dotycz\u0105cego samowolnej budowy muru oporowego nr 1, wybudowanego na terenie dz. nr ewid. gr. 42\/104, wzd\u0142u\u017c granicy z dz. nr ewid. gr. 42\/69, obr. Bobolin, gm. Ko\u0142baskowo.<\/p><p>Niniejsze obwieszczenie zamieszcza si\u0119 na okres 14 dni. tj.: od dnia 09.09.2025 r., do dnia 23.09.2025 r.<\/p><\/div>\t\t\t\t\t\t\t\t<\/div>\n\t\t\t\t<\/div>\n\t\t\t\t<div class=\"elementor-element elementor-element-a33777b elementor-widget elementor-widget-spacer\" data-id=\"a33777b\" data-element_type=\"widget\" data-e-type=\"widget\" data-widget_type=\"spacer.default\">\n\t\t\t\t<div class=\"elementor-widget-container\">\n\t\t\t\t\t\t\t<div class=\"elementor-spacer\">\n\t\t\t<div class=\"elementor-spacer-inner\"><\/div>\n\t\t<\/div>\n\t\t\t\t\t\t<\/div>\n\t\t\t\t<\/div>\n\t\t\t\t<div class=\"elementor-element elementor-element-fc4cd17 elementor-widget elementor-widget-text-editor\" data-id=\"fc4cd17\" data-element_type=\"widget\" data-e-type=\"widget\" data-widget_type=\"text-editor.default\">\n\t\t\t\t<div class=\"elementor-widget-container\">\n\t\t\t\t\t\t\t\t\t<p style=\"text-align: center;\">z up. Powiatowego Inspektora<br \/>Nadzoru Budowlanego w Policach<br \/>AGNIESZKA SZARKOWSKA<\/p>\t\t\t\t\t\t\t\t<\/div>\n\t\t\t\t<\/div>\n\t\t\t\t<\/div>\n\t\t\t\t\t<\/div>\n\t\t\t\t<\/div>\n\t\t<div class=\"elementor-element elementor-element-912c996 e-flex e-con-boxed e-con e-parent\" data-id=\"912c996\" data-element_type=\"container\" data-e-type=\"container\">\n\t\t\t\t\t<div class=\"e-con-inner\">\n\t\t\t\t\t<\/div>\n\t\t\t\t<\/div>\n\t\t\t\t<\/div>\n\t\t","protected":false},"excerpt":{"rendered":"<p>OBWIESZCZENIA dla post\u0119powa\u0144 z udzia\u0142em wi\u0119cej ni\u017c 20 stron PINB.5140.33.2025.ASZ &#8211; wezwanie Znak: PINB.5140.33.2025.ASZ \u00a0\u00a0OBWIESZCZENIE Powiatowego Inspektora Nadzoru Budowlanego w Policach z dnia 09.09.2025 r. Na podstawie: &#8211; art 49a ustawy z dnia 14 czerwca 1960 r. Kodeksu post\u0119powania administracyjnego (Dz. U. z 2024 r. poz. 572), \u00a0 Powiatowy Inspektor Nadzoru Budowlanego w Policach zawiadamia&#8230;<\/p>\n","protected":false},"author":1,"featured_media":0,"parent":0,"menu_order":0,"comment_status":"closed","ping_status":"closed","template":"","meta":{"_kadence_starter_templates_imported_post":true,"_kad_post_transparent":"","_kad_post_title":"hide","_kad_post_layout":"fullwidth","_kad_post_sidebar_id":"","_kad_post_content_style":"unboxed","_kad_post_vertical_padding":"hide","_kad_post_feature":"hide","_kad_post_feature_position":"","_kad_post_header":false,"_kad_post_footer":false,"_kad_post_classname":"","footnotes":""},"class_list":["post-2778","page","type-page","status-publish","hentry"],"_links":{"self":[{"href":"https:\/\/www.pinbpolice.pl\/BIP\/wp-json\/wp\/v2\/pages\/2778","targetHints":{"allow":["GET"]}}],"collection":[{"href":"https:\/\/www.pinbpolice.pl\/BIP\/wp-json\/wp\/v2\/pages"}],"about":[{"href":"https:\/\/www.pinbpolice.pl\/BIP\/wp-json\/wp\/v2\/types\/page"}],"author":[{"embeddable":true,"href":"https:\/\/www.pinbpolice.pl\/BIP\/wp-json\/wp\/v2\/users\/1"}],"replies":[{"embeddable":true,"href":"https:\/\/www.pinbpolice.pl\/BIP\/wp-json\/wp\/v2\/comments?post=2778"}],"version-history":[{"count":23,"href":"https:\/\/www.pinbpolice.pl\/BIP\/wp-json\/wp\/v2\/pages\/2778\/revisions"}],"predecessor-version":[{"id":3374,"href":"https:\/\/www.pinbpolice.pl\/BIP\/wp-json\/wp\/v2\/pages\/2778\/revisions\/3374"}],"wp:attachment":[{"href":"https:\/\/www.pinbpolice.pl\/BIP\/wp-json\/wp\/v2\/media?parent=2778"}],"curies":[{"name":"wp","href":"https:\/\/api.w.org\/{rel}","templated":true}]}}