{"id":2900,"date":"2025-10-02T12:45:54","date_gmt":"2025-10-02T10:45:54","guid":{"rendered":"https:\/\/www.pinbpolice.pl\/BIP\/?page_id=2900"},"modified":"2025-12-01T12:34:04","modified_gmt":"2025-12-01T11:34:04","slug":"pinb-5160-38-2022-z-dnia-2-10-2025r-czynnosci-kontrolne","status":"publish","type":"page","link":"https:\/\/www.pinbpolice.pl\/BIP\/pinb-5160-38-2022-z-dnia-2-10-2025r-czynnosci-kontrolne\/","title":{"rendered":"pinb.5160.38.2022 z dnia 2.10.2025r. czynno\u015bci kontrolne"},"content":{"rendered":"\t\t<div data-elementor-type=\"wp-page\" data-elementor-id=\"2900\" class=\"elementor elementor-2900\">\n\t\t\t\t<div class=\"elementor-element elementor-element-e8b134a e-flex e-con-boxed e-con e-parent\" data-id=\"e8b134a\" data-element_type=\"container\" data-e-type=\"container\">\n\t\t\t\t\t<div class=\"e-con-inner\">\n\t\t\t\t<div class=\"elementor-element elementor-element-336ea5f elementor-widget elementor-widget-image\" data-id=\"336ea5f\" data-element_type=\"widget\" data-e-type=\"widget\" data-widget_type=\"image.default\">\n\t\t\t\t<div class=\"elementor-widget-container\">\n\t\t\t\t\t\t\t\t\t\t\t\t\t\t\t<img fetchpriority=\"high\" decoding=\"async\" width=\"1536\" height=\"308\" src=\"https:\/\/www.pinbpolice.pl\/BIP\/wp-content\/uploads\/2023\/12\/cropped-baner-BIP-Police-1536x308.png\" class=\"attachment-1536x1536 size-1536x1536 wp-image-1152\" alt=\"\" srcset=\"https:\/\/www.pinbpolice.pl\/BIP\/wp-content\/uploads\/2023\/12\/cropped-baner-BIP-Police-1536x308.png 1536w, https:\/\/www.pinbpolice.pl\/BIP\/wp-content\/uploads\/2023\/12\/cropped-baner-BIP-Police-700x141.png 700w, https:\/\/www.pinbpolice.pl\/BIP\/wp-content\/uploads\/2023\/12\/cropped-baner-BIP-Police-300x60.png 300w, https:\/\/www.pinbpolice.pl\/BIP\/wp-content\/uploads\/2023\/12\/cropped-baner-BIP-Police-1024x206.png 1024w, https:\/\/www.pinbpolice.pl\/BIP\/wp-content\/uploads\/2023\/12\/cropped-baner-BIP-Police-768x154.png 768w, https:\/\/www.pinbpolice.pl\/BIP\/wp-content\/uploads\/2023\/12\/cropped-baner-BIP-Police-2048x411.png 2048w\" sizes=\"(max-width: 1536px) 100vw, 1536px\" \/>\t\t\t\t\t\t\t\t\t\t\t\t\t\t\t<\/div>\n\t\t\t\t<\/div>\n\t\t\t\t\t<\/div>\n\t\t\t\t<\/div>\n\t\t<div class=\"elementor-element elementor-element-199ecff e-flex e-con-boxed e-con e-parent\" data-id=\"199ecff\" data-element_type=\"container\" data-e-type=\"container\">\n\t\t\t\t\t<div class=\"e-con-inner\">\n\t\t\t\t<div class=\"elementor-element elementor-element-aa66938 elementor-widget elementor-widget-heading\" data-id=\"aa66938\" data-element_type=\"widget\" data-e-type=\"widget\" data-widget_type=\"heading.default\">\n\t\t\t\t<div class=\"elementor-widget-container\">\n\t\t\t\t\t<p class=\"elementor-heading-title elementor-size-default\"><span style=\"font-size: 26pt;color: black\">OBWIESZCZENIA dla post\u0119powa\u0144 z udzia\u0142em wi\u0119cej ni\u017c 20 stron<\/span><\/p>\t\t\t\t<\/div>\n\t\t\t\t<\/div>\n\t\t\t\t\t<\/div>\n\t\t\t\t<\/div>\n\t\t\t\t<section class=\"elementor-section elementor-top-section elementor-element elementor-element-69c6b72 elementor-section-boxed elementor-section-height-default elementor-section-height-default\" data-id=\"69c6b72\" data-element_type=\"section\" data-e-type=\"section\">\n\t\t\t\t\t\t<div class=\"elementor-container elementor-column-gap-default\">\n\t\t\t\t\t<div class=\"elementor-column elementor-col-100 elementor-top-column elementor-element elementor-element-89de852\" data-id=\"89de852\" data-element_type=\"column\" data-e-type=\"column\" data-settings=\"{&quot;background_background&quot;:&quot;classic&quot;}\">\n\t\t\t<div class=\"elementor-widget-wrap elementor-element-populated\">\n\t\t\t\t\t\t<div class=\"elementor-element elementor-element-0a71d56 elementor-widget elementor-widget-heading\" data-id=\"0a71d56\" data-element_type=\"widget\" data-e-type=\"widget\" data-widget_type=\"heading.default\">\n\t\t\t\t<div class=\"elementor-widget-container\">\n\t\t\t\t\t<p class=\"elementor-heading-title elementor-size-default\">pinb.5160.38.2022 z dnia 2.10.2025r. czynno\u015bci kontrolne<\/p>\t\t\t\t<\/div>\n\t\t\t\t<\/div>\n\t\t\t\t\t<\/div>\n\t\t<\/div>\n\t\t\t\t\t<\/div>\n\t\t<\/section>\n\t\t<div class=\"elementor-element elementor-element-6c87a04 e-flex e-con-boxed e-con e-parent\" data-id=\"6c87a04\" data-element_type=\"container\" data-e-type=\"container\">\n\t\t\t\t\t<div class=\"e-con-inner\">\n\t\t<div class=\"elementor-element elementor-element-4d4429a e-con-full e-flex e-con e-child\" data-id=\"4d4429a\" data-element_type=\"container\" data-e-type=\"container\">\n\t\t\t\t<div class=\"elementor-element elementor-element-0d8e833 elementor-widget elementor-widget-text-editor\" data-id=\"0d8e833\" data-element_type=\"widget\" data-e-type=\"widget\" data-widget_type=\"text-editor.default\">\n\t\t\t\t<div class=\"elementor-widget-container\">\n\t\t\t\t\t\t\t\t\t<p style=\"text-align: right;\">Police, dnia 2 pa\u017adziernika 2025 r.<\/p>\t\t\t\t\t\t\t\t<\/div>\n\t\t\t\t<\/div>\n\t\t\t\t<div class=\"elementor-element elementor-element-2f6cedb elementor-widget elementor-widget-spacer\" data-id=\"2f6cedb\" data-element_type=\"widget\" data-e-type=\"widget\" data-widget_type=\"spacer.default\">\n\t\t\t\t<div class=\"elementor-widget-container\">\n\t\t\t\t\t\t\t<div class=\"elementor-spacer\">\n\t\t\t<div class=\"elementor-spacer-inner\"><\/div>\n\t\t<\/div>\n\t\t\t\t\t\t<\/div>\n\t\t\t\t<\/div>\n\t\t\t\t<div class=\"elementor-element elementor-element-07c7e52 elementor-widget elementor-widget-text-editor\" data-id=\"07c7e52\" data-element_type=\"widget\" data-e-type=\"widget\" data-widget_type=\"text-editor.default\">\n\t\t\t\t<div class=\"elementor-widget-container\">\n\t\t\t\t\t\t\t\t\t<div class=\"item_zawartosc_wycinek\"><p>PINB.5160.38.2022.BK<\/p><\/div><div class=\"item_zawartosc\"><p style=\"text-align: center;\"><strong>Z A W I A D O M I E N I E<\/strong><\/p><p><span style=\"text-decoration: underline;\">Na podstawie:<\/span><\/p><ul><li>81a ust. 1 ustawy z dnia 7 lipca 1994 r.\u2013 Prawo budowlane \u00a0(Dz.U. z 2025 r., poz. 418),<\/li><li>79 \u00a7 1 ustawy z dnia 14 czerwca 1960 r. Kodeks post\u0119powania administracyjnego (Dz. U. z 2024 poz. 572),<\/li><\/ul><p style=\"text-align: center;\"><strong>Powiatowy Inspektor Nadzoru Budowlanego w Policach<\/strong><\/p><p style=\"text-align: center;\"><strong>\u00a0<\/strong><strong>zawiadamia,<\/strong><\/p><p style=\"text-align: center;\"><strong>\u017ce w dniu<\/strong> <strong><u>28 pa\u017adziernika 2025 r.<\/u><\/strong><u> <strong>o godz. 10<sup>00<\/sup><\/strong><\/u><\/p><p><strong>odb\u0119d\u0105 si\u0119 czynno\u015bci kontrolne<\/strong> urz\u0105dzenia ma\u0142ej architektury \u2013 po\u0142o\u017cnego na terenie dzia\u0142ki nr 199\/55, obr. Siad\u0142o Dolne tj.:<\/p><p style=\"text-align: center;\"><strong>\u0142awki, <br \/><\/strong>usytuowanej w p\u00f3\u0142nocnej cz\u0119\u015bci dzia\u0142ki.<\/p><p style=\"text-align: center;\"><u>Uzasadnienie<\/u><\/p><p>W dniu 28.08.2025r., do PINB w Policach wp\u0142yn\u0105\u0142 wniosek Pana \u0141ukasza Szyku\u0107 \u00a0\u00a0\u00a0\u00a0\u00a0\u00a0\u00a0\u00a0\u00a0o zmian\u0119 decyzji ostatecznych wydanych dla obiekt\u00f3w ma\u0142ej architektury, po\u0142o\u017conych na dzia\u0142ce nr 199\/35 obr. Siad\u0142o Dolne, gdy\u017c przemawia za tym interes spo\u0142eczny. Wniosek zosta\u0142 uzupe\u0142niony w dniu 24.09.2025r.<\/p><p>W zwi\u0105zku z powy\u017cszym organ nadzoru budowlanego w Policach w celu rozpatrzenia niniejszego wniosku, oraz ze wzgl\u0119du na znaczny up\u0142yw czasu, od dnia wydania decyzji o rozbi\u00f3rce ww. \u0142awki, zobowi\u0105zany jest przeprowadzi\u0107 czynno\u015bci kontrolne.<\/p><\/div>\t\t\t\t\t\t\t\t<\/div>\n\t\t\t\t<\/div>\n\t\t\t\t<div class=\"elementor-element elementor-element-7f7e430 elementor-widget elementor-widget-text-editor\" data-id=\"7f7e430\" data-element_type=\"widget\" data-e-type=\"widget\" data-widget_type=\"text-editor.default\">\n\t\t\t\t<div class=\"elementor-widget-container\">\n\t\t\t\t\t\t\t\t\t<p style=\"text-align: center;\">\u00a0Pouczenie<\/p><p>Kto udaremnia okre\u015blone ustawa czynno\u015bci w\u0142a\u015bciwych organ\u00f3w podlegaj\u0105 grzywnie, karze ograniczenia wolno\u015bci albo pozbawienia wolno\u015bci.\u00a0<\/p><p>\u00a0<\/p><p><u>Otrzymuj\u0105: <\/u><\/p><ol><li>Agnieszka i Maciej Kobyli\u0144scy<\/li><li>Aneta i S\u0142awomir Ratajewscy<\/li><li>Bartosz Wo\u017aniak<\/li><li>Agnieszka D\u0105browiecka -Wo\u017aniak<\/li><li>Maciej Opa\u0142ko<\/li><li>Natalia Wielu\u0144ska-Opa\u0142ko<\/li><li>And\u017celika i Artur Mojsa<\/li><li>Dominika i Grzegorz Wr\u00f3blewscy<\/li><li>\u0141ukasz Jodko<\/li><li>Karolina Podbor\u0105czy\u0144ska-Jodko<\/li><li>Aleksandra i Piotr Kopcewicz<\/li><li>Sebastian J\u0119draszczyk<\/li><li>Alicja Malinowska-J\u0119draszczyk<\/li><li>Joanna i Rafa\u0142 Charzy\u0144ski<\/li><li>Ma\u0142gorzata i Sebastian Czesnowscy<\/li><li>Bogumi\u0142a i Marek Nitkowscy<\/li><li>Tomasz Nowak<\/li><li>Miros\u0142awa Kijko Nowak<\/li><li>Dominika i Pawe\u0142 Dziedzic<\/li><li>Marta i Grzegorz Andruch<\/li><li>Aneta i Wojciech Ostrowscy<\/li><li>Anna i Micha\u0142 Ole\u0144czuk<\/li><li>Dorota i Micha\u0142 Pieraccy<\/li><li>Katarzyna i Bart\u0142omiej Rogu\u015b<\/li><li>Magdalena i Emil S\u0142upscy<\/li><li>Grzegorz Szyma\u0144ski<\/li><li>Karolina Waszkielewicz-Kupi\u0144ska<\/li><li>Marcin Bo\u0107<\/li><li>Alicja Wilk<\/li><li>Ewa Czajkowska<\/li><li>Marcin Malawka<\/li><li>Wojciech Gos\u0142awski<\/li><li>Milena W\u0105c\u0142awska<\/li><li>Marta Furman<\/li><li>Ma\u0142gorzata Maysona<\/li><li>Robert Serewa<\/li><li>Michalina Adaszy\u0144ska -Skwirzy\u0144ska<\/li><li>Aleksandra Sitarz<\/li><li>Aleksandra i Bartosz Owczarzak<\/li><li>Adam Rura\u017c<\/li><li>Dominika Gajewska<\/li><li>Tomasz Kunat<\/li><li>Magdalena i Bartosz Roszyk<\/li><li>Monika Siekiewicz<\/li><li>Adam Nowacki<\/li><li>Bartosz Fabia\u0144czyk<\/li><li>Dominika Jarocka Fabia\u0144czyk<\/li><li>Tomasz Szajkowski<\/li><li>Edyta i Filip Sm\u00f3lczy\u0144scy<\/li><li>Anna B\u0142o\u0144ska<\/li><li>Szymon Surdej<\/li><li>Dominika Giero\u0144ska<\/li><li>Sebastian B\u0142o\u0144ski<\/li><li>\u0141ukasz Musialik<\/li><li>Ilona Jakubowska<\/li><li>Hanna Choroma\u0144ska-Surdej<\/li><li>Maciej Jakubowski<\/li><li>Agata Wilk<\/li><li>Piotr Koz\u0142owski<\/li><li>Pawe\u0142 Rynio<\/li><li>Kamila Szczuchniak<\/li><li>G\u00f3rnicki Mariusz<\/li><li>PINB a\/a<\/li><\/ol>\t\t\t\t\t\t\t\t<\/div>\n\t\t\t\t<\/div>\n\t\t\t\t<\/div>\n\t\t\t\t\t<\/div>\n\t\t\t\t<\/div>\n\t\t<div class=\"elementor-element elementor-element-912c996 e-flex e-con-boxed e-con e-parent\" data-id=\"912c996\" data-element_type=\"container\" data-e-type=\"container\">\n\t\t\t\t\t<div class=\"e-con-inner\">\n\t\t\t\t\t<\/div>\n\t\t\t\t<\/div>\n\t\t\t\t<\/div>\n\t\t","protected":false},"excerpt":{"rendered":"<p>OBWIESZCZENIA dla post\u0119powa\u0144 z udzia\u0142em wi\u0119cej ni\u017c 20 stron pinb.5160.38.2022 z dnia 2.10.2025r. czynno\u015bci kontrolne Police, dnia 2 pa\u017adziernika 2025 r. PINB.5160.38.2022.BK Z A W I A D O M I E N I E Na podstawie: 81a ust. 1 ustawy z dnia 7 lipca 1994 r.\u2013 Prawo budowlane \u00a0(Dz.U. z 2025 r., poz. 418),&#8230;<\/p>\n","protected":false},"author":1,"featured_media":0,"parent":0,"menu_order":0,"comment_status":"closed","ping_status":"closed","template":"","meta":{"_kadence_starter_templates_imported_post":true,"_kad_post_transparent":"","_kad_post_title":"hide","_kad_post_layout":"fullwidth","_kad_post_sidebar_id":"","_kad_post_content_style":"unboxed","_kad_post_vertical_padding":"hide","_kad_post_feature":"hide","_kad_post_feature_position":"","_kad_post_header":false,"_kad_post_footer":false,"_kad_post_classname":"","footnotes":""},"class_list":["post-2900","page","type-page","status-publish","hentry"],"_links":{"self":[{"href":"https:\/\/www.pinbpolice.pl\/BIP\/wp-json\/wp\/v2\/pages\/2900","targetHints":{"allow":["GET"]}}],"collection":[{"href":"https:\/\/www.pinbpolice.pl\/BIP\/wp-json\/wp\/v2\/pages"}],"about":[{"href":"https:\/\/www.pinbpolice.pl\/BIP\/wp-json\/wp\/v2\/types\/page"}],"author":[{"embeddable":true,"href":"https:\/\/www.pinbpolice.pl\/BIP\/wp-json\/wp\/v2\/users\/1"}],"replies":[{"embeddable":true,"href":"https:\/\/www.pinbpolice.pl\/BIP\/wp-json\/wp\/v2\/comments?post=2900"}],"version-history":[{"count":16,"href":"https:\/\/www.pinbpolice.pl\/BIP\/wp-json\/wp\/v2\/pages\/2900\/revisions"}],"predecessor-version":[{"id":3401,"href":"https:\/\/www.pinbpolice.pl\/BIP\/wp-json\/wp\/v2\/pages\/2900\/revisions\/3401"}],"wp:attachment":[{"href":"https:\/\/www.pinbpolice.pl\/BIP\/wp-json\/wp\/v2\/media?parent=2900"}],"curies":[{"name":"wp","href":"https:\/\/api.w.org\/{rel}","templated":true}]}}