{"id":3021,"date":"2025-10-03T09:52:05","date_gmt":"2025-10-03T07:52:05","guid":{"rendered":"https:\/\/www.pinbpolice.pl\/BIP\/?page_id=3021"},"modified":"2025-12-01T12:45:26","modified_gmt":"2025-12-01T11:45:26","slug":"pinb-5160-29-2021-bk-pinb-5160-44-2021-bk-pinb-5160-38-2022-bk-pinb-5160-39-2022-bk-pinb-5160-40-2022-bk-pinb-5160-41-2022-bk-pinb-5160-42-2022-bk-pinb-5160-20-2023-bk-obwieszczenie","status":"publish","type":"page","link":"https:\/\/www.pinbpolice.pl\/BIP\/pinb-5160-29-2021-bk-pinb-5160-44-2021-bk-pinb-5160-38-2022-bk-pinb-5160-39-2022-bk-pinb-5160-40-2022-bk-pinb-5160-41-2022-bk-pinb-5160-42-2022-bk-pinb-5160-20-2023-bk-obwieszczenie\/","title":{"rendered":"PINB.5160.29.2021.BK PINB.5160.44.2021.BK PINB.5160.38.2022.BK PINB.5160.39.2022.BK PINB.5160.40.2022.BK PINB.5160.41.2022.BK PINB.5160.42.2022.BK PINB.5160.20.2023.BK. &#8211; OBWIESZCZENIE"},"content":{"rendered":"\t\t<div data-elementor-type=\"wp-page\" data-elementor-id=\"3021\" class=\"elementor elementor-3021\">\n\t\t\t\t<div class=\"elementor-element elementor-element-e8b134a e-flex e-con-boxed e-con e-parent\" data-id=\"e8b134a\" data-element_type=\"container\" data-e-type=\"container\">\n\t\t\t\t\t<div class=\"e-con-inner\">\n\t\t\t\t<div class=\"elementor-element elementor-element-336ea5f elementor-widget elementor-widget-image\" data-id=\"336ea5f\" data-element_type=\"widget\" data-e-type=\"widget\" data-widget_type=\"image.default\">\n\t\t\t\t<div class=\"elementor-widget-container\">\n\t\t\t\t\t\t\t\t\t\t\t\t\t\t\t<img fetchpriority=\"high\" decoding=\"async\" width=\"1536\" height=\"308\" src=\"http:\/\/www.pinbpolice.pl\/BIP\/wp-content\/uploads\/2023\/12\/cropped-baner-BIP-Police-1536x308.png\" class=\"attachment-1536x1536 size-1536x1536 wp-image-1152\" alt=\"\" srcset=\"http:\/\/www.pinbpolice.pl\/BIP\/wp-content\/uploads\/2023\/12\/cropped-baner-BIP-Police-1536x308.png 1536w, http:\/\/www.pinbpolice.pl\/BIP\/wp-content\/uploads\/2023\/12\/cropped-baner-BIP-Police-700x141.png 700w, http:\/\/www.pinbpolice.pl\/BIP\/wp-content\/uploads\/2023\/12\/cropped-baner-BIP-Police-300x60.png 300w, http:\/\/www.pinbpolice.pl\/BIP\/wp-content\/uploads\/2023\/12\/cropped-baner-BIP-Police-1024x206.png 1024w, http:\/\/www.pinbpolice.pl\/BIP\/wp-content\/uploads\/2023\/12\/cropped-baner-BIP-Police-768x154.png 768w, http:\/\/www.pinbpolice.pl\/BIP\/wp-content\/uploads\/2023\/12\/cropped-baner-BIP-Police-2048x411.png 2048w\" sizes=\"(max-width: 1536px) 100vw, 1536px\" \/>\t\t\t\t\t\t\t\t\t\t\t\t\t\t\t<\/div>\n\t\t\t\t<\/div>\n\t\t\t\t\t<\/div>\n\t\t\t\t<\/div>\n\t\t<div class=\"elementor-element elementor-element-199ecff e-flex e-con-boxed e-con e-parent\" data-id=\"199ecff\" data-element_type=\"container\" data-e-type=\"container\">\n\t\t\t\t\t<div class=\"e-con-inner\">\n\t\t\t\t<div class=\"elementor-element elementor-element-aa66938 elementor-widget elementor-widget-heading\" data-id=\"aa66938\" data-element_type=\"widget\" data-e-type=\"widget\" data-widget_type=\"heading.default\">\n\t\t\t\t<div class=\"elementor-widget-container\">\n\t\t\t\t\t<p class=\"elementor-heading-title elementor-size-default\"><span style=\"font-size: 26pt;color: black\">OBWIESZCZENIA dla post\u0119powa\u0144 z udzia\u0142em wi\u0119cej ni\u017c 20 stron<\/span><\/p>\t\t\t\t<\/div>\n\t\t\t\t<\/div>\n\t\t\t\t\t<\/div>\n\t\t\t\t<\/div>\n\t\t\t\t<section class=\"elementor-section elementor-top-section elementor-element elementor-element-69c6b72 elementor-section-boxed elementor-section-height-default elementor-section-height-default\" data-id=\"69c6b72\" data-element_type=\"section\" data-e-type=\"section\">\n\t\t\t\t\t\t<div class=\"elementor-container elementor-column-gap-default\">\n\t\t\t\t\t<div class=\"elementor-column elementor-col-100 elementor-top-column elementor-element elementor-element-89de852\" data-id=\"89de852\" data-element_type=\"column\" data-e-type=\"column\" data-settings=\"{&quot;background_background&quot;:&quot;classic&quot;}\">\n\t\t\t<div class=\"elementor-widget-wrap elementor-element-populated\">\n\t\t\t\t\t\t<div class=\"elementor-element elementor-element-0a71d56 elementor-widget elementor-widget-heading\" data-id=\"0a71d56\" data-element_type=\"widget\" data-e-type=\"widget\" data-widget_type=\"heading.default\">\n\t\t\t\t<div class=\"elementor-widget-container\">\n\t\t\t\t\t<p class=\"elementor-heading-title elementor-size-default\">PINB.5160.29.2021.BK PINB.5160.44.2021.BK PINB.5160.38.2022.BK PINB.5160.39.2022.BK PINB.5160.40.2022.BK PINB.5160.41.2022.BK PINB.5160.42.2022.BK PINB.5160.20.2023.BK. -  z dnia 2 pa\u017adziernika 2025 r. OBWIESZCZENIE<\/p>\t\t\t\t<\/div>\n\t\t\t\t<\/div>\n\t\t\t\t\t<\/div>\n\t\t<\/div>\n\t\t\t\t\t<\/div>\n\t\t<\/section>\n\t\t<div class=\"elementor-element elementor-element-6c87a04 e-flex e-con-boxed e-con e-parent\" data-id=\"6c87a04\" data-element_type=\"container\" data-e-type=\"container\">\n\t\t\t\t\t<div class=\"e-con-inner\">\n\t\t<div class=\"elementor-element elementor-element-4d4429a e-con-full e-flex e-con e-child\" data-id=\"4d4429a\" data-element_type=\"container\" data-e-type=\"container\">\n\t\t\t\t<div class=\"elementor-element elementor-element-0d8e833 elementor-widget elementor-widget-text-editor\" data-id=\"0d8e833\" data-element_type=\"widget\" data-e-type=\"widget\" data-widget_type=\"text-editor.default\">\n\t\t\t\t<div class=\"elementor-widget-container\">\n\t\t\t\t\t\t\t\t\t<p style=\"text-align: right;\">Police, dnia 2 pa\u017adziernika 2025 r.<\/p>\t\t\t\t\t\t\t\t<\/div>\n\t\t\t\t<\/div>\n\t\t\t\t<div class=\"elementor-element elementor-element-07c7e52 elementor-widget elementor-widget-text-editor\" data-id=\"07c7e52\" data-element_type=\"widget\" data-e-type=\"widget\" data-widget_type=\"text-editor.default\">\n\t\t\t\t<div class=\"elementor-widget-container\">\n\t\t\t\t\t\t\t\t\t<div class=\"item_zawartosc_wycinek\"><p>PINB.5160.29.2021.BK<br \/>PINB.5160.44.2021.BK<br \/>PINB.5160.38.2022.BK<br \/>PINB.5160.39.2022.BK<br \/>PINB.5160.40.2022.BK<br \/>PINB.5160.41.2022.BK<br \/>PINB.5160.42.2022.BK<br \/>PINB.5160.20.2023.BK<\/p><\/div><div class=\"item_zawartosc\"><p style=\"text-align: center;\"><strong>O B W I E S Z C Z E N I E<\/strong><\/p><p style=\"text-align: center;\">Powiatowego Inspektora Nadzoru Budowlanego w Policach<\/p><p style=\"text-align: center;\"><strong><u>z dnia 2 pa\u017adziernika \u00a02025 r.<\/u><\/strong><\/p><p>Na podstawie:<\/p><ul><li>art. 49a ustawy z dnia 14 czerwca 1960 r. Kodeksu post\u0119powania administracyjnego (Dz. U. z 2024 r. poz. 572) oraz<\/li><li>art. 10 \u00a7 1 ustawy z dnia 14 czerwca 1960 r. Kodeks post\u0119powania administracyjnego (tekst jednolity: Dz. U. 2025 r. poz.418)<\/li><\/ul><p style=\"text-align: center;\">Powiatowy Inspektor Nadzoru Budowlanego w Policach<\/p><p style=\"text-align: center;\"><strong>zawiadamia wszystkie strony w sprawie,<\/strong><\/p><p>\u017ce organ zawiadomi\u0142 strony o przeprowadzeniu czynno\u015bci kontrolnych obiekt\u00f3w i urz\u0105dze\u0144, po\u0142o\u017conych na dzia\u0142ce nr 199\/35 obr. Siad\u0142o Dolne w zwi\u0105zku z wnioskiem o zmian\u0119 decyzji ostatecznych wydanych dla obiekt\u00f3w ma\u0142ej architektury, po\u0142o\u017conych na dzia\u0142ce nr 199\/35 obr. Siad\u0142o Dolne, gdy\u017c przemawia za tym interes spo\u0142eczny. Wniosek zosta\u0142 uzupe\u0142niony w dniu 24.09.2025r. Organ nadzoru budowlanego w Policach w celu rozpatrzenia niniejszego wniosku, oraz ze wzgl\u0119du na znaczny up\u0142yw czasu od dnia wydania decyzji o rozbi\u00f3rce zobowi\u0105zany jest przeprowadzi\u0107 czynno\u015bci kontrolne. Termin kontroli zosta\u0142 wyznaczony na dzie\u0144 28.10.2025r.<\/p><p><strong>Niniejsze obwieszczenie zamieszcza si\u0119 <u>na okres 14 dni<\/u> tj.: od dnia 02.10.2025 r., do dnia 16.10.2025 r.<\/strong><\/p><\/div>\t\t\t\t\t\t\t\t<\/div>\n\t\t\t\t<\/div>\n\t\t\t\t<div class=\"elementor-element elementor-element-2f6cedb elementor-widget elementor-widget-spacer\" data-id=\"2f6cedb\" data-element_type=\"widget\" data-e-type=\"widget\" data-widget_type=\"spacer.default\">\n\t\t\t\t<div class=\"elementor-widget-container\">\n\t\t\t\t\t\t\t<div class=\"elementor-spacer\">\n\t\t\t<div class=\"elementor-spacer-inner\"><\/div>\n\t\t<\/div>\n\t\t\t\t\t\t<\/div>\n\t\t\t\t<\/div>\n\t\t<div class=\"elementor-element elementor-element-3091f89 e-con-full e-flex e-con e-child\" data-id=\"3091f89\" data-element_type=\"container\" data-e-type=\"container\">\n\t\t<div class=\"elementor-element elementor-element-04d9982 e-con-full e-flex e-con e-child\" data-id=\"04d9982\" data-element_type=\"container\" data-e-type=\"container\">\n\t\t\t\t<div class=\"elementor-element elementor-element-db592a7 elementor-widget elementor-widget-text-editor\" data-id=\"db592a7\" data-element_type=\"widget\" data-e-type=\"widget\" data-widget_type=\"text-editor.default\">\n\t\t\t\t<div class=\"elementor-widget-container\">\n\t\t\t\t\t\t\t\t\t<p align=\"center\">Powiatowy Inspektor<br \/>Nadzoru Budowlanego w Policach<br \/>BEATA KO\u0141ODZIEJSKA<\/p>\t\t\t\t\t\t\t\t<\/div>\n\t\t\t\t<\/div>\n\t\t\t\t<\/div>\n\t\t\t\t<\/div>\n\t\t\t\t<\/div>\n\t\t\t\t\t<\/div>\n\t\t\t\t<\/div>\n\t\t<div class=\"elementor-element elementor-element-912c996 e-flex e-con-boxed e-con e-parent\" data-id=\"912c996\" data-element_type=\"container\" data-e-type=\"container\">\n\t\t\t\t\t<div class=\"e-con-inner\">\n\t\t\t\t\t<\/div>\n\t\t\t\t<\/div>\n\t\t\t\t<\/div>\n\t\t","protected":false},"excerpt":{"rendered":"<p>OBWIESZCZENIA dla post\u0119powa\u0144 z udzia\u0142em wi\u0119cej ni\u017c 20 stron PINB.5160.29.2021.BK PINB.5160.44.2021.BK PINB.5160.38.2022.BK PINB.5160.39.2022.BK PINB.5160.40.2022.BK PINB.5160.41.2022.BK PINB.5160.42.2022.BK PINB.5160.20.2023.BK. &#8211; z dnia 2 pa\u017adziernika 2025 r. OBWIESZCZENIE Police, dnia 2 pa\u017adziernika 2025 r. PINB.5160.29.2021.BKPINB.5160.44.2021.BKPINB.5160.38.2022.BKPINB.5160.39.2022.BKPINB.5160.40.2022.BKPINB.5160.41.2022.BKPINB.5160.42.2022.BKPINB.5160.20.2023.BK O B W I E S Z C Z E N I E Powiatowego Inspektora Nadzoru Budowlanego w Policach z dnia 2 pa\u017adziernika&#8230;<\/p>\n","protected":false},"author":1,"featured_media":0,"parent":0,"menu_order":0,"comment_status":"closed","ping_status":"closed","template":"","meta":{"_kadence_starter_templates_imported_post":true,"_kad_post_transparent":"","_kad_post_title":"hide","_kad_post_layout":"fullwidth","_kad_post_sidebar_id":"","_kad_post_content_style":"unboxed","_kad_post_vertical_padding":"hide","_kad_post_feature":"hide","_kad_post_feature_position":"","_kad_post_header":false,"_kad_post_footer":false,"_kad_post_classname":"","footnotes":""},"class_list":["post-3021","page","type-page","status-publish","hentry"],"_links":{"self":[{"href":"https:\/\/www.pinbpolice.pl\/BIP\/wp-json\/wp\/v2\/pages\/3021","targetHints":{"allow":["GET"]}}],"collection":[{"href":"https:\/\/www.pinbpolice.pl\/BIP\/wp-json\/wp\/v2\/pages"}],"about":[{"href":"https:\/\/www.pinbpolice.pl\/BIP\/wp-json\/wp\/v2\/types\/page"}],"author":[{"embeddable":true,"href":"https:\/\/www.pinbpolice.pl\/BIP\/wp-json\/wp\/v2\/users\/1"}],"replies":[{"embeddable":true,"href":"https:\/\/www.pinbpolice.pl\/BIP\/wp-json\/wp\/v2\/comments?post=3021"}],"version-history":[{"count":29,"href":"https:\/\/www.pinbpolice.pl\/BIP\/wp-json\/wp\/v2\/pages\/3021\/revisions"}],"predecessor-version":[{"id":3464,"href":"https:\/\/www.pinbpolice.pl\/BIP\/wp-json\/wp\/v2\/pages\/3021\/revisions\/3464"}],"wp:attachment":[{"href":"https:\/\/www.pinbpolice.pl\/BIP\/wp-json\/wp\/v2\/media?parent=3021"}],"curies":[{"name":"wp","href":"https:\/\/api.w.org\/{rel}","templated":true}]}}