{"id":3250,"date":"2025-12-01T11:27:17","date_gmt":"2025-12-01T10:27:17","guid":{"rendered":"https:\/\/www.pinbpolice.pl\/BIP\/?page_id=3250"},"modified":"2025-12-01T12:10:14","modified_gmt":"2025-12-01T11:10:14","slug":"kontakt","status":"publish","type":"page","link":"https:\/\/www.pinbpolice.pl\/BIP\/kontakt\/","title":{"rendered":"KONTAKT"},"content":{"rendered":"\t\t<div data-elementor-type=\"wp-page\" data-elementor-id=\"3250\" class=\"elementor elementor-3250\">\n\t\t\t\t<div class=\"elementor-element elementor-element-e48b291 e-flex e-con-boxed e-con e-parent\" data-id=\"e48b291\" data-element_type=\"container\" data-e-type=\"container\">\n\t\t\t\t\t<div class=\"e-con-inner\">\n\t\t\t\t<div class=\"elementor-element elementor-element-c640eed elementor-widget elementor-widget-image\" data-id=\"c640eed\" data-element_type=\"widget\" data-e-type=\"widget\" data-widget_type=\"image.default\">\n\t\t\t\t<div class=\"elementor-widget-container\">\n\t\t\t\t\t\t\t\t\t\t\t\t\t\t\t<img fetchpriority=\"high\" decoding=\"async\" width=\"1536\" height=\"308\" src=\"https:\/\/www.pinbpolice.pl\/BIP\/wp-content\/uploads\/2023\/12\/baner-BIP-Police-1536x308.png\" class=\"attachment-1536x1536 size-1536x1536 wp-image-1151\" alt=\"\" srcset=\"https:\/\/www.pinbpolice.pl\/BIP\/wp-content\/uploads\/2023\/12\/baner-BIP-Police-1536x308.png 1536w, https:\/\/www.pinbpolice.pl\/BIP\/wp-content\/uploads\/2023\/12\/baner-BIP-Police-700x141.png 700w, https:\/\/www.pinbpolice.pl\/BIP\/wp-content\/uploads\/2023\/12\/baner-BIP-Police-300x60.png 300w, https:\/\/www.pinbpolice.pl\/BIP\/wp-content\/uploads\/2023\/12\/baner-BIP-Police-1024x206.png 1024w, https:\/\/www.pinbpolice.pl\/BIP\/wp-content\/uploads\/2023\/12\/baner-BIP-Police-768x154.png 768w, https:\/\/www.pinbpolice.pl\/BIP\/wp-content\/uploads\/2023\/12\/baner-BIP-Police-2048x411.png 2048w\" sizes=\"(max-width: 1536px) 100vw, 1536px\" \/>\t\t\t\t\t\t\t\t\t\t\t\t\t\t\t<\/div>\n\t\t\t\t<\/div>\n\t\t\t\t\t<\/div>\n\t\t\t\t<\/div>\n\t\t<div class=\"elementor-element elementor-element-46ef670 e-flex e-con-boxed e-con e-parent\" data-id=\"46ef670\" data-element_type=\"container\" data-e-type=\"container\">\n\t\t\t\t\t<div class=\"e-con-inner\">\n\t\t\t\t<div class=\"elementor-element elementor-element-a6dcb57 elementor-widget elementor-widget-spacer\" data-id=\"a6dcb57\" data-element_type=\"widget\" data-e-type=\"widget\" data-widget_type=\"spacer.default\">\n\t\t\t\t<div class=\"elementor-widget-container\">\n\t\t\t\t\t\t\t<div class=\"elementor-spacer\">\n\t\t\t<div class=\"elementor-spacer-inner\"><\/div>\n\t\t<\/div>\n\t\t\t\t\t\t<\/div>\n\t\t\t\t<\/div>\n\t\t\t\t\t<\/div>\n\t\t\t\t<\/div>\n\t\t<div class=\"elementor-element elementor-element-50dbaf9 e-flex e-con-boxed e-con e-parent\" data-id=\"50dbaf9\" data-element_type=\"container\" data-e-type=\"container\">\n\t\t\t\t\t<div class=\"e-con-inner\">\n\t\t\t\t<div class=\"elementor-element elementor-element-fbc24cb elementor-widget elementor-widget-heading\" data-id=\"fbc24cb\" data-element_type=\"widget\" data-e-type=\"widget\" data-widget_type=\"heading.default\">\n\t\t\t\t<div class=\"elementor-widget-container\">\n\t\t\t\t\t<h2 class=\"elementor-heading-title elementor-size-default\">Adres:<\/h2>\t\t\t\t<\/div>\n\t\t\t\t<\/div>\n\t\t\t\t\t<\/div>\n\t\t\t\t<\/div>\n\t\t<div class=\"elementor-element elementor-element-f2ea9ff e-flex e-con-boxed e-con e-parent\" data-id=\"f2ea9ff\" data-element_type=\"container\" data-e-type=\"container\">\n\t\t\t\t\t<div class=\"e-con-inner\">\n\t\t\t\t<div class=\"elementor-element elementor-element-2cf9c57 elementor-widget elementor-widget-text-editor\" data-id=\"2cf9c57\" data-element_type=\"widget\" data-e-type=\"widget\" data-widget_type=\"text-editor.default\">\n\t\t\t\t<div class=\"elementor-widget-container\">\n\t\t\t\t\t\t\t\t\t<ul class=\"wp-block-list\"><li>ul. Tanowska 8, 72-010 Police<\/li><li>telefon:\u00a091 31780 25<\/li><li>e-mail:\u00a0<a href=\"mailto:pinb@pinbpolice.pl\">pinb@pinbpolice.pl<\/a>\u00a0<\/li><li>strona internetowa:\u00a0<a href=\"https:\/\/www.pinbpolice.pl\/\">www.pinbpolice.pl<\/a>\u00a0<\/li><li>adres EPUAP :\/PINBwPolicach\/SkrytkaESP<\/li><li>eDor\u0119czenia :\u00a0<strong>AE:PL-60004-19220-VSGTE-27<\/strong><\/li><li>REGON: 811865867<\/li><li>NIP: 8512596218<\/li><\/ul>\t\t\t\t\t\t\t\t<\/div>\n\t\t\t\t<\/div>\n\t\t\t\t\t<\/div>\n\t\t\t\t<\/div>\n\t\t<div class=\"elementor-element elementor-element-03c9f49 e-flex e-con-boxed e-con e-parent\" data-id=\"03c9f49\" data-element_type=\"container\" data-e-type=\"container\">\n\t\t\t\t\t<div class=\"e-con-inner\">\n\t\t\t\t<div class=\"elementor-element elementor-element-3d86865 elementor-widget elementor-widget-heading\" data-id=\"3d86865\" data-element_type=\"widget\" data-e-type=\"widget\" data-widget_type=\"heading.default\">\n\t\t\t\t<div class=\"elementor-widget-container\">\n\t\t\t\t\t<h2 class=\"elementor-heading-title elementor-size-default\">Godziny przyj\u0119\u0107 interesant\u00f3w:<\/h2>\t\t\t\t<\/div>\n\t\t\t\t<\/div>\n\t\t\t\t\t<\/div>\n\t\t\t\t<\/div>\n\t\t<div class=\"elementor-element elementor-element-03b50e3 e-flex e-con-boxed e-con e-parent\" data-id=\"03b50e3\" data-element_type=\"container\" data-e-type=\"container\">\n\t\t\t\t\t<div class=\"e-con-inner\">\n\t\t\t\t<div class=\"elementor-element elementor-element-aa31cac elementor-widget elementor-widget-text-editor\" data-id=\"aa31cac\" data-element_type=\"widget\" data-e-type=\"widget\" data-widget_type=\"text-editor.default\">\n\t\t\t\t<div class=\"elementor-widget-container\">\n\t\t\t\t\t\t\t\t\t<ul class=\"wp-block-list\"><li>Poniedzia\u0142ek\u00a0od 7:30 do 16:00<\/li><li>Wtorek \u2013 pi\u0105tek\u00a0od 7:30 do 10:00<\/li><\/ul><p><strong>Powiatowy Inspektor Nadzoru Budowlanego w Policach przyjmuje w godzinach przyj\u0119\u0107 interesant\u00f3w.\u00a0<\/strong><\/p><p><strong>UWAGA:<\/strong><\/p><p>Zgodnie z Rozporz\u0105dzeniem Rady Ministr\u00f3w z dnia 8 stycznia 2002 r. w sprawie przyjmowania i rozpatrywania skargi wniosk\u00f3w (Dz.U. nr 5 poz. 46) informujemy, \u017ce:\u00a0<strong>SKARGI I WNIOSKI NIE ZAWIERAJ\u0104CE IMIENIA I NAZWISKA (nazwy) \u00a0 ORAZ ADRESU WNOSZ\u0104CEGO POZOSTAWIA SI\u0118 BEZ ROZPOZNANIA.<\/strong><\/p>\t\t\t\t\t\t\t\t<\/div>\n\t\t\t\t<\/div>\n\t\t\t\t\t<\/div>\n\t\t\t\t<\/div>\n\t\t\t\t<\/div>\n\t\t","protected":false},"excerpt":{"rendered":"<p>Adres: ul. Tanowska 8, 72-010 Police telefon:\u00a091 31780 25 e-mail:\u00a0pinb@pinbpolice.pl\u00a0 strona internetowa:\u00a0www.pinbpolice.pl\u00a0 adres EPUAP :\/PINBwPolicach\/SkrytkaESP eDor\u0119czenia :\u00a0AE:PL-60004-19220-VSGTE-27 REGON: 811865867 NIP: 8512596218 Godziny przyj\u0119\u0107 interesant\u00f3w: Poniedzia\u0142ek\u00a0od 7:30 do 16:00 Wtorek \u2013 pi\u0105tek\u00a0od 7:30 do 10:00 Powiatowy Inspektor Nadzoru Budowlanego w Policach przyjmuje w godzinach przyj\u0119\u0107 interesant\u00f3w.\u00a0 UWAGA: Zgodnie z Rozporz\u0105dzeniem Rady Ministr\u00f3w z dnia 8 stycznia&#8230;<\/p>\n","protected":false},"author":1,"featured_media":1151,"parent":0,"menu_order":0,"comment_status":"closed","ping_status":"closed","template":"","meta":{"_kadence_starter_templates_imported_post":false,"_kad_post_transparent":"","_kad_post_title":"hide","_kad_post_layout":"fullwidth","_kad_post_sidebar_id":"","_kad_post_content_style":"unboxed","_kad_post_vertical_padding":"hide","_kad_post_feature":"hide","_kad_post_feature_position":"","_kad_post_header":false,"_kad_post_footer":false,"_kad_post_classname":"","footnotes":""},"class_list":["post-3250","page","type-page","status-publish","has-post-thumbnail","hentry"],"_links":{"self":[{"href":"https:\/\/www.pinbpolice.pl\/BIP\/wp-json\/wp\/v2\/pages\/3250","targetHints":{"allow":["GET"]}}],"collection":[{"href":"https:\/\/www.pinbpolice.pl\/BIP\/wp-json\/wp\/v2\/pages"}],"about":[{"href":"https:\/\/www.pinbpolice.pl\/BIP\/wp-json\/wp\/v2\/types\/page"}],"author":[{"embeddable":true,"href":"https:\/\/www.pinbpolice.pl\/BIP\/wp-json\/wp\/v2\/users\/1"}],"replies":[{"embeddable":true,"href":"https:\/\/www.pinbpolice.pl\/BIP\/wp-json\/wp\/v2\/comments?post=3250"}],"version-history":[{"count":73,"href":"https:\/\/www.pinbpolice.pl\/BIP\/wp-json\/wp\/v2\/pages\/3250\/revisions"}],"predecessor-version":[{"id":3358,"href":"https:\/\/www.pinbpolice.pl\/BIP\/wp-json\/wp\/v2\/pages\/3250\/revisions\/3358"}],"wp:featuredmedia":[{"embeddable":true,"href":"https:\/\/www.pinbpolice.pl\/BIP\/wp-json\/wp\/v2\/media\/1151"}],"wp:attachment":[{"href":"https:\/\/www.pinbpolice.pl\/BIP\/wp-json\/wp\/v2\/media?parent=3250"}],"curies":[{"name":"wp","href":"https:\/\/api.w.org\/{rel}","templated":true}]}}